{"id":847,"date":"2024-10-02T12:07:45","date_gmt":"2024-10-02T12:07:45","guid":{"rendered":"https:\/\/materialplastik.hu\/wordpress\/?page_id=847"},"modified":"2024-11-19T14:32:22","modified_gmt":"2024-11-19T14:32:22","slug":"galeria","status":"publish","type":"page","link":"https:\/\/materialplastik.hu\/wordpress\/galeria\/","title":{"rendered":"Gal\u00e9ria"},"content":{"rendered":"\t\t<div data-elementor-type=\"wp-page\" data-elementor-id=\"847\" class=\"elementor elementor-847\">\n\t\t\t\t<div class=\"elementor-element elementor-element-abecc83 e-flex e-con-boxed e-con e-parent\" data-id=\"abecc83\" data-element_type=\"container\">\n\t\t\t\t\t<div class=\"e-con-inner\">\n\t\t\t\t<div class=\"elementor-element elementor-element-8e4b91d elementor-widget elementor-widget-spacer\" data-id=\"8e4b91d\" data-element_type=\"widget\" data-widget_type=\"spacer.default\">\n\t\t\t\t<div class=\"elementor-widget-container\">\n\t\t\t\t\t\t\t<div class=\"elementor-spacer\">\n\t\t\t<div class=\"elementor-spacer-inner\"><\/div>\n\t\t<\/div>\n\t\t\t\t\t\t<\/div>\n\t\t\t\t<\/div>\n\t\t\t\t\t<\/div>\n\t\t\t\t<\/div>\n\t\t<div class=\"elementor-element elementor-element-376cad1 e-flex e-con-boxed e-con e-parent\" data-id=\"376cad1\" data-element_type=\"container\">\n\t\t\t\t\t<div class=\"e-con-inner\">\n\t\t\t\t<div class=\"elementor-element elementor-element-eb4f27d elementor-widget elementor-widget-video\" data-id=\"eb4f27d\" data-element_type=\"widget\" data-settings=\"{&quot;video_type&quot;:&quot;hosted&quot;,&quot;autoplay&quot;:&quot;yes&quot;,&quot;controls&quot;:&quot;yes&quot;}\" data-widget_type=\"video.default\">\n\t\t\t\t<div class=\"elementor-widget-container\">\n\t\t\t\t\t\t\t<div class=\"e-hosted-video elementor-wrapper elementor-open-inline\">\n\t\t\t\t\t<video class=\"elementor-video\" src=\"https:\/\/materialplastik.hu\/wordpress\/wp-content\/uploads\/2024\/11\/MP-trailer-2020-1920.webm\" autoplay=\"\" controls=\"\" controlsList=\"nodownload\"><\/video>\n\t\t\t\t<\/div>\n\t\t\t\t\t\t<\/div>\n\t\t\t\t<\/div>\n\t\t\t\t\t<\/div>\n\t\t\t\t<\/div>\n\t\t<div class=\"elementor-element elementor-element-4d22986 e-flex e-con-boxed e-con e-parent\" data-id=\"4d22986\" data-element_type=\"container\">\n\t\t\t\t\t<div class=\"e-con-inner\">\n\t\t<div class=\"elementor-element elementor-element-df1a939 e-con-full e-flex e-con e-child\" data-id=\"df1a939\" data-element_type=\"container\">\n\t\t\t\t<div class=\"elementor-element elementor-element-82209f3 elementor-widget elementor-widget-image-gallery\" data-id=\"82209f3\" data-element_type=\"widget\" data-widget_type=\"image-gallery.default\">\n\t\t\t\t<div class=\"elementor-widget-container\">\n\t\t\t\t\t\t\t<div class=\"elementor-image-gallery\">\n\t\t\t\n\t\t<style type=\"text\/css\">\n\t\t\t#gallery-1 {\n\t\t\t\tmargin: auto;\n\t\t\t}\n\t\t\t#gallery-1 .gallery-item {\n\t\t\t\tfloat: left;\n\t\t\t\tmargin-top: 10px;\n\t\t\t\ttext-align: center;\n\t\t\t\twidth: 25%;\n\t\t\t}\n\t\t\t#gallery-1 img {\n\t\t\t\tborder: 2px solid #cfcfcf;\n\t\t\t}\n\t\t\t#gallery-1 .gallery-caption {\n\t\t\t\tmargin-left: 0;\n\t\t\t}\n\t\t\t\/* see gallery_shortcode() in wp-includes\/media.php *\/\n\t\t<\/style>\n\t\t<div id='gallery-1' class='gallery galleryid-847 gallery-columns-4 gallery-size-thumbnail'><dl class='gallery-item'>\n\t\t\t<dt class='gallery-icon landscape'>\n\t\t\t\t<a data-elementor-open-lightbox=\"yes\" data-elementor-lightbox-slideshow=\"82209f3\" data-elementor-lightbox-title=\"IMG_8546\" data-e-action-hash=\"#elementor-action%3Aaction%3Dlightbox%26settings%3DeyJpZCI6MTc2MSwidXJsIjoiaHR0cHM6XC9cL21hdGVyaWFscGxhc3Rpay5odVwvd29yZHByZXNzXC93cC1jb250ZW50XC91cGxvYWRzXC8yMDI0XC8xMVwvSU1HXzg1NDYuanBnIiwic2xpZGVzaG93IjoiODIyMDlmMyJ9\" href='https:\/\/materialplastik.hu\/wordpress\/wp-content\/uploads\/2024\/11\/IMG_8546.jpg'><img decoding=\"async\" width=\"150\" height=\"150\" src=\"https:\/\/materialplastik.hu\/wordpress\/wp-content\/uploads\/2024\/11\/IMG_8546-150x150.jpg\" class=\"attachment-thumbnail size-thumbnail\" alt=\"\" aria-describedby=\"gallery-1-1761\" \/><\/a>\n\t\t\t<\/dt>\n\t\t\t\t<dd class='wp-caption-text gallery-caption' id='gallery-1-1761'>\n\t\t\t\tF\u0151\u00e9p\u00fclet\n\t\t\t\t<\/dd><\/dl><dl class='gallery-item'>\n\t\t\t<dt class='gallery-icon landscape'>\n\t\t\t\t<a data-elementor-open-lightbox=\"yes\" data-elementor-lightbox-slideshow=\"82209f3\" data-elementor-lightbox-title=\"DSC_0680\" data-e-action-hash=\"#elementor-action%3Aaction%3Dlightbox%26settings%3DeyJpZCI6ODYwLCJ1cmwiOiJodHRwczpcL1wvbWF0ZXJpYWxwbGFzdGlrLmh1XC93b3JkcHJlc3NcL3dwLWNvbnRlbnRcL3VwbG9hZHNcLzIwMjRcLzEwXC9EU0NfMDY4MC1zY2FsZWQtZTE3Mjc4NzEzMjgyNTkuanBnIiwic2xpZGVzaG93IjoiODIyMDlmMyJ9\" href='https:\/\/materialplastik.hu\/wordpress\/wp-content\/uploads\/2024\/10\/DSC_0680-scaled-e1727871328259.jpg'><img decoding=\"async\" width=\"150\" height=\"150\" src=\"https:\/\/materialplastik.hu\/wordpress\/wp-content\/uploads\/2024\/10\/DSC_0680-scaled-e1727871328259-150x150.jpg\" class=\"attachment-thumbnail size-thumbnail\" alt=\"\" aria-describedby=\"gallery-1-860\" \/><\/a>\n\t\t\t<\/dt>\n\t\t\t\t<dd class='wp-caption-text gallery-caption' id='gallery-1-860'>\n\t\t\t\tAlapk\u0151 let\u00e9tel\n\t\t\t\t<\/dd><\/dl><dl class='gallery-item'>\n\t\t\t<dt class='gallery-icon landscape'>\n\t\t\t\t<a data-elementor-open-lightbox=\"yes\" data-elementor-lightbox-slideshow=\"82209f3\" data-elementor-lightbox-title=\"201803_1\" data-e-action-hash=\"#elementor-action%3Aaction%3Dlightbox%26settings%3DeyJpZCI6MTc2NCwidXJsIjoiaHR0cHM6XC9cL21hdGVyaWFscGxhc3Rpay5odVwvd29yZHByZXNzXC93cC1jb250ZW50XC91cGxvYWRzXC8yMDI0XC8xMVwvMjAxODAzXzEuanBnIiwic2xpZGVzaG93IjoiODIyMDlmMyJ9\" href='https:\/\/materialplastik.hu\/wordpress\/wp-content\/uploads\/2024\/11\/201803_1.jpg'><img decoding=\"async\" width=\"150\" height=\"150\" src=\"https:\/\/materialplastik.hu\/wordpress\/wp-content\/uploads\/2024\/11\/201803_1-150x150.jpg\" class=\"attachment-thumbnail size-thumbnail\" alt=\"\" aria-describedby=\"gallery-1-1764\" \/><\/a>\n\t\t\t<\/dt>\n\t\t\t\t<dd class='wp-caption-text gallery-caption' id='gallery-1-1764'>\n\t\t\t\t\u00c9p\u00edtkez\u00e9s\n\t\t\t\t<\/dd><\/dl><dl class='gallery-item'>\n\t\t\t<dt class='gallery-icon landscape'>\n\t\t\t\t<a data-elementor-open-lightbox=\"yes\" data-elementor-lightbox-slideshow=\"82209f3\" data-elementor-lightbox-title=\"IMG_8545\" data-e-action-hash=\"#elementor-action%3Aaction%3Dlightbox%26settings%3DeyJpZCI6MTc1OCwidXJsIjoiaHR0cHM6XC9cL21hdGVyaWFscGxhc3Rpay5odVwvd29yZHByZXNzXC93cC1jb250ZW50XC91cGxvYWRzXC8yMDI0XC8xMVwvSU1HXzg1NDUuanBnIiwic2xpZGVzaG93IjoiODIyMDlmMyJ9\" href='https:\/\/materialplastik.hu\/wordpress\/wp-content\/uploads\/2024\/11\/IMG_8545.jpg'><img loading=\"lazy\" decoding=\"async\" width=\"150\" height=\"150\" src=\"https:\/\/materialplastik.hu\/wordpress\/wp-content\/uploads\/2024\/11\/IMG_8545-150x150.jpg\" class=\"attachment-thumbnail size-thumbnail\" alt=\"\" aria-describedby=\"gallery-1-1758\" \/><\/a>\n\t\t\t<\/dt>\n\t\t\t\t<dd class='wp-caption-text gallery-caption' id='gallery-1-1758'>\n\t\t\t\tNapelemek\n\t\t\t\t<\/dd><\/dl><br style=\"clear: both\" \/><dl class='gallery-item'>\n\t\t\t<dt class='gallery-icon landscape'>\n\t\t\t\t<a data-elementor-open-lightbox=\"yes\" data-elementor-lightbox-slideshow=\"82209f3\" data-elementor-lightbox-title=\"IMG_8544\" data-e-action-hash=\"#elementor-action%3Aaction%3Dlightbox%26settings%3DeyJpZCI6MTc2MiwidXJsIjoiaHR0cHM6XC9cL21hdGVyaWFscGxhc3Rpay5odVwvd29yZHByZXNzXC93cC1jb250ZW50XC91cGxvYWRzXC8yMDI0XC8xMVwvSU1HXzg1NDQuanBnIiwic2xpZGVzaG93IjoiODIyMDlmMyJ9\" href='https:\/\/materialplastik.hu\/wordpress\/wp-content\/uploads\/2024\/11\/IMG_8544.jpg'><img loading=\"lazy\" decoding=\"async\" width=\"150\" height=\"150\" src=\"https:\/\/materialplastik.hu\/wordpress\/wp-content\/uploads\/2024\/11\/IMG_8544-150x150.jpg\" class=\"attachment-thumbnail size-thumbnail\" alt=\"\" \/><\/a>\n\t\t\t<\/dt><\/dl><dl class='gallery-item'>\n\t\t\t<dt class='gallery-icon landscape'>\n\t\t\t\t<a data-elementor-open-lightbox=\"yes\" data-elementor-lightbox-slideshow=\"82209f3\" data-elementor-lightbox-title=\"IMG_8542\" data-e-action-hash=\"#elementor-action%3Aaction%3Dlightbox%26settings%3DeyJpZCI6MTc2MywidXJsIjoiaHR0cHM6XC9cL21hdGVyaWFscGxhc3Rpay5odVwvd29yZHByZXNzXC93cC1jb250ZW50XC91cGxvYWRzXC8yMDI0XC8xMVwvSU1HXzg1NDIuanBnIiwic2xpZGVzaG93IjoiODIyMDlmMyJ9\" href='https:\/\/materialplastik.hu\/wordpress\/wp-content\/uploads\/2024\/11\/IMG_8542.jpg'><img loading=\"lazy\" decoding=\"async\" width=\"150\" height=\"150\" src=\"https:\/\/materialplastik.hu\/wordpress\/wp-content\/uploads\/2024\/11\/IMG_8542-150x150.jpg\" class=\"attachment-thumbnail size-thumbnail\" alt=\"\" \/><\/a>\n\t\t\t<\/dt><\/dl><dl class='gallery-item'>\n\t\t\t<dt class='gallery-icon landscape'>\n\t\t\t\t<a data-elementor-open-lightbox=\"yes\" data-elementor-lightbox-slideshow=\"82209f3\" data-elementor-lightbox-title=\"default\" data-e-action-hash=\"#elementor-action%3Aaction%3Dlightbox%26settings%3DeyJpZCI6ODQ5LCJ1cmwiOiJodHRwczpcL1wvbWF0ZXJpYWxwbGFzdGlrLmh1XC93b3JkcHJlc3NcL3dwLWNvbnRlbnRcL3VwbG9hZHNcLzIwMjRcLzEwXC9ESklfMDA4OS1zY2FsZWQuanBnIiwic2xpZGVzaG93IjoiODIyMDlmMyJ9\" href='https:\/\/materialplastik.hu\/wordpress\/wp-content\/uploads\/2024\/10\/DJI_0089-scaled.jpg'><img loading=\"lazy\" decoding=\"async\" width=\"150\" height=\"150\" src=\"https:\/\/materialplastik.hu\/wordpress\/wp-content\/uploads\/2024\/10\/DJI_0089-150x150.jpg\" class=\"attachment-thumbnail size-thumbnail\" alt=\"\" aria-describedby=\"gallery-1-849\" \/><\/a>\n\t\t\t<\/dt>\n\t\t\t\t<dd class='wp-caption-text gallery-caption' id='gallery-1-849'>\n\t\t\t\tNapelem\n\t\t\t\t<\/dd><\/dl><dl class='gallery-item'>\n\t\t\t<dt class='gallery-icon landscape'>\n\t\t\t\t<a data-elementor-open-lightbox=\"yes\" data-elementor-lightbox-slideshow=\"82209f3\" data-elementor-lightbox-title=\"Napelem\" data-e-action-hash=\"#elementor-action%3Aaction%3Dlightbox%26settings%3DeyJpZCI6ODQ4LCJ1cmwiOiJodHRwczpcL1wvbWF0ZXJpYWxwbGFzdGlrLmh1XC93b3JkcHJlc3NcL3dwLWNvbnRlbnRcL3VwbG9hZHNcLzIwMjRcLzEwXC9ESklfMDA4Ny1zY2FsZWQuanBnIiwic2xpZGVzaG93IjoiODIyMDlmMyJ9\" href='https:\/\/materialplastik.hu\/wordpress\/wp-content\/uploads\/2024\/10\/DJI_0087-scaled.jpg'><img loading=\"lazy\" decoding=\"async\" width=\"150\" height=\"150\" src=\"https:\/\/materialplastik.hu\/wordpress\/wp-content\/uploads\/2024\/10\/DJI_0087-150x150.jpg\" class=\"attachment-thumbnail size-thumbnail\" alt=\"\" aria-describedby=\"gallery-1-848\" \/><\/a>\n\t\t\t<\/dt>\n\t\t\t\t<dd class='wp-caption-text gallery-caption' id='gallery-1-848'>\n\t\t\t\tNapelem\n\t\t\t\t<\/dd><\/dl><br style=\"clear: both\" \/>\n\t\t<\/div>\n\t\t<\/div>\n\t\t\t\t\t\t<\/div>\n\t\t\t\t<\/div>\n\t\t\t\t<\/div>\n\t\t<div class=\"elementor-element elementor-element-6b5d29f e-con-full e-flex e-con e-child\" data-id=\"6b5d29f\" data-element_type=\"container\">\n\t\t\t\t<div class=\"elementor-element elementor-element-5552883 gallery-spacing-custom elementor-widget elementor-widget-image-gallery\" data-id=\"5552883\" data-element_type=\"widget\" data-widget_type=\"image-gallery.default\">\n\t\t\t\t<div class=\"elementor-widget-container\">\n\t\t\t\t\t\t\t<div class=\"elementor-image-gallery\">\n\t\t\t\n\t\t<style type=\"text\/css\">\n\t\t\t#gallery-2 {\n\t\t\t\tmargin: auto;\n\t\t\t}\n\t\t\t#gallery-2 .gallery-item {\n\t\t\t\tfloat: left;\n\t\t\t\tmargin-top: 10px;\n\t\t\t\ttext-align: center;\n\t\t\t\twidth: 100%;\n\t\t\t}\n\t\t\t#gallery-2 img {\n\t\t\t\tborder: 2px solid #cfcfcf;\n\t\t\t}\n\t\t\t#gallery-2 .gallery-caption {\n\t\t\t\tmargin-left: 0;\n\t\t\t}\n\t\t\t\/* see gallery_shortcode() in wp-includes\/media.php *\/\n\t\t<\/style>\n\t\t<div id='gallery-2' class='gallery galleryid-847 gallery-columns-1 gallery-size-hestia-blog'><dl class='gallery-item'>\n\t\t\t<dt class='gallery-icon landscape'>\n\t\t\t\t<a data-elementor-open-lightbox=\"yes\" data-elementor-lightbox-slideshow=\"5552883\" data-elementor-lightbox-title=\"Material-1\" data-e-action-hash=\"#elementor-action%3Aaction%3Dlightbox%26settings%3DeyJpZCI6MTg0LCJ1cmwiOiJodHRwczpcL1wvbWF0ZXJpYWxwbGFzdGlrLmh1XC93b3JkcHJlc3NcL3dwLWNvbnRlbnRcL3VwbG9hZHNcLzIwMjRcLzA3XC9NYXRlcmlhbC0xLmpwZyIsInNsaWRlc2hvdyI6IjU1NTI4ODMifQ%3D%3D\" href='https:\/\/materialplastik.hu\/wordpress\/wp-content\/uploads\/2024\/07\/Material-1.jpg'><img loading=\"lazy\" decoding=\"async\" width=\"360\" height=\"240\" src=\"https:\/\/materialplastik.hu\/wordpress\/wp-content\/uploads\/2024\/07\/Material-1-360x240.jpg\" class=\"attachment-hestia-blog size-hestia-blog\" alt=\"\" \/><\/a>\n\t\t\t<\/dt><\/dl><br style=\"clear: both\" \/>\n\t\t<\/div>\n\t\t<\/div>\n\t\t\t\t\t\t<\/div>\n\t\t\t\t<\/div>\n\t\t\t\t<\/div>\n\t\t\t\t\t<\/div>\n\t\t\t\t<\/div>\n\t\t<div class=\"elementor-element elementor-element-904a205 e-flex e-con-boxed e-con e-parent\" data-id=\"904a205\" data-element_type=\"container\">\n\t\t\t\t\t<div class=\"e-con-inner\">\n\t\t\t\t<div class=\"elementor-element elementor-element-9ec9e63 elementor-widget-divider--view-line elementor-widget elementor-widget-divider\" data-id=\"9ec9e63\" data-element_type=\"widget\" data-widget_type=\"divider.default\">\n\t\t\t\t<div class=\"elementor-widget-container\">\n\t\t\t\t\t\t\t<div class=\"elementor-divider\">\n\t\t\t<span class=\"elementor-divider-separator\">\n\t\t\t\t\t\t<\/span>\n\t\t<\/div>\n\t\t\t\t\t\t<\/div>\n\t\t\t\t<\/div>\n\t\t\t\t\t<\/div>\n\t\t\t\t<\/div>\n\t\t<div class=\"elementor-element elementor-element-099c1fc e-flex e-con-boxed e-con e-parent\" data-id=\"099c1fc\" data-element_type=\"container\">\n\t\t\t\t\t<div class=\"e-con-inner\">\n\t\t\t\t<div class=\"elementor-element elementor-element-6808ebd elementor-widget elementor-widget-image-gallery\" data-id=\"6808ebd\" data-element_type=\"widget\" data-widget_type=\"image-gallery.default\">\n\t\t\t\t<div class=\"elementor-widget-container\">\n\t\t\t\t\t\t\t<div class=\"elementor-image-gallery\">\n\t\t\t\n\t\t<style type=\"text\/css\">\n\t\t\t#gallery-3 {\n\t\t\t\tmargin: auto;\n\t\t\t}\n\t\t\t#gallery-3 .gallery-item {\n\t\t\t\tfloat: left;\n\t\t\t\tmargin-top: 10px;\n\t\t\t\ttext-align: center;\n\t\t\t\twidth: 14%;\n\t\t\t}\n\t\t\t#gallery-3 img {\n\t\t\t\tborder: 2px solid #cfcfcf;\n\t\t\t}\n\t\t\t#gallery-3 .gallery-caption {\n\t\t\t\tmargin-left: 0;\n\t\t\t}\n\t\t\t\/* see gallery_shortcode() in wp-includes\/media.php *\/\n\t\t<\/style>\n\t\t<div id='gallery-3' class='gallery galleryid-847 gallery-columns-7 gallery-size-thumbnail'><dl class='gallery-item'>\n\t\t\t<dt class='gallery-icon landscape'>\n\t\t\t\t<a data-elementor-open-lightbox=\"yes\" data-elementor-lightbox-slideshow=\"6808ebd\" data-elementor-lightbox-title=\"201705040040\" data-e-action-hash=\"#elementor-action%3Aaction%3Dlightbox%26settings%3DeyJpZCI6MTY5MiwidXJsIjoiaHR0cHM6XC9cL21hdGVyaWFscGxhc3Rpay5odVwvd29yZHByZXNzXC93cC1jb250ZW50XC91cGxvYWRzXC8yMDI0XC8xMFwvMjAxNzA1MDQwMDQwLXNjYWxlZC5qcGciLCJzbGlkZXNob3ciOiI2ODA4ZWJkIn0%3D\" href='https:\/\/materialplastik.hu\/wordpress\/wp-content\/uploads\/2024\/10\/201705040040-scaled.jpg'><img loading=\"lazy\" decoding=\"async\" width=\"150\" height=\"150\" src=\"https:\/\/materialplastik.hu\/wordpress\/wp-content\/uploads\/2024\/10\/201705040040-150x150.jpg\" class=\"attachment-thumbnail size-thumbnail\" alt=\"\" \/><\/a>\n\t\t\t<\/dt><\/dl><dl class='gallery-item'>\n\t\t\t<dt class='gallery-icon landscape'>\n\t\t\t\t<a data-elementor-open-lightbox=\"yes\" data-elementor-lightbox-slideshow=\"6808ebd\" data-elementor-lightbox-title=\"Extruder\" data-e-action-hash=\"#elementor-action%3Aaction%3Dlightbox%26settings%3DeyJpZCI6ODgzLCJ1cmwiOiJodHRwczpcL1wvbWF0ZXJpYWxwbGFzdGlrLmh1XC93b3JkcHJlc3NcL3dwLWNvbnRlbnRcL3VwbG9hZHNcLzIwMjRcLzEwXC8yMDE3MDUwNDAwMzgtc2NhbGVkLmpwZyIsInNsaWRlc2hvdyI6IjY4MDhlYmQifQ%3D%3D\" href='https:\/\/materialplastik.hu\/wordpress\/wp-content\/uploads\/2024\/10\/201705040038-scaled.jpg'><img loading=\"lazy\" decoding=\"async\" width=\"150\" height=\"150\" src=\"https:\/\/materialplastik.hu\/wordpress\/wp-content\/uploads\/2024\/10\/201705040038-150x150.jpg\" class=\"attachment-thumbnail size-thumbnail\" alt=\"\" aria-describedby=\"gallery-3-883\" \/><\/a>\n\t\t\t<\/dt>\n\t\t\t\t<dd class='wp-caption-text gallery-caption' id='gallery-3-883'>\n\t\t\t\tExtruder\n\t\t\t\t<\/dd><\/dl><dl class='gallery-item'>\n\t\t\t<dt class='gallery-icon landscape'>\n\t\t\t\t<a data-elementor-open-lightbox=\"yes\" data-elementor-lightbox-slideshow=\"6808ebd\" data-elementor-lightbox-title=\"Extruder\" data-e-action-hash=\"#elementor-action%3Aaction%3Dlightbox%26settings%3DeyJpZCI6ODc4LCJ1cmwiOiJodHRwczpcL1wvbWF0ZXJpYWxwbGFzdGlrLmh1XC93b3JkcHJlc3NcL3dwLWNvbnRlbnRcL3VwbG9hZHNcLzIwMjRcLzEwXC8yMDE3MDUwNDAwMzhfMi1zY2FsZWQuanBnIiwic2xpZGVzaG93IjoiNjgwOGViZCJ9\" href='https:\/\/materialplastik.hu\/wordpress\/wp-content\/uploads\/2024\/10\/201705040038_2-scaled.jpg'><img loading=\"lazy\" decoding=\"async\" width=\"150\" height=\"150\" src=\"https:\/\/materialplastik.hu\/wordpress\/wp-content\/uploads\/2024\/10\/201705040038_2-150x150.jpg\" class=\"attachment-thumbnail size-thumbnail\" alt=\"\" aria-describedby=\"gallery-3-878\" \/><\/a>\n\t\t\t<\/dt>\n\t\t\t\t<dd class='wp-caption-text gallery-caption' id='gallery-3-878'>\n\t\t\t\tExtruder\n\t\t\t\t<\/dd><\/dl><dl class='gallery-item'>\n\t\t\t<dt class='gallery-icon portrait'>\n\t\t\t\t<a data-elementor-open-lightbox=\"yes\" data-elementor-lightbox-slideshow=\"6808ebd\" data-elementor-lightbox-title=\"Extruder\" data-e-action-hash=\"#elementor-action%3Aaction%3Dlightbox%26settings%3DeyJpZCI6ODgyLCJ1cmwiOiJodHRwczpcL1wvbWF0ZXJpYWxwbGFzdGlrLmh1XC93b3JkcHJlc3NcL3dwLWNvbnRlbnRcL3VwbG9hZHNcLzIwMjRcLzEwXC8yMDE3MDUwNDAwNjYtc2NhbGVkLmpwZyIsInNsaWRlc2hvdyI6IjY4MDhlYmQifQ%3D%3D\" href='https:\/\/materialplastik.hu\/wordpress\/wp-content\/uploads\/2024\/10\/201705040066-scaled.jpg'><img loading=\"lazy\" decoding=\"async\" width=\"150\" height=\"150\" src=\"https:\/\/materialplastik.hu\/wordpress\/wp-content\/uploads\/2024\/10\/201705040066-150x150.jpg\" class=\"attachment-thumbnail size-thumbnail\" alt=\"\" aria-describedby=\"gallery-3-882\" \/><\/a>\n\t\t\t<\/dt>\n\t\t\t\t<dd class='wp-caption-text gallery-caption' id='gallery-3-882'>\n\t\t\t\tExtruder\n\t\t\t\t<\/dd><\/dl><dl class='gallery-item'>\n\t\t\t<dt class='gallery-icon landscape'>\n\t\t\t\t<a data-elementor-open-lightbox=\"yes\" data-elementor-lightbox-slideshow=\"6808ebd\" data-elementor-lightbox-title=\"_D5C1951\" data-e-action-hash=\"#elementor-action%3Aaction%3Dlightbox%26settings%3DeyJpZCI6MjU4LCJ1cmwiOiJodHRwczpcL1wvbWF0ZXJpYWxwbGFzdGlrLmh1XC93b3JkcHJlc3NcL3dwLWNvbnRlbnRcL3VwbG9hZHNcLzIwMjRcLzA3XC9ENUMxOTUxLmpwZyIsInNsaWRlc2hvdyI6IjY4MDhlYmQifQ%3D%3D\" href='https:\/\/materialplastik.hu\/wordpress\/wp-content\/uploads\/2024\/07\/D5C1951.jpg'><img loading=\"lazy\" decoding=\"async\" width=\"150\" height=\"150\" src=\"https:\/\/materialplastik.hu\/wordpress\/wp-content\/uploads\/2024\/07\/D5C1951-150x150.jpg\" class=\"attachment-thumbnail size-thumbnail\" alt=\"\" \/><\/a>\n\t\t\t<\/dt><\/dl><dl class='gallery-item'>\n\t\t\t<dt class='gallery-icon landscape'>\n\t\t\t\t<a data-elementor-open-lightbox=\"yes\" data-elementor-lightbox-slideshow=\"6808ebd\" data-elementor-lightbox-title=\"_D5C2041 (1)\" data-e-action-hash=\"#elementor-action%3Aaction%3Dlightbox%26settings%3DeyJpZCI6MTk1LCJ1cmwiOiJodHRwczpcL1wvbWF0ZXJpYWxwbGFzdGlrLmh1XC93b3JkcHJlc3NcL3dwLWNvbnRlbnRcL3VwbG9hZHNcLzIwMjRcLzA3XC9ENUMyMDQxLTEuanBnIiwic2xpZGVzaG93IjoiNjgwOGViZCJ9\" href='https:\/\/materialplastik.hu\/wordpress\/wp-content\/uploads\/2024\/07\/D5C2041-1.jpg'><img loading=\"lazy\" decoding=\"async\" width=\"150\" height=\"150\" src=\"https:\/\/materialplastik.hu\/wordpress\/wp-content\/uploads\/2024\/07\/D5C2041-1-150x150.jpg\" class=\"attachment-thumbnail size-thumbnail\" alt=\"\" srcset=\"https:\/\/materialplastik.hu\/wordpress\/wp-content\/uploads\/2024\/07\/D5C2041-1-150x150.jpg 150w, https:\/\/materialplastik.hu\/wordpress\/wp-content\/uploads\/2024\/07\/elementor\/thumbs\/D5C2041-1-qqzttg31p8z9z9p0un5se0rgs543q1fe805moibli8.jpg 400w\" sizes=\"(max-width: 150px) 100vw, 150px\" \/><\/a>\n\t\t\t<\/dt><\/dl><dl class='gallery-item'>\n\t\t\t<dt class='gallery-icon landscape'>\n\t\t\t\t<a data-elementor-open-lightbox=\"yes\" data-elementor-lightbox-slideshow=\"6808ebd\" data-elementor-lightbox-title=\"IMG-0345\" data-e-action-hash=\"#elementor-action%3Aaction%3Dlightbox%26settings%3DeyJpZCI6MTg3LCJ1cmwiOiJodHRwczpcL1wvbWF0ZXJpYWxwbGFzdGlrLmh1XC93b3JkcHJlc3NcL3dwLWNvbnRlbnRcL3VwbG9hZHNcLzIwMjRcLzA3XC9JTUctMDM0NS1zY2FsZWQtZTE3MjA3NzQ5NDQ2MDkuanBnIiwic2xpZGVzaG93IjoiNjgwOGViZCJ9\" href='https:\/\/materialplastik.hu\/wordpress\/wp-content\/uploads\/2024\/07\/IMG-0345-scaled-e1720774944609.jpg'><img loading=\"lazy\" decoding=\"async\" width=\"150\" height=\"150\" src=\"https:\/\/materialplastik.hu\/wordpress\/wp-content\/uploads\/2024\/07\/IMG-0345-scaled-e1720774944609-150x150.jpg\" class=\"attachment-thumbnail size-thumbnail\" alt=\"\" \/><\/a>\n\t\t\t<\/dt><\/dl><br style=\"clear: both\" \/>\n\t\t<\/div>\n\t\t<\/div>\n\t\t\t\t\t\t<\/div>\n\t\t\t\t<\/div>\n\t\t\t\t\t<\/div>\n\t\t\t\t<\/div>\n\t\t<div class=\"elementor-element elementor-element-160a708 e-flex e-con-boxed e-con e-parent\" data-id=\"160a708\" data-element_type=\"container\">\n\t\t\t\t\t<div class=\"e-con-inner\">\n\t\t\t\t<div class=\"elementor-element elementor-element-ef43434 elementor-widget elementor-widget-spacer\" data-id=\"ef43434\" data-element_type=\"widget\" data-widget_type=\"spacer.default\">\n\t\t\t\t<div class=\"elementor-widget-container\">\n\t\t\t\t\t\t\t<div class=\"elementor-spacer\">\n\t\t\t<div class=\"elementor-spacer-inner\"><\/div>\n\t\t<\/div>\n\t\t\t\t\t\t<\/div>\n\t\t\t\t<\/div>\n\t\t\t\t\t<\/div>\n\t\t\t\t<\/div>\n\t\t<div class=\"elementor-element elementor-element-b7b6d91 e-flex e-con-boxed e-con e-parent\" data-id=\"b7b6d91\" data-element_type=\"container\">\n\t\t\t\t\t<div class=\"e-con-inner\">\n\t\t<div class=\"elementor-element elementor-element-184545c e-con-full e-flex e-con e-child\" data-id=\"184545c\" data-element_type=\"container\">\n\t\t\t\t<\/div>\n\t\t<div class=\"elementor-element elementor-element-a9ba7e0 e-con-full e-flex e-con e-child\" data-id=\"a9ba7e0\" data-element_type=\"container\">\n\t\t\t\t<\/div>\n\t\t\t\t\t<\/div>\n\t\t\t\t<\/div>\n\t\t\t\t<\/div>\n\t\t","protected":false},"excerpt":{"rendered":"<p>https:\/\/materialplastik.hu\/wordpress\/wp-content\/uploads\/2024\/11\/MP-trailer-2020-1920.webm F\u0151\u00e9p\u00fclet Alapk\u0151 let\u00e9tel \u00c9p\u00edtkez\u00e9s Napelemek Napelem Napelem Extruder Extruder Extruder<\/p>\n","protected":false},"author":1,"featured_media":0,"parent":0,"menu_order":0,"comment_status":"closed","ping_status":"closed","template":"page-templates\/template-pagebuilder-full-width.php","meta":{"footnotes":""},"class_list":["post-847","page","type-page","status-publish","hentry"],"_links":{"self":[{"href":"https:\/\/materialplastik.hu\/wordpress\/wp-json\/wp\/v2\/pages\/847","targetHints":{"allow":["GET"]}}],"collection":[{"href":"https:\/\/materialplastik.hu\/wordpress\/wp-json\/wp\/v2\/pages"}],"about":[{"href":"https:\/\/materialplastik.hu\/wordpress\/wp-json\/wp\/v2\/types\/page"}],"author":[{"embeddable":true,"href":"https:\/\/materialplastik.hu\/wordpress\/wp-json\/wp\/v2\/users\/1"}],"replies":[{"embeddable":true,"href":"https:\/\/materialplastik.hu\/wordpress\/wp-json\/wp\/v2\/comments?post=847"}],"version-history":[{"count":84,"href":"https:\/\/materialplastik.hu\/wordpress\/wp-json\/wp\/v2\/pages\/847\/revisions"}],"predecessor-version":[{"id":1812,"href":"https:\/\/materialplastik.hu\/wordpress\/wp-json\/wp\/v2\/pages\/847\/revisions\/1812"}],"wp:attachment":[{"href":"https:\/\/materialplastik.hu\/wordpress\/wp-json\/wp\/v2\/media?parent=847"}],"curies":[{"name":"wp","href":"https:\/\/api.w.org\/{rel}","templated":true}]}}