{"id":696,"date":"2024-08-13T10:24:39","date_gmt":"2024-08-13T10:24:39","guid":{"rendered":"https:\/\/materialplastik.hu\/wordpress\/?page_id=696"},"modified":"2024-08-13T10:28:30","modified_gmt":"2024-08-13T10:28:30","slug":"konverterek","status":"publish","type":"page","link":"https:\/\/materialplastik.hu\/wordpress\/konverterek\/","title":{"rendered":"Konverterek"},"content":{"rendered":"\t\t<div data-elementor-type=\"wp-page\" data-elementor-id=\"696\" class=\"elementor elementor-696\">\n\t\t\t\t<div class=\"elementor-element elementor-element-4a67464 e-flex e-con-boxed e-con e-parent\" data-id=\"4a67464\" data-element_type=\"container\">\n\t\t\t\t\t<div class=\"e-con-inner\">\n\t\t\t\t<div class=\"elementor-element elementor-element-079e9a1 elementor-widget elementor-widget-spacer\" data-id=\"079e9a1\" data-element_type=\"widget\" data-widget_type=\"spacer.default\">\n\t\t\t\t<div class=\"elementor-widget-container\">\n\t\t\t\t\t\t\t<div class=\"elementor-spacer\">\n\t\t\t<div class=\"elementor-spacer-inner\"><\/div>\n\t\t<\/div>\n\t\t\t\t\t\t<\/div>\n\t\t\t\t<\/div>\n\t\t\t\t\t<\/div>\n\t\t\t\t<\/div>\n\t\t<div class=\"elementor-element elementor-element-4676d41 e-flex e-con-boxed e-con e-parent\" data-id=\"4676d41\" data-element_type=\"container\">\n\t\t\t\t\t<div class=\"e-con-inner\">\n\t\t<div class=\"elementor-element elementor-element-5b1fc03 e-con-full e-flex e-con e-child\" data-id=\"5b1fc03\" data-element_type=\"container\">\n\t\t\t\t<div class=\"elementor-element elementor-element-c35f4d2 elementor-mobile-align-justify elementor-widget elementor-widget-button\" data-id=\"c35f4d2\" data-element_type=\"widget\" data-widget_type=\"button.default\">\n\t\t\t\t<div class=\"elementor-widget-container\">\n\t\t\t\t\t\t\t\t\t<div class=\"elementor-button-wrapper\">\n\t\t\t\t\t<a class=\"elementor-button elementor-button-link elementor-size-sm\" href=\"https:\/\/materialplastik.hu\/wordpress\/index.php\/termekek\/\">\n\t\t\t\t\t\t<span class=\"elementor-button-content-wrapper\">\n\t\t\t\t\t\t\t\t\t<span class=\"elementor-button-text\">Vissza<\/span>\n\t\t\t\t\t<\/span>\n\t\t\t\t\t<\/a>\n\t\t\t\t<\/div>\n\t\t\t\t\t\t\t\t<\/div>\n\t\t\t\t<\/div>\n\t\t\t\t<\/div>\n\t\t<div class=\"elementor-element elementor-element-79ae42c e-con-full elementor-hidden-mobile e-flex e-con e-child\" data-id=\"79ae42c\" data-element_type=\"container\">\n\t\t\t\t<div class=\"elementor-element elementor-element-79d3009 elementor-widget elementor-widget-heading\" data-id=\"79d3009\" data-element_type=\"widget\" data-widget_type=\"heading.default\">\n\t\t\t\t<div class=\"elementor-widget-container\">\n\t\t\t\t\t<h3 class=\"elementor-heading-title elementor-size-default\">Konverterek<\/h3>\t\t\t\t<\/div>\n\t\t\t\t<\/div>\n\t\t\t\t<\/div>\n\t\t\t\t\t<\/div>\n\t\t\t\t<\/div>\n\t\t<div class=\"elementor-element elementor-element-834ccfc e-flex e-con-boxed e-con e-parent\" data-id=\"834ccfc\" data-element_type=\"container\">\n\t\t\t\t\t<div class=\"e-con-inner\">\n\t\t\t\t<div class=\"elementor-element elementor-element-f8aae61 elementor-widget elementor-widget-spacer\" data-id=\"f8aae61\" data-element_type=\"widget\" data-widget_type=\"spacer.default\">\n\t\t\t\t<div class=\"elementor-widget-container\">\n\t\t\t\t\t\t\t<div class=\"elementor-spacer\">\n\t\t\t<div class=\"elementor-spacer-inner\"><\/div>\n\t\t<\/div>\n\t\t\t\t\t\t<\/div>\n\t\t\t\t<\/div>\n\t\t\t\t\t<\/div>\n\t\t\t\t<\/div>\n\t\t<div class=\"elementor-element elementor-element-c45603c e-flex e-con-boxed e-con e-parent\" data-id=\"c45603c\" data-element_type=\"container\">\n\t\t\t\t\t<div class=\"e-con-inner\">\n\t\t<div class=\"elementor-element elementor-element-51eb65d e-con-full e-flex e-con e-child\" data-id=\"51eb65d\" data-element_type=\"container\">\n\t\t\t\t<div class=\"elementor-element elementor-element-7034086 elementor-widget elementor-widget-heading\" data-id=\"7034086\" data-element_type=\"widget\" data-widget_type=\"heading.default\">\n\t\t\t\t<div class=\"elementor-widget-container\">\n\t\t\t\t\t<h3 class=\"elementor-heading-title elementor-size-default\">F\u00f3li\u00e1k nyomtat\u00e1shoz, lamin\u00e1l\u00e1shoz \u00e9s hegeszt\u00e9shez<\/h3>\t\t\t\t<\/div>\n\t\t\t\t<\/div>\n\t\t\t\t<div class=\"elementor-element elementor-element-f5621d7 elementor-widget elementor-widget-text-editor\" data-id=\"f5621d7\" data-element_type=\"widget\" data-widget_type=\"text-editor.default\">\n\t\t\t\t<div class=\"elementor-widget-container\">\n\t\t\t\t\t\t\t\t\t<p>Term\u00e9keink szinte teljes m\u00e9rt\u00e9kben lefedik a fogyaszt\u00f3i csomagol\u00e1s teljes palett\u00e1j\u00e1t. Alkalmazhat\u00f3 higi\u00e9niai term\u00e9kek eset\u00e9n, \u00e9lelmiszer csomagol\u00e1sra (pl: fagyasztott \u00e9lelmiszerek, keny\u00e9r, z\u00f6lds\u00e9g \u00e9s gy\u00fcm\u00f6lcs).<\/p><p>Term\u00e9keink kiv\u00e1l\u00f3 mechanikai tulajdons\u00e1gokkal rendelkeznek, szem el\u0151tt tartva a legmagasabb szint\u0171 eszt\u00e9tikai megjelen\u00e9st.<\/p><p>Term\u00e9kpalett\u00e1nkon szerepel \u00e1tl\u00e1tsz\u00f3 vagy sz\u00ednes f\u00f3lia (ak\u00e1r k\u00e9tsz\u00edn\u0171), magas f\u00e9ny\u0171 vagy matt.<\/p>\t\t\t\t\t\t\t\t<\/div>\n\t\t\t\t<\/div>\n\t\t\t\t<\/div>\n\t\t<div class=\"elementor-element elementor-element-74295dc e-con-full e-flex e-con e-child\" data-id=\"74295dc\" data-element_type=\"container\">\n\t\t\t\t<div class=\"elementor-element elementor-element-dce6763 elementor-widget elementor-widget-image\" data-id=\"dce6763\" data-element_type=\"widget\" data-widget_type=\"image.default\">\n\t\t\t\t<div class=\"elementor-widget-container\">\n\t\t\t\t\t\t\t\t\t\t\t\t\t\t\t<img decoding=\"async\" src=\"https:\/\/materialplastik.hu\/wordpress\/wp-content\/uploads\/elementor\/thumbs\/converter-qsjmgo3mexlbplly3kf2ijaozsauu7yw3bqze9r1y8.png\" title=\"converter\" alt=\"converter\" loading=\"lazy\" \/>\t\t\t\t\t\t\t\t\t\t\t\t\t\t\t<\/div>\n\t\t\t\t<\/div>\n\t\t\t\t<\/div>\n\t\t\t\t\t<\/div>\n\t\t\t\t<\/div>\n\t\t<div class=\"elementor-element elementor-element-0868c22 e-flex e-con-boxed e-con e-parent\" data-id=\"0868c22\" data-element_type=\"container\">\n\t\t\t\t\t<div class=\"e-con-inner\">\n\t\t\t\t<div class=\"elementor-element elementor-element-4e51ab3 elementor-widget elementor-widget-spacer\" data-id=\"4e51ab3\" data-element_type=\"widget\" data-widget_type=\"spacer.default\">\n\t\t\t\t<div class=\"elementor-widget-container\">\n\t\t\t\t\t\t\t<div class=\"elementor-spacer\">\n\t\t\t<div class=\"elementor-spacer-inner\"><\/div>\n\t\t<\/div>\n\t\t\t\t\t\t<\/div>\n\t\t\t\t<\/div>\n\t\t\t\t\t<\/div>\n\t\t\t\t<\/div>\n\t\t\t\t<\/div>\n\t\t","protected":false},"excerpt":{"rendered":"<p>Vissza Konverterek F\u00f3li\u00e1k nyomtat\u00e1shoz, lamin\u00e1l\u00e1shoz \u00e9s hegeszt\u00e9shez Term\u00e9keink szinte teljes m\u00e9rt\u00e9kben lefedik a fogyaszt\u00f3i csomagol\u00e1s teljes palett\u00e1j\u00e1t. Alkalmazhat\u00f3 higi\u00e9niai term\u00e9kek eset\u00e9n, \u00e9lelmiszer csomagol\u00e1sra (pl: fagyasztott \u00e9lelmiszerek, keny\u00e9r, z\u00f6lds\u00e9g \u00e9s gy\u00fcm\u00f6lcs). Term\u00e9keink kiv\u00e1l\u00f3 mechanikai tulajdons\u00e1gokkal rendelkeznek, szem el\u0151tt tartva a legmagasabb szint\u0171 eszt\u00e9tikai megjelen\u00e9st. Term\u00e9kpalett\u00e1nkon szerepel \u00e1tl\u00e1tsz\u00f3 vagy sz\u00ednes f\u00f3lia (ak\u00e1r [&hellip;]<\/p>\n","protected":false},"author":1,"featured_media":0,"parent":0,"menu_order":0,"comment_status":"closed","ping_status":"closed","template":"page-templates\/template-pagebuilder-full-width.php","meta":{"footnotes":""},"class_list":["post-696","page","type-page","status-publish","hentry"],"_links":{"self":[{"href":"https:\/\/materialplastik.hu\/wordpress\/wp-json\/wp\/v2\/pages\/696","targetHints":{"allow":["GET"]}}],"collection":[{"href":"https:\/\/materialplastik.hu\/wordpress\/wp-json\/wp\/v2\/pages"}],"about":[{"href":"https:\/\/materialplastik.hu\/wordpress\/wp-json\/wp\/v2\/types\/page"}],"author":[{"embeddable":true,"href":"https:\/\/materialplastik.hu\/wordpress\/wp-json\/wp\/v2\/users\/1"}],"replies":[{"embeddable":true,"href":"https:\/\/materialplastik.hu\/wordpress\/wp-json\/wp\/v2\/comments?post=696"}],"version-history":[{"count":4,"href":"https:\/\/materialplastik.hu\/wordpress\/wp-json\/wp\/v2\/pages\/696\/revisions"}],"predecessor-version":[{"id":704,"href":"https:\/\/materialplastik.hu\/wordpress\/wp-json\/wp\/v2\/pages\/696\/revisions\/704"}],"wp:attachment":[{"href":"https:\/\/materialplastik.hu\/wordpress\/wp-json\/wp\/v2\/media?parent=696"}],"curies":[{"name":"wp","href":"https:\/\/api.w.org\/{rel}","templated":true}]}}