{"id":687,"date":"2024-08-13T09:42:34","date_gmt":"2024-08-13T09:42:34","guid":{"rendered":"https:\/\/materialplastik.hu\/wordpress\/?page_id=687"},"modified":"2024-08-13T09:48:30","modified_gmt":"2024-08-13T09:48:30","slug":"allateledel","status":"publish","type":"page","link":"https:\/\/materialplastik.hu\/wordpress\/allateledel\/","title":{"rendered":"\u00c1llateledel"},"content":{"rendered":"\t\t<div data-elementor-type=\"wp-page\" data-elementor-id=\"687\" class=\"elementor elementor-687\">\n\t\t\t\t<div class=\"elementor-element elementor-element-87bc542 e-flex e-con-boxed e-con e-parent\" data-id=\"87bc542\" data-element_type=\"container\">\n\t\t\t\t\t<div class=\"e-con-inner\">\n\t\t\t\t<div class=\"elementor-element elementor-element-a62fa61 elementor-widget elementor-widget-spacer\" data-id=\"a62fa61\" data-element_type=\"widget\" data-widget_type=\"spacer.default\">\n\t\t\t\t<div class=\"elementor-widget-container\">\n\t\t\t\t\t\t\t<div class=\"elementor-spacer\">\n\t\t\t<div class=\"elementor-spacer-inner\"><\/div>\n\t\t<\/div>\n\t\t\t\t\t\t<\/div>\n\t\t\t\t<\/div>\n\t\t\t\t\t<\/div>\n\t\t\t\t<\/div>\n\t\t<div class=\"elementor-element elementor-element-c1fac1c e-flex e-con-boxed e-con e-parent\" data-id=\"c1fac1c\" data-element_type=\"container\">\n\t\t\t\t\t<div class=\"e-con-inner\">\n\t\t<div class=\"elementor-element elementor-element-c5f69b4 e-con-full e-flex e-con e-child\" data-id=\"c5f69b4\" data-element_type=\"container\">\n\t\t\t\t<div class=\"elementor-element elementor-element-145b9ea elementor-mobile-align-justify elementor-widget elementor-widget-button\" data-id=\"145b9ea\" data-element_type=\"widget\" data-widget_type=\"button.default\">\n\t\t\t\t<div class=\"elementor-widget-container\">\n\t\t\t\t\t\t\t\t\t<div class=\"elementor-button-wrapper\">\n\t\t\t\t\t<a class=\"elementor-button elementor-button-link elementor-size-sm\" href=\"https:\/\/materialplastik.hu\/wordpress\/index.php\/termekek\/\">\n\t\t\t\t\t\t<span class=\"elementor-button-content-wrapper\">\n\t\t\t\t\t\t\t\t\t<span class=\"elementor-button-text\">Vissza<\/span>\n\t\t\t\t\t<\/span>\n\t\t\t\t\t<\/a>\n\t\t\t\t<\/div>\n\t\t\t\t\t\t\t\t<\/div>\n\t\t\t\t<\/div>\n\t\t\t\t<\/div>\n\t\t<div class=\"elementor-element elementor-element-b90d0b7 e-con-full elementor-hidden-mobile e-flex e-con e-child\" data-id=\"b90d0b7\" data-element_type=\"container\">\n\t\t\t\t<div class=\"elementor-element elementor-element-5fbb491 elementor-widget elementor-widget-heading\" data-id=\"5fbb491\" data-element_type=\"widget\" data-widget_type=\"heading.default\">\n\t\t\t\t<div class=\"elementor-widget-container\">\n\t\t\t\t\t<h3 class=\"elementor-heading-title elementor-size-default\">\u00c1llat eledel<\/h3>\t\t\t\t<\/div>\n\t\t\t\t<\/div>\n\t\t\t\t<\/div>\n\t\t\t\t\t<\/div>\n\t\t\t\t<\/div>\n\t\t<div class=\"elementor-element elementor-element-90fecc3 e-flex e-con-boxed e-con e-parent\" data-id=\"90fecc3\" data-element_type=\"container\">\n\t\t\t\t\t<div class=\"e-con-inner\">\n\t\t\t\t<div class=\"elementor-element elementor-element-a6ecd17 elementor-widget elementor-widget-spacer\" data-id=\"a6ecd17\" data-element_type=\"widget\" data-widget_type=\"spacer.default\">\n\t\t\t\t<div class=\"elementor-widget-container\">\n\t\t\t\t\t\t\t<div class=\"elementor-spacer\">\n\t\t\t<div class=\"elementor-spacer-inner\"><\/div>\n\t\t<\/div>\n\t\t\t\t\t\t<\/div>\n\t\t\t\t<\/div>\n\t\t\t\t\t<\/div>\n\t\t\t\t<\/div>\n\t\t<div class=\"elementor-element elementor-element-0021c8f e-flex e-con-boxed e-con e-parent\" data-id=\"0021c8f\" data-element_type=\"container\">\n\t\t\t\t\t<div class=\"e-con-inner\">\n\t\t<div class=\"elementor-element elementor-element-acacd62 e-con-full e-flex e-con e-child\" data-id=\"acacd62\" data-element_type=\"container\">\n\t\t\t\t<div class=\"elementor-element elementor-element-e90da52 elementor-widget elementor-widget-heading\" data-id=\"e90da52\" data-element_type=\"widget\" data-widget_type=\"heading.default\">\n\t\t\t\t<div class=\"elementor-widget-container\">\n\t\t\t\t\t<h3 class=\"elementor-heading-title elementor-size-default\">Mono szerkezet<\/h3>\t\t\t\t<\/div>\n\t\t\t\t<\/div>\n\t\t\t\t<div class=\"elementor-element elementor-element-ae23308 elementor-widget elementor-widget-text-editor\" data-id=\"ae23308\" data-element_type=\"widget\" data-widget_type=\"text-editor.default\">\n\t\t\t\t<div class=\"elementor-widget-container\">\n\t\t\t\t\t\t\t\t\t<p>Kifejezetten sz\u00e1raz t\u00e1pok csomagol\u00e1s\u00e1ra fejlesztett mono szerkezet\u0171 co-ex f\u00f3li\u00e1nk t\u00f6k\u00e9letes v\u00e1laszt\u00e1s az \u00f6sszes el\u00e9rhet\u0151 kiszerel\u00e9shez. Flow csomagol\u00f3g\u00e9pekre fejlesztett term\u00e9k\u00fcnk eset\u00e9ben kiemelt figyelmet ford\u00edtottunk a magas szak\u00edt\u00f3szil\u00e1rds\u00e1gra, valamint a sz\u00far\u00e1s\u00e1ll\u00f3s\u00e1gre.<\/p><p>Csomagol\u00f3anyagunk ak\u00e1r 10 sz\u00ednnel nyomtatott kivitelben is el\u00e9rhet\u0151.<\/p><p>Minden mono szerkezet\u0171 co-ex Pet-Food f\u00f3li\u00e1nk 100%-ban \u00fajrahasznos\u00edthat\u00f3.<\/p>\t\t\t\t\t\t\t\t<\/div>\n\t\t\t\t<\/div>\n\t\t\t\t<div class=\"elementor-element elementor-element-7d5bdba elementor-widget elementor-widget-spacer\" data-id=\"7d5bdba\" data-element_type=\"widget\" data-widget_type=\"spacer.default\">\n\t\t\t\t<div class=\"elementor-widget-container\">\n\t\t\t\t\t\t\t<div class=\"elementor-spacer\">\n\t\t\t<div class=\"elementor-spacer-inner\"><\/div>\n\t\t<\/div>\n\t\t\t\t\t\t<\/div>\n\t\t\t\t<\/div>\n\t\t\t\t<div class=\"elementor-element elementor-element-274c69a elementor-widget elementor-widget-heading\" data-id=\"274c69a\" data-element_type=\"widget\" data-widget_type=\"heading.default\">\n\t\t\t\t<div class=\"elementor-widget-container\">\n\t\t\t\t\t<h3 class=\"elementor-heading-title elementor-size-default\">Duplex szerkezet<\/h3>\t\t\t\t<\/div>\n\t\t\t\t<\/div>\n\t\t\t\t<div class=\"elementor-element elementor-element-ea6c402 elementor-widget elementor-widget-text-editor\" data-id=\"ea6c402\" data-element_type=\"widget\" data-widget_type=\"text-editor.default\">\n\t\t\t\t<div class=\"elementor-widget-container\">\n\t\t\t\t\t\t\t\t\t<p>Kifejezetten sz\u00e1raz t\u00e1pok csomagol\u00e1s\u00e1ra fejlesztett duplex szerkezet\u0171 f\u00f3li\u00e1nk t\u00f6k\u00e9letes v\u00e1laszt\u00e1s az \u00f6sszes el\u00e9rhet\u0151 kiszerel\u00e9shez. Flow csomagol\u00f3g\u00e9pekre fejlesztett term\u00e9k\u00fcnk eset\u00e9ben kiemelt figyelmet ford\u00edtottunk a magas szak\u00edt\u00f3szil\u00e1rds\u00e1gra, valamint a sz\u00far\u00e1s\u00e1ll\u00f3s\u00e1gre.<\/p><p>Term\u00e9k\u00fcnk el\u00e9rhet\u0151 PE\/PP, PE\/PET, PE\/CPP kivitelben, valamint a 100%-ban \u00fajrahasznos\u00edthat\u00f3 PE\/PE illetve PE\/BOPE szerkezetek is el\u00e9rhet\u0151ek ak\u00e1r 10 sz\u00ednnel nyomtatott kivitelben.<\/p>\t\t\t\t\t\t\t\t<\/div>\n\t\t\t\t<\/div>\n\t\t\t\t<\/div>\n\t\t<div class=\"elementor-element elementor-element-a38c121 e-con-full e-flex e-con e-child\" data-id=\"a38c121\" data-element_type=\"container\">\n\t\t\t\t<div class=\"elementor-element elementor-element-e564d2a elementor-widget elementor-widget-image\" data-id=\"e564d2a\" data-element_type=\"widget\" data-widget_type=\"image.default\">\n\t\t\t\t<div class=\"elementor-widget-container\">\n\t\t\t\t\t\t\t\t\t\t\t\t\t\t\t<img decoding=\"async\" src=\"https:\/\/materialplastik.hu\/wordpress\/wp-content\/uploads\/elementor\/thumbs\/dog_food-transformed-2-qsjkgi1qwplsdzxs9cxvpxl0hyo5sgnpbenx3trer4.png\" title=\"dog_food-transformed-2\" alt=\"dog_food-transformed-2\" loading=\"lazy\" \/>\t\t\t\t\t\t\t\t\t\t\t\t\t\t\t<\/div>\n\t\t\t\t<\/div>\n\t\t\t\t<\/div>\n\t\t\t\t\t<\/div>\n\t\t\t\t<\/div>\n\t\t<div class=\"elementor-element elementor-element-bff9531 e-flex e-con-boxed e-con e-parent\" data-id=\"bff9531\" data-element_type=\"container\">\n\t\t\t\t\t<div class=\"e-con-inner\">\n\t\t\t\t<div class=\"elementor-element elementor-element-69f6c68 elementor-icon-list--layout-traditional elementor-list-item-link-full_width elementor-widget elementor-widget-icon-list\" data-id=\"69f6c68\" data-element_type=\"widget\" data-widget_type=\"icon-list.default\">\n\t\t\t\t<div class=\"elementor-widget-container\">\n\t\t\t\t\t\t\t<ul class=\"elementor-icon-list-items\">\n\t\t\t\t\t\t\t<li class=\"elementor-icon-list-item\">\n\t\t\t\t\t\t\t\t\t\t\t<span class=\"elementor-icon-list-icon\">\n\t\t\t\t\t\t\t<svg aria-hidden=\"true\" class=\"e-font-icon-svg e-fas-palette\" viewBox=\"0 0 512 512\" xmlns=\"http:\/\/www.w3.org\/2000\/svg\"><path d=\"M204.3 5C104.9 24.4 24.8 104.3 5.2 203.4c-37 187 131.7 326.4 258.8 306.7 41.2-6.4 61.4-54.6 42.5-91.7-23.1-45.4 9.9-98.4 60.9-98.4h79.7c35.8 0 64.8-29.6 64.9-65.3C511.5 97.1 368.1-26.9 204.3 5zM96 320c-17.7 0-32-14.3-32-32s14.3-32 32-32 32 14.3 32 32-14.3 32-32 32zm32-128c-17.7 0-32-14.3-32-32s14.3-32 32-32 32 14.3 32 32-14.3 32-32 32zm128-64c-17.7 0-32-14.3-32-32s14.3-32 32-32 32 14.3 32 32-14.3 32-32 32zm128 64c-17.7 0-32-14.3-32-32s14.3-32 32-32 32 14.3 32 32-14.3 32-32 32z\"><\/path><\/svg>\t\t\t\t\t\t<\/span>\n\t\t\t\t\t\t\t\t\t\t<span class=\"elementor-icon-list-text\">Ak\u00e1r 10 sz\u00ednnel nyomtatott kivitelben<\/span>\n\t\t\t\t\t\t\t\t\t<\/li>\n\t\t\t\t\t\t\t\t<li class=\"elementor-icon-list-item\">\n\t\t\t\t\t\t\t\t\t\t\t<span class=\"elementor-icon-list-icon\">\n\t\t\t\t\t\t\t<svg aria-hidden=\"true\" class=\"e-font-icon-svg e-fas-recycle\" viewBox=\"0 0 512 512\" xmlns=\"http:\/\/www.w3.org\/2000\/svg\"><path d=\"M184.561 261.903c3.232 13.997-12.123 24.635-24.068 17.168l-40.736-25.455-50.867 81.402C55.606 356.273 70.96 384 96.012 384H148c6.627 0 12 5.373 12 12v40c0 6.627-5.373 12-12 12H96.115c-75.334 0-121.302-83.048-81.408-146.88l50.822-81.388-40.725-25.448c-12.081-7.547-8.966-25.961 4.879-29.158l110.237-25.45c8.611-1.988 17.201 3.381 19.189 11.99l25.452 110.237zm98.561-182.915l41.289 66.076-40.74 25.457c-12.051 7.528-9 25.953 4.879 29.158l110.237 25.45c8.672 1.999 17.215-3.438 19.189-11.99l25.45-110.237c3.197-13.844-11.99-24.719-24.068-17.168l-40.687 25.424-41.263-66.082c-37.521-60.033-125.209-60.171-162.816 0l-17.963 28.766c-3.51 5.62-1.8 13.021 3.82 16.533l33.919 21.195c5.62 3.512 13.024 1.803 16.536-3.817l17.961-28.743c12.712-20.341 41.973-19.676 54.257-.022zM497.288 301.12l-27.515-44.065c-3.511-5.623-10.916-7.334-16.538-3.821l-33.861 21.159c-5.62 3.512-7.33 10.915-3.818 16.536l27.564 44.112c13.257 21.211-2.057 48.96-27.136 48.96H320V336.02c0-14.213-17.242-21.383-27.313-11.313l-80 79.981c-6.249 6.248-6.249 16.379 0 22.627l80 79.989C302.689 517.308 320 510.3 320 495.989V448h95.88c75.274 0 121.335-82.997 81.408-146.88z\"><\/path><\/svg>\t\t\t\t\t\t<\/span>\n\t\t\t\t\t\t\t\t\t\t<span class=\"elementor-icon-list-text\">100%-ban \u00fajrahasznos\u00edthat\u00f3 PE\/PE illetve PE\/BOPE alapanyagb\u00f3l<\/span>\n\t\t\t\t\t\t\t\t\t<\/li>\n\t\t\t\t\t\t<\/ul>\n\t\t\t\t\t\t<\/div>\n\t\t\t\t<\/div>\n\t\t\t\t\t<\/div>\n\t\t\t\t<\/div>\n\t\t<div class=\"elementor-element elementor-element-1bcb268 e-flex e-con-boxed e-con e-parent\" data-id=\"1bcb268\" data-element_type=\"container\">\n\t\t\t\t\t<div class=\"e-con-inner\">\n\t\t\t\t<div class=\"elementor-element elementor-element-34b1c59 elementor-widget elementor-widget-spacer\" data-id=\"34b1c59\" data-element_type=\"widget\" data-widget_type=\"spacer.default\">\n\t\t\t\t<div class=\"elementor-widget-container\">\n\t\t\t\t\t\t\t<div class=\"elementor-spacer\">\n\t\t\t<div class=\"elementor-spacer-inner\"><\/div>\n\t\t<\/div>\n\t\t\t\t\t\t<\/div>\n\t\t\t\t<\/div>\n\t\t\t\t\t<\/div>\n\t\t\t\t<\/div>\n\t\t\t\t<\/div>\n\t\t","protected":false},"excerpt":{"rendered":"<p>Vissza \u00c1llat eledel Mono szerkezet Kifejezetten sz\u00e1raz t\u00e1pok csomagol\u00e1s\u00e1ra fejlesztett mono szerkezet\u0171 co-ex f\u00f3li\u00e1nk t\u00f6k\u00e9letes v\u00e1laszt\u00e1s az \u00f6sszes el\u00e9rhet\u0151 kiszerel\u00e9shez. Flow csomagol\u00f3g\u00e9pekre fejlesztett term\u00e9k\u00fcnk eset\u00e9ben kiemelt figyelmet ford\u00edtottunk a magas szak\u00edt\u00f3szil\u00e1rds\u00e1gra, valamint a sz\u00far\u00e1s\u00e1ll\u00f3s\u00e1gre. Csomagol\u00f3anyagunk ak\u00e1r 10 sz\u00ednnel nyomtatott kivitelben is el\u00e9rhet\u0151. Minden mono szerkezet\u0171 co-ex Pet-Food f\u00f3li\u00e1nk 100%-ban \u00fajrahasznos\u00edthat\u00f3. [&hellip;]<\/p>\n","protected":false},"author":1,"featured_media":0,"parent":0,"menu_order":0,"comment_status":"closed","ping_status":"closed","template":"page-templates\/template-pagebuilder-full-width.php","meta":{"footnotes":""},"class_list":["post-687","page","type-page","status-publish","hentry"],"_links":{"self":[{"href":"https:\/\/materialplastik.hu\/wordpress\/wp-json\/wp\/v2\/pages\/687","targetHints":{"allow":["GET"]}}],"collection":[{"href":"https:\/\/materialplastik.hu\/wordpress\/wp-json\/wp\/v2\/pages"}],"about":[{"href":"https:\/\/materialplastik.hu\/wordpress\/wp-json\/wp\/v2\/types\/page"}],"author":[{"embeddable":true,"href":"https:\/\/materialplastik.hu\/wordpress\/wp-json\/wp\/v2\/users\/1"}],"replies":[{"embeddable":true,"href":"https:\/\/materialplastik.hu\/wordpress\/wp-json\/wp\/v2\/comments?post=687"}],"version-history":[{"count":4,"href":"https:\/\/materialplastik.hu\/wordpress\/wp-json\/wp\/v2\/pages\/687\/revisions"}],"predecessor-version":[{"id":695,"href":"https:\/\/materialplastik.hu\/wordpress\/wp-json\/wp\/v2\/pages\/687\/revisions\/695"}],"wp:attachment":[{"href":"https:\/\/materialplastik.hu\/wordpress\/wp-json\/wp\/v2\/media?parent=687"}],"curies":[{"name":"wp","href":"https:\/\/api.w.org\/{rel}","templated":true}]}}