{"id":671,"date":"2024-08-12T14:05:09","date_gmt":"2024-08-12T14:05:09","guid":{"rendered":"https:\/\/materialplastik.hu\/wordpress\/?page_id=671"},"modified":"2024-08-12T14:11:15","modified_gmt":"2024-08-12T14:11:15","slug":"haztartasi-termekek","status":"publish","type":"page","link":"https:\/\/materialplastik.hu\/wordpress\/haztartasi-termekek\/","title":{"rendered":"H\u00e1ztart\u00e1si term\u00e9kek"},"content":{"rendered":"\t\t<div data-elementor-type=\"wp-page\" data-elementor-id=\"671\" class=\"elementor elementor-671\">\n\t\t\t\t<div class=\"elementor-element elementor-element-3f68add e-flex e-con-boxed e-con e-parent\" data-id=\"3f68add\" data-element_type=\"container\">\n\t\t\t\t\t<div class=\"e-con-inner\">\n\t\t\t\t<div class=\"elementor-element elementor-element-3964105 elementor-widget elementor-widget-spacer\" data-id=\"3964105\" data-element_type=\"widget\" data-widget_type=\"spacer.default\">\n\t\t\t\t<div class=\"elementor-widget-container\">\n\t\t\t\t\t\t\t<div class=\"elementor-spacer\">\n\t\t\t<div class=\"elementor-spacer-inner\"><\/div>\n\t\t<\/div>\n\t\t\t\t\t\t<\/div>\n\t\t\t\t<\/div>\n\t\t\t\t\t<\/div>\n\t\t\t\t<\/div>\n\t\t<div class=\"elementor-element elementor-element-7c9550f e-flex e-con-boxed e-con e-parent\" data-id=\"7c9550f\" data-element_type=\"container\">\n\t\t\t\t\t<div class=\"e-con-inner\">\n\t\t<div class=\"elementor-element elementor-element-1ad19eb e-con-full e-flex e-con e-child\" data-id=\"1ad19eb\" data-element_type=\"container\">\n\t\t\t\t<div class=\"elementor-element elementor-element-2cfbb24 elementor-mobile-align-justify elementor-widget elementor-widget-button\" data-id=\"2cfbb24\" data-element_type=\"widget\" data-widget_type=\"button.default\">\n\t\t\t\t<div class=\"elementor-widget-container\">\n\t\t\t\t\t\t\t\t\t<div class=\"elementor-button-wrapper\">\n\t\t\t\t\t<a class=\"elementor-button elementor-button-link elementor-size-sm\" href=\"https:\/\/materialplastik.hu\/wordpress\/index.php\/termekek\/\">\n\t\t\t\t\t\t<span class=\"elementor-button-content-wrapper\">\n\t\t\t\t\t\t\t\t\t<span class=\"elementor-button-text\">Vissza<\/span>\n\t\t\t\t\t<\/span>\n\t\t\t\t\t<\/a>\n\t\t\t\t<\/div>\n\t\t\t\t\t\t\t\t<\/div>\n\t\t\t\t<\/div>\n\t\t\t\t<\/div>\n\t\t<div class=\"elementor-element elementor-element-884107d e-con-full elementor-hidden-mobile e-flex e-con e-child\" data-id=\"884107d\" data-element_type=\"container\">\n\t\t\t\t<div class=\"elementor-element elementor-element-810666b elementor-widget elementor-widget-heading\" data-id=\"810666b\" data-element_type=\"widget\" data-widget_type=\"heading.default\">\n\t\t\t\t<div class=\"elementor-widget-container\">\n\t\t\t\t\t<h3 class=\"elementor-heading-title elementor-size-default\">Term\u00e9kek<\/h3>\t\t\t\t<\/div>\n\t\t\t\t<\/div>\n\t\t\t\t<\/div>\n\t\t\t\t\t<\/div>\n\t\t\t\t<\/div>\n\t\t<div class=\"elementor-element elementor-element-cb9cb4b e-flex e-con-boxed e-con e-parent\" data-id=\"cb9cb4b\" data-element_type=\"container\">\n\t\t\t\t\t<div class=\"e-con-inner\">\n\t\t<div class=\"elementor-element elementor-element-128776a e-con-full e-flex e-con e-child\" data-id=\"128776a\" data-element_type=\"container\">\n\t\t\t\t<div class=\"elementor-element elementor-element-51b83db elementor-widget elementor-widget-heading\" data-id=\"51b83db\" data-element_type=\"widget\" data-widget_type=\"heading.default\">\n\t\t\t\t<div class=\"elementor-widget-container\">\n\t\t\t\t\t<h2 class=\"elementor-heading-title elementor-size-default\">Vir\u00e1gf\u00f6ld csomagol\u00e1s<\/h2>\t\t\t\t<\/div>\n\t\t\t\t<\/div>\n\t\t\t\t<div class=\"elementor-element elementor-element-6c0782b elementor-widget elementor-widget-text-editor\" data-id=\"6c0782b\" data-element_type=\"widget\" data-widget_type=\"text-editor.default\">\n\t\t\t\t<div class=\"elementor-widget-container\">\n\t\t\t\t\t\t\t\t\t<p>Term\u00e9k\u00fcnk egy co-ex ig\u00e9ny eset\u00e9n k\u00e9tsz\u00edn\u0171 polietil\u00e9n Anti-UV adal\u00e9kkal ell\u00e1tott f\u00f3lia. Dedik\u00e1lt vir\u00e1gf\u00f6ld csomagol\u00e1sunk 50 micron vastags\u00e1gt\u00f3l el\u00e9rhet\u0151. Term\u00e9k\u00fcnk karakterisztik\u00e1j\u00e1nak k\u00f6sz\u00f6nhet\u0151en alkalmas szinte az \u00f6sszes csomagol\u00f3g\u00e9pen t\u00f6rt\u00e9n\u0151 felhaszn\u00e1l\u00e1sra a bels\u0151-bels\u0151, illetve a k\u00fcls\u0151-bels\u0151 hegeszthet\u0151s\u00e9g miatt.<\/p><p>A f\u00f3lia kifejezetten Flow-pack csomagol\u00f3g\u00e9pekre lett fejlesztve \u00edgy t\u00f6k\u00e9letes tapad\u00e1smentes fut\u00e1st biztos\u00edt.<\/p><p>Term\u00e9keink ak\u00e1r 10 sz\u00ednnel nyomtatott, illetve transzparens form\u00e1ban is el\u00e9rhet\u0151k.<\/p><p>Minden vir\u00e1gf\u00f6ld csomagol\u00e1sunk 100%-ban \u00fajrahasznos\u00edthat\u00f3.<\/p>\t\t\t\t\t\t\t\t<\/div>\n\t\t\t\t<\/div>\n\t\t\t\t<\/div>\n\t\t<div class=\"elementor-element elementor-element-91fe269 e-con-full e-flex e-con e-child\" data-id=\"91fe269\" data-element_type=\"container\">\n\t\t\t\t<div class=\"elementor-element elementor-element-e32471b elementor-widget elementor-widget-image\" data-id=\"e32471b\" data-element_type=\"widget\" data-widget_type=\"image.default\">\n\t\t\t\t<div class=\"elementor-widget-container\">\n\t\t\t\t\t\t\t\t\t\t\t\t\t\t\t<img decoding=\"async\" src=\"https:\/\/materialplastik.hu\/wordpress\/wp-content\/uploads\/elementor\/thumbs\/household_bag-qsi5egj6rhgpkdsp4usxzr8ape5a3nrb9xyxh31lyo.png\" title=\"household_bag\" alt=\"household_bag\" loading=\"lazy\" \/>\t\t\t\t\t\t\t\t\t\t\t\t\t\t\t<\/div>\n\t\t\t\t<\/div>\n\t\t\t\t<\/div>\n\t\t\t\t\t<\/div>\n\t\t\t\t<\/div>\n\t\t<div class=\"elementor-element elementor-element-5f9632a e-flex e-con-boxed e-con e-parent\" data-id=\"5f9632a\" data-element_type=\"container\">\n\t\t\t\t\t<div class=\"e-con-inner\">\n\t\t\t\t<div class=\"elementor-element elementor-element-fea7711 elementor-icon-list--layout-traditional elementor-list-item-link-full_width elementor-widget elementor-widget-icon-list\" data-id=\"fea7711\" data-element_type=\"widget\" data-widget_type=\"icon-list.default\">\n\t\t\t\t<div class=\"elementor-widget-container\">\n\t\t\t\t\t\t\t<ul class=\"elementor-icon-list-items\">\n\t\t\t\t\t\t\t<li class=\"elementor-icon-list-item\">\n\t\t\t\t\t\t\t\t\t\t\t<span class=\"elementor-icon-list-icon\">\n\t\t\t\t\t\t\t<svg aria-hidden=\"true\" class=\"e-font-icon-svg e-fas-palette\" viewBox=\"0 0 512 512\" xmlns=\"http:\/\/www.w3.org\/2000\/svg\"><path d=\"M204.3 5C104.9 24.4 24.8 104.3 5.2 203.4c-37 187 131.7 326.4 258.8 306.7 41.2-6.4 61.4-54.6 42.5-91.7-23.1-45.4 9.9-98.4 60.9-98.4h79.7c35.8 0 64.8-29.6 64.9-65.3C511.5 97.1 368.1-26.9 204.3 5zM96 320c-17.7 0-32-14.3-32-32s14.3-32 32-32 32 14.3 32 32-14.3 32-32 32zm32-128c-17.7 0-32-14.3-32-32s14.3-32 32-32 32 14.3 32 32-14.3 32-32 32zm128-64c-17.7 0-32-14.3-32-32s14.3-32 32-32 32 14.3 32 32-14.3 32-32 32zm128 64c-17.7 0-32-14.3-32-32s14.3-32 32-32 32 14.3 32 32-14.3 32-32 32z\"><\/path><\/svg>\t\t\t\t\t\t<\/span>\n\t\t\t\t\t\t\t\t\t\t<span class=\"elementor-icon-list-text\">10 sz\u00ednnel nyomtatott, illetve transzparens form\u00e1ban<\/span>\n\t\t\t\t\t\t\t\t\t<\/li>\n\t\t\t\t\t\t\t\t<li class=\"elementor-icon-list-item\">\n\t\t\t\t\t\t\t\t\t\t\t<span class=\"elementor-icon-list-icon\">\n\t\t\t\t\t\t\t<svg aria-hidden=\"true\" class=\"e-font-icon-svg e-fas-ruler\" viewBox=\"0 0 640 512\" xmlns=\"http:\/\/www.w3.org\/2000\/svg\"><path d=\"M635.7 167.2L556.1 31.7c-8.8-15-28.3-20.1-43.5-11.5l-69 39.1L503.3 161c2.2 3.8.9 8.5-2.9 10.7l-13.8 7.8c-3.8 2.2-8.7.9-10.9-2.9L416 75l-55.2 31.3 27.9 47.4c2.2 3.8.9 8.5-2.9 10.7l-13.8 7.8c-3.8 2.2-8.7.9-10.9-2.9L333.2 122 278 153.3 337.8 255c2.2 3.7.9 8.5-2.9 10.7l-13.8 7.8c-3.8 2.2-8.7.9-10.9-2.9l-59.7-101.7-55.2 31.3 27.9 47.4c2.2 3.8.9 8.5-2.9 10.7l-13.8 7.8c-3.8 2.2-8.7.9-10.9-2.9l-27.9-47.5-55.2 31.3 59.7 101.7c2.2 3.7.9 8.5-2.9 10.7l-13.8 7.8c-3.8 2.2-8.7.9-10.9-2.9L84.9 262.9l-69 39.1C.7 310.7-4.6 329.8 4.2 344.8l79.6 135.6c8.8 15 28.3 20.1 43.5 11.5L624.1 210c15.2-8.6 20.4-27.8 11.6-42.8z\"><\/path><\/svg>\t\t\t\t\t\t<\/span>\n\t\t\t\t\t\t\t\t\t\t<span class=\"elementor-icon-list-text\">50 micron vastags\u00e1gt\u00f3l<\/span>\n\t\t\t\t\t\t\t\t\t<\/li>\n\t\t\t\t\t\t\t\t<li class=\"elementor-icon-list-item\">\n\t\t\t\t\t\t\t\t\t\t\t<span class=\"elementor-icon-list-icon\">\n\t\t\t\t\t\t\t<svg aria-hidden=\"true\" class=\"e-font-icon-svg e-fas-recycle\" viewBox=\"0 0 512 512\" xmlns=\"http:\/\/www.w3.org\/2000\/svg\"><path d=\"M184.561 261.903c3.232 13.997-12.123 24.635-24.068 17.168l-40.736-25.455-50.867 81.402C55.606 356.273 70.96 384 96.012 384H148c6.627 0 12 5.373 12 12v40c0 6.627-5.373 12-12 12H96.115c-75.334 0-121.302-83.048-81.408-146.88l50.822-81.388-40.725-25.448c-12.081-7.547-8.966-25.961 4.879-29.158l110.237-25.45c8.611-1.988 17.201 3.381 19.189 11.99l25.452 110.237zm98.561-182.915l41.289 66.076-40.74 25.457c-12.051 7.528-9 25.953 4.879 29.158l110.237 25.45c8.672 1.999 17.215-3.438 19.189-11.99l25.45-110.237c3.197-13.844-11.99-24.719-24.068-17.168l-40.687 25.424-41.263-66.082c-37.521-60.033-125.209-60.171-162.816 0l-17.963 28.766c-3.51 5.62-1.8 13.021 3.82 16.533l33.919 21.195c5.62 3.512 13.024 1.803 16.536-3.817l17.961-28.743c12.712-20.341 41.973-19.676 54.257-.022zM497.288 301.12l-27.515-44.065c-3.511-5.623-10.916-7.334-16.538-3.821l-33.861 21.159c-5.62 3.512-7.33 10.915-3.818 16.536l27.564 44.112c13.257 21.211-2.057 48.96-27.136 48.96H320V336.02c0-14.213-17.242-21.383-27.313-11.313l-80 79.981c-6.249 6.248-6.249 16.379 0 22.627l80 79.989C302.689 517.308 320 510.3 320 495.989V448h95.88c75.274 0 121.335-82.997 81.408-146.88z\"><\/path><\/svg>\t\t\t\t\t\t<\/span>\n\t\t\t\t\t\t\t\t\t\t<span class=\"elementor-icon-list-text\">100%-ban \u00fajrahasznos\u00edthat\u00f3 alapanyagb\u00f3l<\/span>\n\t\t\t\t\t\t\t\t\t<\/li>\n\t\t\t\t\t\t<\/ul>\n\t\t\t\t\t\t<\/div>\n\t\t\t\t<\/div>\n\t\t\t\t\t<\/div>\n\t\t\t\t<\/div>\n\t\t<div class=\"elementor-element elementor-element-fd146a6 e-flex e-con-boxed e-con e-parent\" data-id=\"fd146a6\" data-element_type=\"container\">\n\t\t\t\t\t<div class=\"e-con-inner\">\n\t\t\t\t<div class=\"elementor-element elementor-element-70877a6 elementor-widget elementor-widget-spacer\" data-id=\"70877a6\" data-element_type=\"widget\" data-widget_type=\"spacer.default\">\n\t\t\t\t<div class=\"elementor-widget-container\">\n\t\t\t\t\t\t\t<div class=\"elementor-spacer\">\n\t\t\t<div class=\"elementor-spacer-inner\"><\/div>\n\t\t<\/div>\n\t\t\t\t\t\t<\/div>\n\t\t\t\t<\/div>\n\t\t\t\t\t<\/div>\n\t\t\t\t<\/div>\n\t\t\t\t<\/div>\n\t\t","protected":false},"excerpt":{"rendered":"<p>Vissza Term\u00e9kek Vir\u00e1gf\u00f6ld csomagol\u00e1s Term\u00e9k\u00fcnk egy co-ex ig\u00e9ny eset\u00e9n k\u00e9tsz\u00edn\u0171 polietil\u00e9n Anti-UV adal\u00e9kkal ell\u00e1tott f\u00f3lia. Dedik\u00e1lt vir\u00e1gf\u00f6ld csomagol\u00e1sunk 50 micron vastags\u00e1gt\u00f3l el\u00e9rhet\u0151. Term\u00e9k\u00fcnk karakterisztik\u00e1j\u00e1nak k\u00f6sz\u00f6nhet\u0151en alkalmas szinte az \u00f6sszes csomagol\u00f3g\u00e9pen t\u00f6rt\u00e9n\u0151 felhaszn\u00e1l\u00e1sra a bels\u0151-bels\u0151, illetve a k\u00fcls\u0151-bels\u0151 hegeszthet\u0151s\u00e9g miatt. A f\u00f3lia kifejezetten Flow-pack csomagol\u00f3g\u00e9pekre lett fejlesztve \u00edgy t\u00f6k\u00e9letes tapad\u00e1smentes fut\u00e1st [&hellip;]<\/p>\n","protected":false},"author":1,"featured_media":0,"parent":0,"menu_order":0,"comment_status":"closed","ping_status":"closed","template":"page-templates\/template-pagebuilder-full-width.php","meta":{"footnotes":""},"class_list":["post-671","page","type-page","status-publish","hentry"],"_links":{"self":[{"href":"https:\/\/materialplastik.hu\/wordpress\/wp-json\/wp\/v2\/pages\/671","targetHints":{"allow":["GET"]}}],"collection":[{"href":"https:\/\/materialplastik.hu\/wordpress\/wp-json\/wp\/v2\/pages"}],"about":[{"href":"https:\/\/materialplastik.hu\/wordpress\/wp-json\/wp\/v2\/types\/page"}],"author":[{"embeddable":true,"href":"https:\/\/materialplastik.hu\/wordpress\/wp-json\/wp\/v2\/users\/1"}],"replies":[{"embeddable":true,"href":"https:\/\/materialplastik.hu\/wordpress\/wp-json\/wp\/v2\/comments?post=671"}],"version-history":[{"count":4,"href":"https:\/\/materialplastik.hu\/wordpress\/wp-json\/wp\/v2\/pages\/671\/revisions"}],"predecessor-version":[{"id":679,"href":"https:\/\/materialplastik.hu\/wordpress\/wp-json\/wp\/v2\/pages\/671\/revisions\/679"}],"wp:attachment":[{"href":"https:\/\/materialplastik.hu\/wordpress\/wp-json\/wp\/v2\/media?parent=671"}],"curies":[{"name":"wp","href":"https:\/\/api.w.org\/{rel}","templated":true}]}}