{"id":647,"date":"2024-08-12T13:41:24","date_gmt":"2024-08-12T13:41:24","guid":{"rendered":"https:\/\/materialplastik.hu\/wordpress\/?page_id=647"},"modified":"2024-08-12T13:41:29","modified_gmt":"2024-08-12T13:41:29","slug":"wc-papir","status":"publish","type":"page","link":"https:\/\/materialplastik.hu\/wordpress\/wc-papir\/","title":{"rendered":"WC pap\u00edr"},"content":{"rendered":"\t\t<div data-elementor-type=\"wp-page\" data-elementor-id=\"647\" class=\"elementor elementor-647\">\n\t\t\t\t<div class=\"elementor-element elementor-element-6a9e962 e-flex e-con-boxed e-con e-parent\" data-id=\"6a9e962\" data-element_type=\"container\">\n\t\t\t\t\t<div class=\"e-con-inner\">\n\t\t\t\t<div class=\"elementor-element elementor-element-65fefb2 elementor-widget elementor-widget-spacer\" data-id=\"65fefb2\" data-element_type=\"widget\" data-widget_type=\"spacer.default\">\n\t\t\t\t<div class=\"elementor-widget-container\">\n\t\t\t\t\t\t\t<div class=\"elementor-spacer\">\n\t\t\t<div class=\"elementor-spacer-inner\"><\/div>\n\t\t<\/div>\n\t\t\t\t\t\t<\/div>\n\t\t\t\t<\/div>\n\t\t\t\t\t<\/div>\n\t\t\t\t<\/div>\n\t\t<div class=\"elementor-element elementor-element-62fcc2d e-flex e-con-boxed e-con e-parent\" data-id=\"62fcc2d\" data-element_type=\"container\">\n\t\t\t\t\t<div class=\"e-con-inner\">\n\t\t<div class=\"elementor-element elementor-element-9d6d4d3 e-con-full e-flex e-con e-child\" data-id=\"9d6d4d3\" data-element_type=\"container\">\n\t\t\t\t<div class=\"elementor-element elementor-element-1b460bd elementor-widget elementor-widget-button\" data-id=\"1b460bd\" data-element_type=\"widget\" data-widget_type=\"button.default\">\n\t\t\t\t<div class=\"elementor-widget-container\">\n\t\t\t\t\t\t\t\t\t<div class=\"elementor-button-wrapper\">\n\t\t\t\t\t<a class=\"elementor-button elementor-button-link elementor-size-sm\" href=\"https:\/\/materialplastik.hu\/wordpress\/index.php\/higiene\/\">\n\t\t\t\t\t\t<span class=\"elementor-button-content-wrapper\">\n\t\t\t\t\t\t\t\t\t<span class=\"elementor-button-text\">Vissza<\/span>\n\t\t\t\t\t<\/span>\n\t\t\t\t\t<\/a>\n\t\t\t\t<\/div>\n\t\t\t\t\t\t\t\t<\/div>\n\t\t\t\t<\/div>\n\t\t\t\t<\/div>\n\t\t<div class=\"elementor-element elementor-element-b0ac069 e-con-full e-flex e-con e-child\" data-id=\"b0ac069\" data-element_type=\"container\">\n\t\t\t\t<div class=\"elementor-element elementor-element-9d75aa9 elementor-widget elementor-widget-html\" data-id=\"9d75aa9\" data-element_type=\"widget\" data-widget_type=\"html.default\">\n\t\t\t\t<div class=\"elementor-widget-container\">\n\t\t\t\t\t<style>\n    .breadcrumb-links {\n        font-size: 24px;\n        \n    }\n    .breadcrumb-links a {\n        color: #0C3C8E;\n        font-weight: bold;\n    }\n    .breadcrumb-links a:hover {\n        cursor: pointer;\n        transform: \n    }\n    .link-between {\n        color: #0C3C8E;\n        font-weight: bold;\n        margin-left: 5px;\n        margin-right: 5px;\n    }\n<\/style>\n<div class=\"breadcrumb-links\">\n    <a href=\"https:\/\/materialplastik.hu\/wordpress\/index.php\/termekek\/\">Term\u00e9kek<\/a>\n    <span class=\"link-between\">-<\/span>\n    <a href=\"https:\/\/materialplastik.hu\/wordpress\/index.php\/higiene\/\">Higi\u00e9niai term\u00e9kek<\/a>\n    <span class=\"link-between\">-<\/span>\n    <strong>WC pap\u00edr csomagol\u00e1s<\/strong>\n<\/div>\t\t\t\t<\/div>\n\t\t\t\t<\/div>\n\t\t\t\t<\/div>\n\t\t\t\t\t<\/div>\n\t\t\t\t<\/div>\n\t\t<div class=\"elementor-element elementor-element-d29f85f e-flex e-con-boxed e-con e-parent\" data-id=\"d29f85f\" data-element_type=\"container\">\n\t\t\t\t\t<div class=\"e-con-inner\">\n\t\t\t\t<div class=\"elementor-element elementor-element-1e9e36c elementor-widget elementor-widget-spacer\" data-id=\"1e9e36c\" data-element_type=\"widget\" data-widget_type=\"spacer.default\">\n\t\t\t\t<div class=\"elementor-widget-container\">\n\t\t\t\t\t\t\t<div class=\"elementor-spacer\">\n\t\t\t<div class=\"elementor-spacer-inner\"><\/div>\n\t\t<\/div>\n\t\t\t\t\t\t<\/div>\n\t\t\t\t<\/div>\n\t\t\t\t\t<\/div>\n\t\t\t\t<\/div>\n\t\t<div class=\"elementor-element elementor-element-266cc52 e-flex e-con-boxed e-con e-parent\" data-id=\"266cc52\" data-element_type=\"container\">\n\t\t\t\t\t<div class=\"e-con-inner\">\n\t\t<div class=\"elementor-element elementor-element-f973778 e-con-full e-flex e-con e-child\" data-id=\"f973778\" data-element_type=\"container\">\n\t\t\t\t<div class=\"elementor-element elementor-element-2339cad elementor-widget elementor-widget-heading\" data-id=\"2339cad\" data-element_type=\"widget\" data-widget_type=\"heading.default\">\n\t\t\t\t<div class=\"elementor-widget-container\">\n\t\t\t\t\t<h2 class=\"elementor-heading-title elementor-size-default\">WC pap\u00edr csomagol\u00e1s<\/h2>\t\t\t\t<\/div>\n\t\t\t\t<\/div>\n\t\t\t\t<div class=\"elementor-element elementor-element-dea8a3b elementor-widget elementor-widget-text-editor\" data-id=\"dea8a3b\" data-element_type=\"widget\" data-widget_type=\"text-editor.default\">\n\t\t\t\t<div class=\"elementor-widget-container\">\n\t\t\t\t\t\t\t\t\t<p>Portf\u00f3li\u00f3nkban ak\u00e1r 25 micron vastags\u00e1gt\u00f3l gy\u00e1rtott co-ex polietil\u00e9n vagy BOPP f\u00f3li\u00e1k szerepelnek melyek t\u00f6bbek k\u00f6zt zsebkend\u0151 egys\u00e9gcsomagol\u00e1s\u00e1ra szolg\u00e1lnak lefedve az \u00f6sszes jelenleg el\u00e9rhet\u0151 kiszerel\u00e9st.<\/p><p>Term\u00e9keink ak\u00e1r 10 sz\u00ednnel nyomtatott, illetve transzparens form\u00e1ban is el\u00e9rhet\u0151k.<\/p><p>Az antisztatikus adal\u00e9kkal ell\u00e1tott f\u00f3lia biztos\u00edtja a kiv\u00e1l\u00f3 fut\u00e1st a nagy sebess\u00e9g\u0171 csomagol\u00f3 g\u00e9peken.<\/p><p>Minden higi\u00e9niai f\u00f3li\u00e1nk 100%-ban \u00fajrahasznos\u00edthat\u00f3.<\/p>\t\t\t\t\t\t\t\t<\/div>\n\t\t\t\t<\/div>\n\t\t\t\t<\/div>\n\t\t<div class=\"elementor-element elementor-element-d38f781 e-con-full e-flex e-con e-child\" data-id=\"d38f781\" data-element_type=\"container\">\n\t\t\t\t<div class=\"elementor-element elementor-element-7a88e1e elementor-widget elementor-widget-image\" data-id=\"7a88e1e\" data-element_type=\"widget\" data-widget_type=\"image.default\">\n\t\t\t\t<div class=\"elementor-widget-container\">\n\t\t\t\t\t\t\t\t\t\t\t\t\t\t\t<img decoding=\"async\" src=\"https:\/\/materialplastik.hu\/wordpress\/wp-content\/uploads\/elementor\/thumbs\/toilet_pap-qsi3ffu569gcr0spf8sjhlk5vzz9v6loymx1z1v820.png\" title=\"toilet_pap\" alt=\"toilet_pap\" loading=\"lazy\" \/>\t\t\t\t\t\t\t\t\t\t\t\t\t\t\t<\/div>\n\t\t\t\t<\/div>\n\t\t\t\t<\/div>\n\t\t\t\t\t<\/div>\n\t\t\t\t<\/div>\n\t\t<div class=\"elementor-element elementor-element-0259912 e-flex e-con-boxed e-con e-parent\" data-id=\"0259912\" data-element_type=\"container\">\n\t\t\t\t\t<div class=\"e-con-inner\">\n\t\t\t\t<div class=\"elementor-element elementor-element-cf305a4 elementor-icon-list--layout-traditional elementor-list-item-link-full_width elementor-widget elementor-widget-icon-list\" data-id=\"cf305a4\" data-element_type=\"widget\" data-widget_type=\"icon-list.default\">\n\t\t\t\t<div class=\"elementor-widget-container\">\n\t\t\t\t\t\t\t<ul class=\"elementor-icon-list-items\">\n\t\t\t\t\t\t\t<li class=\"elementor-icon-list-item\">\n\t\t\t\t\t\t\t\t\t\t\t<span class=\"elementor-icon-list-icon\">\n\t\t\t\t\t\t\t<svg aria-hidden=\"true\" class=\"e-font-icon-svg e-fas-palette\" viewBox=\"0 0 512 512\" xmlns=\"http:\/\/www.w3.org\/2000\/svg\"><path d=\"M204.3 5C104.9 24.4 24.8 104.3 5.2 203.4c-37 187 131.7 326.4 258.8 306.7 41.2-6.4 61.4-54.6 42.5-91.7-23.1-45.4 9.9-98.4 60.9-98.4h79.7c35.8 0 64.8-29.6 64.9-65.3C511.5 97.1 368.1-26.9 204.3 5zM96 320c-17.7 0-32-14.3-32-32s14.3-32 32-32 32 14.3 32 32-14.3 32-32 32zm32-128c-17.7 0-32-14.3-32-32s14.3-32 32-32 32 14.3 32 32-14.3 32-32 32zm128-64c-17.7 0-32-14.3-32-32s14.3-32 32-32 32 14.3 32 32-14.3 32-32 32zm128 64c-17.7 0-32-14.3-32-32s14.3-32 32-32 32 14.3 32 32-14.3 32-32 32z\"><\/path><\/svg>\t\t\t\t\t\t<\/span>\n\t\t\t\t\t\t\t\t\t\t<span class=\"elementor-icon-list-text\">10 sz\u00ednnel nyomtatott, vagy transzparens<\/span>\n\t\t\t\t\t\t\t\t\t<\/li>\n\t\t\t\t\t\t\t\t<li class=\"elementor-icon-list-item\">\n\t\t\t\t\t\t\t\t\t\t\t<span class=\"elementor-icon-list-icon\">\n\t\t\t\t\t\t\t<svg aria-hidden=\"true\" class=\"e-font-icon-svg e-fas-ruler-vertical\" viewBox=\"0 0 256 512\" xmlns=\"http:\/\/www.w3.org\/2000\/svg\"><path d=\"M168 416c-4.42 0-8-3.58-8-8v-16c0-4.42 3.58-8 8-8h88v-64h-88c-4.42 0-8-3.58-8-8v-16c0-4.42 3.58-8 8-8h88v-64h-88c-4.42 0-8-3.58-8-8v-16c0-4.42 3.58-8 8-8h88v-64h-88c-4.42 0-8-3.58-8-8v-16c0-4.42 3.58-8 8-8h88V32c0-17.67-14.33-32-32-32H32C14.33 0 0 14.33 0 32v448c0 17.67 14.33 32 32 32h192c17.67 0 32-14.33 32-32v-64h-88z\"><\/path><\/svg>\t\t\t\t\t\t<\/span>\n\t\t\t\t\t\t\t\t\t\t<span class=\"elementor-icon-list-text\">25 micron vastags\u00e1gt\u00f3l<\/span>\n\t\t\t\t\t\t\t\t\t<\/li>\n\t\t\t\t\t\t\t\t<li class=\"elementor-icon-list-item\">\n\t\t\t\t\t\t\t\t\t\t\t<span class=\"elementor-icon-list-icon\">\n\t\t\t\t\t\t\t<svg aria-hidden=\"true\" class=\"e-font-icon-svg e-fas-recycle\" viewBox=\"0 0 512 512\" xmlns=\"http:\/\/www.w3.org\/2000\/svg\"><path d=\"M184.561 261.903c3.232 13.997-12.123 24.635-24.068 17.168l-40.736-25.455-50.867 81.402C55.606 356.273 70.96 384 96.012 384H148c6.627 0 12 5.373 12 12v40c0 6.627-5.373 12-12 12H96.115c-75.334 0-121.302-83.048-81.408-146.88l50.822-81.388-40.725-25.448c-12.081-7.547-8.966-25.961 4.879-29.158l110.237-25.45c8.611-1.988 17.201 3.381 19.189 11.99l25.452 110.237zm98.561-182.915l41.289 66.076-40.74 25.457c-12.051 7.528-9 25.953 4.879 29.158l110.237 25.45c8.672 1.999 17.215-3.438 19.189-11.99l25.45-110.237c3.197-13.844-11.99-24.719-24.068-17.168l-40.687 25.424-41.263-66.082c-37.521-60.033-125.209-60.171-162.816 0l-17.963 28.766c-3.51 5.62-1.8 13.021 3.82 16.533l33.919 21.195c5.62 3.512 13.024 1.803 16.536-3.817l17.961-28.743c12.712-20.341 41.973-19.676 54.257-.022zM497.288 301.12l-27.515-44.065c-3.511-5.623-10.916-7.334-16.538-3.821l-33.861 21.159c-5.62 3.512-7.33 10.915-3.818 16.536l27.564 44.112c13.257 21.211-2.057 48.96-27.136 48.96H320V336.02c0-14.213-17.242-21.383-27.313-11.313l-80 79.981c-6.249 6.248-6.249 16.379 0 22.627l80 79.989C302.689 517.308 320 510.3 320 495.989V448h95.88c75.274 0 121.335-82.997 81.408-146.88z\"><\/path><\/svg>\t\t\t\t\t\t<\/span>\n\t\t\t\t\t\t\t\t\t\t<span class=\"elementor-icon-list-text\">100%-ban \u00fajrahasznos\u00edthat\u00f3 alapanyagb\u00f3l<\/span>\n\t\t\t\t\t\t\t\t\t<\/li>\n\t\t\t\t\t\t<\/ul>\n\t\t\t\t\t\t<\/div>\n\t\t\t\t<\/div>\n\t\t\t\t\t<\/div>\n\t\t\t\t<\/div>\n\t\t<div class=\"elementor-element elementor-element-8977c95 e-flex e-con-boxed e-con e-parent\" data-id=\"8977c95\" data-element_type=\"container\">\n\t\t\t\t\t<div class=\"e-con-inner\">\n\t\t\t\t<div class=\"elementor-element elementor-element-7c5e94a elementor-widget elementor-widget-spacer\" data-id=\"7c5e94a\" data-element_type=\"widget\" data-widget_type=\"spacer.default\">\n\t\t\t\t<div class=\"elementor-widget-container\">\n\t\t\t\t\t\t\t<div class=\"elementor-spacer\">\n\t\t\t<div class=\"elementor-spacer-inner\"><\/div>\n\t\t<\/div>\n\t\t\t\t\t\t<\/div>\n\t\t\t\t<\/div>\n\t\t\t\t\t<\/div>\n\t\t\t\t<\/div>\n\t\t\t\t<\/div>\n\t\t","protected":false},"excerpt":{"rendered":"<p>Vissza Term\u00e9kek &#8211; Higi\u00e9niai term\u00e9kek &#8211; WC pap\u00edr csomagol\u00e1s WC pap\u00edr csomagol\u00e1s Portf\u00f3li\u00f3nkban ak\u00e1r 25 micron vastags\u00e1gt\u00f3l gy\u00e1rtott co-ex polietil\u00e9n vagy BOPP f\u00f3li\u00e1k szerepelnek melyek t\u00f6bbek k\u00f6zt zsebkend\u0151 egys\u00e9gcsomagol\u00e1s\u00e1ra szolg\u00e1lnak lefedve az \u00f6sszes jelenleg el\u00e9rhet\u0151 kiszerel\u00e9st. Term\u00e9keink ak\u00e1r 10 sz\u00ednnel nyomtatott, illetve transzparens form\u00e1ban is el\u00e9rhet\u0151k. Az antisztatikus adal\u00e9kkal ell\u00e1tott [&hellip;]<\/p>\n","protected":false},"author":1,"featured_media":0,"parent":0,"menu_order":0,"comment_status":"closed","ping_status":"closed","template":"page-templates\/template-pagebuilder-full-width.php","meta":{"footnotes":""},"class_list":["post-647","page","type-page","status-publish","hentry"],"_links":{"self":[{"href":"https:\/\/materialplastik.hu\/wordpress\/wp-json\/wp\/v2\/pages\/647","targetHints":{"allow":["GET"]}}],"collection":[{"href":"https:\/\/materialplastik.hu\/wordpress\/wp-json\/wp\/v2\/pages"}],"about":[{"href":"https:\/\/materialplastik.hu\/wordpress\/wp-json\/wp\/v2\/types\/page"}],"author":[{"embeddable":true,"href":"https:\/\/materialplastik.hu\/wordpress\/wp-json\/wp\/v2\/users\/1"}],"replies":[{"embeddable":true,"href":"https:\/\/materialplastik.hu\/wordpress\/wp-json\/wp\/v2\/comments?post=647"}],"version-history":[{"count":3,"href":"https:\/\/materialplastik.hu\/wordpress\/wp-json\/wp\/v2\/pages\/647\/revisions"}],"predecessor-version":[{"id":651,"href":"https:\/\/materialplastik.hu\/wordpress\/wp-json\/wp\/v2\/pages\/647\/revisions\/651"}],"wp:attachment":[{"href":"https:\/\/materialplastik.hu\/wordpress\/wp-json\/wp\/v2\/media?parent=647"}],"curies":[{"name":"wp","href":"https:\/\/api.w.org\/{rel}","templated":true}]}}