{"id":612,"date":"2024-08-12T13:04:30","date_gmt":"2024-08-12T13:04:30","guid":{"rendered":"https:\/\/materialplastik.hu\/wordpress\/?page_id=612"},"modified":"2024-08-12T13:13:29","modified_gmt":"2024-08-12T13:13:29","slug":"pekaruk","status":"publish","type":"page","link":"https:\/\/materialplastik.hu\/wordpress\/pekaruk\/","title":{"rendered":"P\u00e9k\u00e1ruk"},"content":{"rendered":"\t\t<div data-elementor-type=\"wp-page\" data-elementor-id=\"612\" class=\"elementor elementor-612\">\n\t\t\t\t<div class=\"elementor-element elementor-element-2d91c35 e-flex e-con-boxed e-con e-parent\" data-id=\"2d91c35\" data-element_type=\"container\">\n\t\t\t\t\t<div class=\"e-con-inner\">\n\t\t\t\t<div class=\"elementor-element elementor-element-08bde39 elementor-widget elementor-widget-spacer\" data-id=\"08bde39\" data-element_type=\"widget\" data-widget_type=\"spacer.default\">\n\t\t\t\t<div class=\"elementor-widget-container\">\n\t\t\t\t\t\t\t<div class=\"elementor-spacer\">\n\t\t\t<div class=\"elementor-spacer-inner\"><\/div>\n\t\t<\/div>\n\t\t\t\t\t\t<\/div>\n\t\t\t\t<\/div>\n\t\t\t\t\t<\/div>\n\t\t\t\t<\/div>\n\t\t<div class=\"elementor-element elementor-element-aa8e151 e-flex e-con-boxed e-con e-parent\" data-id=\"aa8e151\" data-element_type=\"container\">\n\t\t\t\t\t<div class=\"e-con-inner\">\n\t\t<div class=\"elementor-element elementor-element-0c70db5 e-con-full e-flex e-con e-child\" data-id=\"0c70db5\" data-element_type=\"container\">\n\t\t\t\t<div class=\"elementor-element elementor-element-696cd27 elementor-mobile-align-justify elementor-widget elementor-widget-button\" data-id=\"696cd27\" data-element_type=\"widget\" data-widget_type=\"button.default\">\n\t\t\t\t<div class=\"elementor-widget-container\">\n\t\t\t\t\t\t\t\t\t<div class=\"elementor-button-wrapper\">\n\t\t\t\t\t<a class=\"elementor-button elementor-button-link elementor-size-sm\" href=\"https:\/\/materialplastik.hu\/wordpress\/index.php\/elelmiszerek\/\">\n\t\t\t\t\t\t<span class=\"elementor-button-content-wrapper\">\n\t\t\t\t\t\t\t\t\t<span class=\"elementor-button-text\">Vissza<\/span>\n\t\t\t\t\t<\/span>\n\t\t\t\t\t<\/a>\n\t\t\t\t<\/div>\n\t\t\t\t\t\t\t\t<\/div>\n\t\t\t\t<\/div>\n\t\t\t\t<\/div>\n\t\t<div class=\"elementor-element elementor-element-abad921 e-con-full elementor-hidden-mobile e-flex e-con e-child\" data-id=\"abad921\" data-element_type=\"container\">\n\t\t\t\t<div class=\"elementor-element elementor-element-f0fb200 elementor-widget elementor-widget-html\" data-id=\"f0fb200\" data-element_type=\"widget\" data-widget_type=\"html.default\">\n\t\t\t\t<div class=\"elementor-widget-container\">\n\t\t\t\t\t<style>\n    .breadcrumb-links {\n        font-size: 24px;\n        \n    }\n    .breadcrumb-links a {\n        color: #0C3C8E;\n        font-weight: bold;\n    }\n    .breadcrumb-links a:hover {\n        cursor: pointer;\n        transform: \n    }\n    .link-between {\n        color: #0C3C8E;\n        font-weight: bold;\n        margin-left: 5px;\n        margin-right: 5px;\n    }\n<\/style>\n<div class=\"breadcrumb-links\">\n    <a href=\"https:\/\/materialplastik.hu\/wordpress\/index.php\/termekek\/\">Term\u00e9kek<\/a>\n    <span class=\"link-between\">-<\/span>\n    <a href=\"https:\/\/materialplastik.hu\/wordpress\/index.php\/elelmiszerek\/\">\u00c9lelmiszerek<\/a>\n    <span class=\"link-between\">-<\/span>\n    <strong>Keny\u00e9r csomagol\u00e1s<\/strong>\n<\/div>\t\t\t\t<\/div>\n\t\t\t\t<\/div>\n\t\t\t\t<\/div>\n\t\t\t\t\t<\/div>\n\t\t\t\t<\/div>\n\t\t<div class=\"elementor-element elementor-element-80aa999 e-flex e-con-boxed e-con e-parent\" data-id=\"80aa999\" data-element_type=\"container\">\n\t\t\t\t\t<div class=\"e-con-inner\">\n\t\t<div class=\"elementor-element elementor-element-b61ce5e e-con-full e-flex e-con e-child\" data-id=\"b61ce5e\" data-element_type=\"container\">\n\t\t\t\t<div class=\"elementor-element elementor-element-bd9679d elementor-widget elementor-widget-heading\" data-id=\"bd9679d\" data-element_type=\"widget\" data-widget_type=\"heading.default\">\n\t\t\t\t<div class=\"elementor-widget-container\">\n\t\t\t\t\t<h3 class=\"elementor-heading-title elementor-size-default\">Keny\u00e9r \u00e9s p\u00e9k\u00e1ru csomagol\u00e1s<\/h3>\t\t\t\t<\/div>\n\t\t\t\t<\/div>\n\t\t\t\t<div class=\"elementor-element elementor-element-cd788b2 elementor-widget elementor-widget-text-editor\" data-id=\"cd788b2\" data-element_type=\"widget\" data-widget_type=\"text-editor.default\">\n\t\t\t\t<div class=\"elementor-widget-container\">\n\t\t\t\t\t\t\t\t\t<p>Az \u00e1ltalunk gy\u00e1rtott zacsk\u00f3k gyors csomagol\u00f3g\u00e9peken val\u00f3 munkav\u00e9gz\u00e9sre alkalmasak. Nagy \u00e1tl\u00e1tsz\u00f3s\u00e1guk \u00e9s f\u00e9nyess\u00e9g\u00fck biztos\u00edtja a csomagolt keny\u00e9r j\u00f3 l\u00e1that\u00f3s\u00e1g\u00e1t. A zacsk\u00f3k LDPE vagy cPP f\u00f3li\u00e1b\u00f3l k\u00e9sz\u00fclnek.<br \/>Ak\u00e1r 10 sz\u00ednnel nyomtatva<\/p><p>Minden p\u00e9k\u00e1ru csomagol\u00f3 f\u00f3li\u00e1nk 100%-ban \u00fajrahasznos\u00edthat\u00f3.<\/p>\t\t\t\t\t\t\t\t<\/div>\n\t\t\t\t<\/div>\n\t\t\t\t<\/div>\n\t\t<div class=\"elementor-element elementor-element-24cea82 e-con-full e-flex e-con e-child\" data-id=\"24cea82\" data-element_type=\"container\">\n\t\t\t\t<div class=\"elementor-element elementor-element-2fc5d73 elementor-widget elementor-widget-image\" data-id=\"2fc5d73\" data-element_type=\"widget\" data-widget_type=\"image.default\">\n\t\t\t\t<div class=\"elementor-widget-container\">\n\t\t\t\t\t\t\t\t\t\t\t\t\t\t\t<img decoding=\"async\" src=\"https:\/\/materialplastik.hu\/wordpress\/wp-content\/uploads\/elementor\/thumbs\/Bread_bag_v1-qsi05mqcls76319foe8bifmdzb3ceqvzd0w2nj2iy8.png\" title=\"Bread_bag_v1\" alt=\"Bread_bag_v1\" loading=\"lazy\" \/>\t\t\t\t\t\t\t\t\t\t\t\t\t\t\t<\/div>\n\t\t\t\t<\/div>\n\t\t\t\t<\/div>\n\t\t\t\t\t<\/div>\n\t\t\t\t<\/div>\n\t\t<div class=\"elementor-element elementor-element-703ab57 e-flex e-con-boxed e-con e-parent\" data-id=\"703ab57\" data-element_type=\"container\">\n\t\t\t\t\t<div class=\"e-con-inner\">\n\t\t\t\t<div class=\"elementor-element elementor-element-d2c4f24 elementor-icon-list--layout-traditional elementor-list-item-link-full_width elementor-widget elementor-widget-icon-list\" data-id=\"d2c4f24\" data-element_type=\"widget\" data-widget_type=\"icon-list.default\">\n\t\t\t\t<div class=\"elementor-widget-container\">\n\t\t\t\t\t\t\t<ul class=\"elementor-icon-list-items\">\n\t\t\t\t\t\t\t<li class=\"elementor-icon-list-item\">\n\t\t\t\t\t\t\t\t\t\t\t<span class=\"elementor-icon-list-icon\">\n\t\t\t\t\t\t\t<svg aria-hidden=\"true\" class=\"e-font-icon-svg e-fas-palette\" viewBox=\"0 0 512 512\" xmlns=\"http:\/\/www.w3.org\/2000\/svg\"><path d=\"M204.3 5C104.9 24.4 24.8 104.3 5.2 203.4c-37 187 131.7 326.4 258.8 306.7 41.2-6.4 61.4-54.6 42.5-91.7-23.1-45.4 9.9-98.4 60.9-98.4h79.7c35.8 0 64.8-29.6 64.9-65.3C511.5 97.1 368.1-26.9 204.3 5zM96 320c-17.7 0-32-14.3-32-32s14.3-32 32-32 32 14.3 32 32-14.3 32-32 32zm32-128c-17.7 0-32-14.3-32-32s14.3-32 32-32 32 14.3 32 32-14.3 32-32 32zm128-64c-17.7 0-32-14.3-32-32s14.3-32 32-32 32 14.3 32 32-14.3 32-32 32zm128 64c-17.7 0-32-14.3-32-32s14.3-32 32-32 32 14.3 32 32-14.3 32-32 32z\"><\/path><\/svg>\t\t\t\t\t\t<\/span>\n\t\t\t\t\t\t\t\t\t\t<span class=\"elementor-icon-list-text\">Ak\u00e1r 10 sz\u00ednnel nyomtatva, vagy nyomatlanul<\/span>\n\t\t\t\t\t\t\t\t\t<\/li>\n\t\t\t\t\t\t\t\t<li class=\"elementor-icon-list-item\">\n\t\t\t\t\t\t\t\t\t\t\t<span class=\"elementor-icon-list-icon\">\n\t\t\t\t\t\t\t<svg aria-hidden=\"true\" class=\"e-font-icon-svg e-fas-recycle\" viewBox=\"0 0 512 512\" xmlns=\"http:\/\/www.w3.org\/2000\/svg\"><path d=\"M184.561 261.903c3.232 13.997-12.123 24.635-24.068 17.168l-40.736-25.455-50.867 81.402C55.606 356.273 70.96 384 96.012 384H148c6.627 0 12 5.373 12 12v40c0 6.627-5.373 12-12 12H96.115c-75.334 0-121.302-83.048-81.408-146.88l50.822-81.388-40.725-25.448c-12.081-7.547-8.966-25.961 4.879-29.158l110.237-25.45c8.611-1.988 17.201 3.381 19.189 11.99l25.452 110.237zm98.561-182.915l41.289 66.076-40.74 25.457c-12.051 7.528-9 25.953 4.879 29.158l110.237 25.45c8.672 1.999 17.215-3.438 19.189-11.99l25.45-110.237c3.197-13.844-11.99-24.719-24.068-17.168l-40.687 25.424-41.263-66.082c-37.521-60.033-125.209-60.171-162.816 0l-17.963 28.766c-3.51 5.62-1.8 13.021 3.82 16.533l33.919 21.195c5.62 3.512 13.024 1.803 16.536-3.817l17.961-28.743c12.712-20.341 41.973-19.676 54.257-.022zM497.288 301.12l-27.515-44.065c-3.511-5.623-10.916-7.334-16.538-3.821l-33.861 21.159c-5.62 3.512-7.33 10.915-3.818 16.536l27.564 44.112c13.257 21.211-2.057 48.96-27.136 48.96H320V336.02c0-14.213-17.242-21.383-27.313-11.313l-80 79.981c-6.249 6.248-6.249 16.379 0 22.627l80 79.989C302.689 517.308 320 510.3 320 495.989V448h95.88c75.274 0 121.335-82.997 81.408-146.88z\"><\/path><\/svg>\t\t\t\t\t\t<\/span>\n\t\t\t\t\t\t\t\t\t\t<span class=\"elementor-icon-list-text\">100%-ban \u00fajrahasznos\u00edthat\u00f3 alapanyagb\u00f3l<\/span>\n\t\t\t\t\t\t\t\t\t<\/li>\n\t\t\t\t\t\t<\/ul>\n\t\t\t\t\t\t<\/div>\n\t\t\t\t<\/div>\n\t\t\t\t\t<\/div>\n\t\t\t\t<\/div>\n\t\t<div class=\"elementor-element elementor-element-61c5138 e-flex e-con-boxed e-con e-parent\" data-id=\"61c5138\" data-element_type=\"container\">\n\t\t\t\t\t<div class=\"e-con-inner\">\n\t\t\t\t<div class=\"elementor-element elementor-element-83ab7d2 elementor-widget elementor-widget-spacer\" data-id=\"83ab7d2\" data-element_type=\"widget\" data-widget_type=\"spacer.default\">\n\t\t\t\t<div class=\"elementor-widget-container\">\n\t\t\t\t\t\t\t<div class=\"elementor-spacer\">\n\t\t\t<div class=\"elementor-spacer-inner\"><\/div>\n\t\t<\/div>\n\t\t\t\t\t\t<\/div>\n\t\t\t\t<\/div>\n\t\t\t\t\t<\/div>\n\t\t\t\t<\/div>\n\t\t\t\t<\/div>\n\t\t","protected":false},"excerpt":{"rendered":"<p>Vissza Term\u00e9kek &#8211; \u00c9lelmiszerek &#8211; Keny\u00e9r csomagol\u00e1s Keny\u00e9r \u00e9s p\u00e9k\u00e1ru csomagol\u00e1s Az \u00e1ltalunk gy\u00e1rtott zacsk\u00f3k gyors csomagol\u00f3g\u00e9peken val\u00f3 munkav\u00e9gz\u00e9sre alkalmasak. Nagy \u00e1tl\u00e1tsz\u00f3s\u00e1guk \u00e9s f\u00e9nyess\u00e9g\u00fck biztos\u00edtja a csomagolt keny\u00e9r j\u00f3 l\u00e1that\u00f3s\u00e1g\u00e1t. A zacsk\u00f3k LDPE vagy cPP f\u00f3li\u00e1b\u00f3l k\u00e9sz\u00fclnek.Ak\u00e1r 10 sz\u00ednnel nyomtatva Minden p\u00e9k\u00e1ru csomagol\u00f3 f\u00f3li\u00e1nk 100%-ban \u00fajrahasznos\u00edthat\u00f3. Ak\u00e1r 10 sz\u00ednnel nyomtatva, [&hellip;]<\/p>\n","protected":false},"author":1,"featured_media":0,"parent":0,"menu_order":0,"comment_status":"closed","ping_status":"closed","template":"page-templates\/template-pagebuilder-full-width.php","meta":{"footnotes":""},"class_list":["post-612","page","type-page","status-publish","hentry"],"_links":{"self":[{"href":"https:\/\/materialplastik.hu\/wordpress\/wp-json\/wp\/v2\/pages\/612","targetHints":{"allow":["GET"]}}],"collection":[{"href":"https:\/\/materialplastik.hu\/wordpress\/wp-json\/wp\/v2\/pages"}],"about":[{"href":"https:\/\/materialplastik.hu\/wordpress\/wp-json\/wp\/v2\/types\/page"}],"author":[{"embeddable":true,"href":"https:\/\/materialplastik.hu\/wordpress\/wp-json\/wp\/v2\/users\/1"}],"replies":[{"embeddable":true,"href":"https:\/\/materialplastik.hu\/wordpress\/wp-json\/wp\/v2\/comments?post=612"}],"version-history":[{"count":4,"href":"https:\/\/materialplastik.hu\/wordpress\/wp-json\/wp\/v2\/pages\/612\/revisions"}],"predecessor-version":[{"id":625,"href":"https:\/\/materialplastik.hu\/wordpress\/wp-json\/wp\/v2\/pages\/612\/revisions\/625"}],"wp:attachment":[{"href":"https:\/\/materialplastik.hu\/wordpress\/wp-json\/wp\/v2\/media?parent=612"}],"curies":[{"name":"wp","href":"https:\/\/api.w.org\/{rel}","templated":true}]}}