{"id":548,"date":"2024-08-12T12:21:14","date_gmt":"2024-08-12T12:21:14","guid":{"rendered":"https:\/\/materialplastik.hu\/wordpress\/?page_id=548"},"modified":"2024-08-12T12:25:36","modified_gmt":"2024-08-12T12:25:36","slug":"husok","status":"publish","type":"page","link":"https:\/\/materialplastik.hu\/wordpress\/husok\/","title":{"rendered":"H\u00fasok"},"content":{"rendered":"\t\t<div data-elementor-type=\"wp-page\" data-elementor-id=\"548\" class=\"elementor elementor-548\">\n\t\t\t\t<div class=\"elementor-element elementor-element-1470c88 e-flex e-con-boxed e-con e-parent\" data-id=\"1470c88\" data-element_type=\"container\">\n\t\t\t\t\t<div class=\"e-con-inner\">\n\t\t\t\t<div class=\"elementor-element elementor-element-e5cfcc2 elementor-widget elementor-widget-spacer\" data-id=\"e5cfcc2\" data-element_type=\"widget\" data-widget_type=\"spacer.default\">\n\t\t\t\t<div class=\"elementor-widget-container\">\n\t\t\t\t\t\t\t<div class=\"elementor-spacer\">\n\t\t\t<div class=\"elementor-spacer-inner\"><\/div>\n\t\t<\/div>\n\t\t\t\t\t\t<\/div>\n\t\t\t\t<\/div>\n\t\t\t\t\t<\/div>\n\t\t\t\t<\/div>\n\t\t<div class=\"elementor-element elementor-element-86c086e e-flex e-con-boxed e-con e-parent\" data-id=\"86c086e\" data-element_type=\"container\">\n\t\t\t\t\t<div class=\"e-con-inner\">\n\t\t<div class=\"elementor-element elementor-element-0e1250d e-con-full e-flex e-con e-child\" data-id=\"0e1250d\" data-element_type=\"container\">\n\t\t\t\t<div class=\"elementor-element elementor-element-2f6dedb elementor-mobile-align-justify elementor-widget elementor-widget-button\" data-id=\"2f6dedb\" data-element_type=\"widget\" data-widget_type=\"button.default\">\n\t\t\t\t<div class=\"elementor-widget-container\">\n\t\t\t\t\t\t\t\t\t<div class=\"elementor-button-wrapper\">\n\t\t\t\t\t<a class=\"elementor-button elementor-button-link elementor-size-sm\" href=\"https:\/\/materialplastik.hu\/wordpress\/index.php\/elelmiszerek\/\">\n\t\t\t\t\t\t<span class=\"elementor-button-content-wrapper\">\n\t\t\t\t\t\t\t\t\t<span class=\"elementor-button-text\">Vissza<\/span>\n\t\t\t\t\t<\/span>\n\t\t\t\t\t<\/a>\n\t\t\t\t<\/div>\n\t\t\t\t\t\t\t\t<\/div>\n\t\t\t\t<\/div>\n\t\t\t\t<\/div>\n\t\t<div class=\"elementor-element elementor-element-e54f5ed e-con-full elementor-hidden-mobile e-flex e-con e-child\" data-id=\"e54f5ed\" data-element_type=\"container\">\n\t\t\t\t<div class=\"elementor-element elementor-element-fae342e elementor-widget elementor-widget-html\" data-id=\"fae342e\" data-element_type=\"widget\" data-widget_type=\"html.default\">\n\t\t\t\t<div class=\"elementor-widget-container\">\n\t\t\t\t\t<style>\n    .breadcrumb-links {\n        font-size: 24px;\n        \n    }\n    .breadcrumb-links a {\n        color: #0C3C8E;\n        font-weight: bold;\n    }\n    .breadcrumb-links a:hover {\n        cursor: pointer;\n        transform: \n    }\n    .link-between {\n        color: #0C3C8E;\n        font-weight: bold;\n        margin-left: 5px;\n        margin-right: 5px;\n    }\n<\/style>\n<div class=\"breadcrumb-links\">\n    <a href=\"https:\/\/materialplastik.hu\/wordpress\/index.php\/termekek\/\">Term\u00e9kek<\/a>\n    <span class=\"link-between\">-<\/span>\n    <a href=\"https:\/\/materialplastik.hu\/wordpress\/index.php\/elelmiszerek\/\">\u00c9lelmiszerek<\/a>\n    <span class=\"link-between\">-<\/span>\n    <strong>H\u00fasok<\/strong>\n<\/div>\t\t\t\t<\/div>\n\t\t\t\t<\/div>\n\t\t\t\t<\/div>\n\t\t\t\t\t<\/div>\n\t\t\t\t<\/div>\n\t\t<div class=\"elementor-element elementor-element-23fedc2 e-flex e-con-boxed e-con e-parent\" data-id=\"23fedc2\" data-element_type=\"container\">\n\t\t\t\t\t<div class=\"e-con-inner\">\n\t\t\t\t<div class=\"elementor-element elementor-element-85f6535 elementor-widget elementor-widget-spacer\" data-id=\"85f6535\" data-element_type=\"widget\" data-widget_type=\"spacer.default\">\n\t\t\t\t<div class=\"elementor-widget-container\">\n\t\t\t\t\t\t\t<div class=\"elementor-spacer\">\n\t\t\t<div class=\"elementor-spacer-inner\"><\/div>\n\t\t<\/div>\n\t\t\t\t\t\t<\/div>\n\t\t\t\t<\/div>\n\t\t\t\t\t<\/div>\n\t\t\t\t<\/div>\n\t\t<div class=\"elementor-element elementor-element-f89f975 e-flex e-con-boxed e-con e-parent\" data-id=\"f89f975\" data-element_type=\"container\">\n\t\t\t\t\t<div class=\"e-con-inner\">\n\t\t<div class=\"elementor-element elementor-element-3ce6287 e-con-full e-flex e-con e-child\" data-id=\"3ce6287\" data-element_type=\"container\">\n\t\t\t\t<div class=\"elementor-element elementor-element-569b20a elementor-widget elementor-widget-heading\" data-id=\"569b20a\" data-element_type=\"widget\" data-widget_type=\"heading.default\">\n\t\t\t\t<div class=\"elementor-widget-container\">\n\t\t\t\t\t<h3 class=\"elementor-heading-title elementor-size-default\">H\u00fasok<\/h3>\t\t\t\t<\/div>\n\t\t\t\t<\/div>\n\t\t\t\t<div class=\"elementor-element elementor-element-6fbb1ce elementor-widget elementor-widget-text-editor\" data-id=\"6fbb1ce\" data-element_type=\"widget\" data-widget_type=\"text-editor.default\">\n\t\t\t\t<div class=\"elementor-widget-container\">\n\t\t\t\t\t\t\t\t\t<p>Term\u00e9k\u00fcnknek a f\u0151 feladata, hogy megv\u00e9dje a term\u00e9ket a k\u00fcls\u0151 behat\u00e1sokt\u00f3l, valamint v\u00e9d\u0151g\u00e1zas vagy v\u00e1kuum csomagol\u00e1s eset\u00e9n az EVOH r\u00e9tegnek k\u00f6sz\u00f6nhet\u0151en jelent\u0151sen meghosszabb\u00edtjuk a term\u00e9k eltarthat\u00f3s\u00e1g\u00e1t.<\/p><p>Ezeket a f\u00f3li\u00e1kat transzparens vagy feh\u00e9r alapanyagon ak\u00e1r 10 sz\u00ednnel nyomtatva tudjuk gy\u00e1rtani. A csomagolt term\u00e9k t\u00edpus\u00e1t\u00f3l f\u00fcgg\u0151en kieg\u00e9sz\u00edt\u0151 funkci\u00f3kat is tudunk biztos\u00edtani (peel, anti-fog).<\/p>\t\t\t\t\t\t\t\t<\/div>\n\t\t\t\t<\/div>\n\t\t\t\t<\/div>\n\t\t<div class=\"elementor-element elementor-element-34cb65e e-con-full e-flex e-con e-child\" data-id=\"34cb65e\" data-element_type=\"container\">\n\t\t\t\t<div class=\"elementor-element elementor-element-5668e68 elementor-widget elementor-widget-image\" data-id=\"5668e68\" data-element_type=\"widget\" data-widget_type=\"image.default\">\n\t\t\t\t<div class=\"elementor-widget-container\">\n\t\t\t\t\t\t\t\t\t\t\t\t\t\t\t<img decoding=\"async\" src=\"https:\/\/materialplastik.hu\/wordpress\/wp-content\/uploads\/elementor\/thumbs\/Sausage_package-1-e1723465472753-qsi0xmdc46hevtx7kcfgp5oi0o8f2i1vcl8x28ijkw.png\" title=\"Sausage_package\" alt=\"Sausage_package\" loading=\"lazy\" \/>\t\t\t\t\t\t\t\t\t\t\t\t\t\t\t<\/div>\n\t\t\t\t<\/div>\n\t\t\t\t<\/div>\n\t\t\t\t\t<\/div>\n\t\t\t\t<\/div>\n\t\t\t\t<\/div>\n\t\t","protected":false},"excerpt":{"rendered":"<p>Vissza Term\u00e9kek &#8211; \u00c9lelmiszerek &#8211; H\u00fasok H\u00fasok Term\u00e9k\u00fcnknek a f\u0151 feladata, hogy megv\u00e9dje a term\u00e9ket a k\u00fcls\u0151 behat\u00e1sokt\u00f3l, valamint v\u00e9d\u0151g\u00e1zas vagy v\u00e1kuum csomagol\u00e1s eset\u00e9n az EVOH r\u00e9tegnek k\u00f6sz\u00f6nhet\u0151en jelent\u0151sen meghosszabb\u00edtjuk a term\u00e9k eltarthat\u00f3s\u00e1g\u00e1t. Ezeket a f\u00f3li\u00e1kat transzparens vagy feh\u00e9r alapanyagon ak\u00e1r 10 sz\u00ednnel nyomtatva tudjuk gy\u00e1rtani. A csomagolt term\u00e9k t\u00edpus\u00e1t\u00f3l [&hellip;]<\/p>\n","protected":false},"author":1,"featured_media":0,"parent":0,"menu_order":0,"comment_status":"closed","ping_status":"closed","template":"page-templates\/template-pagebuilder-full-width.php","meta":{"footnotes":""},"class_list":["post-548","page","type-page","status-publish","hentry"],"_links":{"self":[{"href":"https:\/\/materialplastik.hu\/wordpress\/wp-json\/wp\/v2\/pages\/548","targetHints":{"allow":["GET"]}}],"collection":[{"href":"https:\/\/materialplastik.hu\/wordpress\/wp-json\/wp\/v2\/pages"}],"about":[{"href":"https:\/\/materialplastik.hu\/wordpress\/wp-json\/wp\/v2\/types\/page"}],"author":[{"embeddable":true,"href":"https:\/\/materialplastik.hu\/wordpress\/wp-json\/wp\/v2\/users\/1"}],"replies":[{"embeddable":true,"href":"https:\/\/materialplastik.hu\/wordpress\/wp-json\/wp\/v2\/comments?post=548"}],"version-history":[{"count":10,"href":"https:\/\/materialplastik.hu\/wordpress\/wp-json\/wp\/v2\/pages\/548\/revisions"}],"predecessor-version":[{"id":562,"href":"https:\/\/materialplastik.hu\/wordpress\/wp-json\/wp\/v2\/pages\/548\/revisions\/562"}],"wp:attachment":[{"href":"https:\/\/materialplastik.hu\/wordpress\/wp-json\/wp\/v2\/media?parent=548"}],"curies":[{"name":"wp","href":"https:\/\/api.w.org\/{rel}","templated":true}]}}