{"id":1848,"date":"2025-01-17T12:39:00","date_gmt":"2025-01-17T12:39:00","guid":{"rendered":"https:\/\/materialplastik.hu\/wordpress\/?page_id=1848"},"modified":"2025-01-28T09:15:08","modified_gmt":"2025-01-28T09:15:08","slug":"karrier","status":"publish","type":"page","link":"https:\/\/materialplastik.hu\/wordpress\/karrier\/","title":{"rendered":"Karrier"},"content":{"rendered":"\t\t<div data-elementor-type=\"wp-page\" data-elementor-id=\"1848\" class=\"elementor elementor-1848\">\n\t\t\t\t<div class=\"elementor-element elementor-element-1e7ae57 e-flex e-con-boxed e-con e-parent\" data-id=\"1e7ae57\" data-element_type=\"container\">\n\t\t\t\t\t<div class=\"e-con-inner\">\n\t\t\t\t<div class=\"elementor-element elementor-element-f3f7052 elementor-widget elementor-widget-spacer\" data-id=\"f3f7052\" data-element_type=\"widget\" data-widget_type=\"spacer.default\">\n\t\t\t\t<div class=\"elementor-widget-container\">\n\t\t\t\t\t\t\t<div class=\"elementor-spacer\">\n\t\t\t<div class=\"elementor-spacer-inner\"><\/div>\n\t\t<\/div>\n\t\t\t\t\t\t<\/div>\n\t\t\t\t<\/div>\n\t\t\t\t<div class=\"elementor-element elementor-element-2bfb156 elementor-widget elementor-widget-heading\" data-id=\"2bfb156\" data-element_type=\"widget\" data-widget_type=\"heading.default\">\n\t\t\t\t<div class=\"elementor-widget-container\">\n\t\t\t\t\t<h1 class=\"elementor-heading-title elementor-size-default\">Karrier lehet\u0151s\u00e9geink<\/h1>\t\t\t\t<\/div>\n\t\t\t\t<\/div>\n\t\t\t\t<div class=\"elementor-element elementor-element-abe5afd elementor-widget elementor-widget-spacer\" data-id=\"abe5afd\" data-element_type=\"widget\" data-widget_type=\"spacer.default\">\n\t\t\t\t<div class=\"elementor-widget-container\">\n\t\t\t\t\t\t\t<div class=\"elementor-spacer\">\n\t\t\t<div class=\"elementor-spacer-inner\"><\/div>\n\t\t<\/div>\n\t\t\t\t\t\t<\/div>\n\t\t\t\t<\/div>\n\t\t\t\t<div class=\"elementor-element elementor-element-b01a273 elementor-widget elementor-widget-heading\" data-id=\"b01a273\" data-element_type=\"widget\" data-widget_type=\"heading.default\">\n\t\t\t\t<div class=\"elementor-widget-container\">\n\t\t\t\t\t<h3 class=\"elementor-heading-title elementor-size-default\">F\u00f3lia extr\u00fad\u00e1l\u00f3 g\u00e9pkezel\u0151 \u00e9s csomagol\u00f3<\/h3>\t\t\t\t<\/div>\n\t\t\t\t<\/div>\n\t\t\t\t\t<\/div>\n\t\t\t\t<\/div>\n\t\t<div class=\"elementor-element elementor-element-bdb9031 e-flex e-con-boxed e-con e-parent\" data-id=\"bdb9031\" data-element_type=\"container\">\n\t\t\t\t\t<div class=\"e-con-inner\">\n\t\t<div class=\"elementor-element elementor-element-6365f5e e-con-full e-flex e-con e-child\" data-id=\"6365f5e\" data-element_type=\"container\">\n\t\t\t\t<div class=\"elementor-element elementor-element-c1c7811 elementor-widget elementor-widget-heading\" data-id=\"c1c7811\" data-element_type=\"widget\" data-widget_type=\"heading.default\">\n\t\t\t\t<div class=\"elementor-widget-container\">\n\t\t\t\t\t<h4 class=\"elementor-heading-title elementor-size-default\">G\u00e9pkezel\u0151<\/h4>\t\t\t\t<\/div>\n\t\t\t\t<\/div>\n\t\t\t\t<div class=\"elementor-element elementor-element-05db9bb elementor-widget elementor-widget-text-editor\" data-id=\"05db9bb\" data-element_type=\"widget\" data-widget_type=\"text-editor.default\">\n\t\t\t\t<div class=\"elementor-widget-container\">\n\t\t\t\t\t\t\t\t\t<p>F\u0151 feladata a g\u00e9pek kezel\u00e9se \u00e9s be\u00e1ll\u00edt\u00e1sa,\u00a0 a gy\u00e1rt\u00e1s el\u0151k\u00e9sz\u00edt\u0151 \u00e9s csomagol\u00f3 koordin\u00e1l\u00e1sa.\u00a0<\/p>\t\t\t\t\t\t\t\t<\/div>\n\t\t\t\t<\/div>\n\t\t\t\t<div class=\"elementor-element elementor-element-39c35d7 elementor-widget elementor-widget-heading\" data-id=\"39c35d7\" data-element_type=\"widget\" data-widget_type=\"heading.default\">\n\t\t\t\t<div class=\"elementor-widget-container\">\n\t\t\t\t\t<h4 class=\"elementor-heading-title elementor-size-default\">Csomagol\u00f3<\/h4>\t\t\t\t<\/div>\n\t\t\t\t<\/div>\n\t\t\t\t<div class=\"elementor-element elementor-element-04bce2c elementor-widget elementor-widget-text-editor\" data-id=\"04bce2c\" data-element_type=\"widget\" data-widget_type=\"text-editor.default\">\n\t\t\t\t<div class=\"elementor-widget-container\">\n\t\t\t\t\t\t\t\t\t<p>Feladatai k\u00f6z\u00e9 tartozik a gy\u00e1rt\u00e1s el\u0151k\u00e9sz\u00edt\u00e9se, a tekercsek mozgat\u00e1sa \u00e9s csomagol\u00e1sa.<\/p>\t\t\t\t\t\t\t\t<\/div>\n\t\t\t\t<\/div>\n\t\t\t\t<div class=\"elementor-element elementor-element-f20e171 elementor-align-center elementor-widget elementor-widget-button\" data-id=\"f20e171\" data-element_type=\"widget\" data-widget_type=\"button.default\">\n\t\t\t\t<div class=\"elementor-widget-container\">\n\t\t\t\t\t\t\t\t\t<div class=\"elementor-button-wrapper\">\n\t\t\t\t\t<a class=\"elementor-button elementor-button-link elementor-size-sm\" href=\"https:\/\/materialplastik.hu\/wordpress\/wp-content\/uploads\/2025\/01\/extruder_gepkezelo.pdf\" target=\"_blank\">\n\t\t\t\t\t\t<span class=\"elementor-button-content-wrapper\">\n\t\t\t\t\t\t\t\t\t<span class=\"elementor-button-text\">Tov\u00e1bbiak<\/span>\n\t\t\t\t\t<\/span>\n\t\t\t\t\t<\/a>\n\t\t\t\t<\/div>\n\t\t\t\t\t\t\t\t<\/div>\n\t\t\t\t<\/div>\n\t\t\t\t<\/div>\n\t\t<div class=\"elementor-element elementor-element-78f8454 e-con-full e-flex e-con e-child\" data-id=\"78f8454\" data-element_type=\"container\">\n\t\t\t\t<div class=\"elementor-element elementor-element-356422f elementor-widget elementor-widget-image\" data-id=\"356422f\" data-element_type=\"widget\" data-widget_type=\"image.default\">\n\t\t\t\t<div class=\"elementor-widget-container\">\n\t\t\t\t\t\t\t\t\t\t\t\t\t\t\t<img fetchpriority=\"high\" decoding=\"async\" width=\"750\" height=\"500\" src=\"https:\/\/materialplastik.hu\/wordpress\/wp-content\/uploads\/2024\/10\/201705040038-1024x682.jpg\" class=\"attachment-large size-large wp-image-883\" alt=\"\" srcset=\"https:\/\/materialplastik.hu\/wordpress\/wp-content\/uploads\/2024\/10\/201705040038-1024x682.jpg 1024w, https:\/\/materialplastik.hu\/wordpress\/wp-content\/uploads\/2024\/10\/201705040038-300x200.jpg 300w, https:\/\/materialplastik.hu\/wordpress\/wp-content\/uploads\/2024\/10\/201705040038-768x511.jpg 768w, https:\/\/materialplastik.hu\/wordpress\/wp-content\/uploads\/2024\/10\/201705040038-1536x1022.jpg 1536w, https:\/\/materialplastik.hu\/wordpress\/wp-content\/uploads\/2024\/10\/201705040038-2048x1363.jpg 2048w, https:\/\/materialplastik.hu\/wordpress\/wp-content\/uploads\/2024\/10\/201705040038-360x240.jpg 360w\" sizes=\"(max-width: 750px) 100vw, 750px\" \/>\t\t\t\t\t\t\t\t\t\t\t\t\t\t\t<\/div>\n\t\t\t\t<\/div>\n\t\t\t\t<\/div>\n\t\t\t\t\t<\/div>\n\t\t\t\t<\/div>\n\t\t<div class=\"elementor-element elementor-element-c67ff42 e-flex e-con-boxed e-con e-parent\" data-id=\"c67ff42\" data-element_type=\"container\">\n\t\t\t\t\t<div class=\"e-con-inner\">\n\t\t\t\t<div class=\"elementor-element elementor-element-3420268 elementor-widget elementor-widget-spacer\" data-id=\"3420268\" data-element_type=\"widget\" data-widget_type=\"spacer.default\">\n\t\t\t\t<div class=\"elementor-widget-container\">\n\t\t\t\t\t\t\t<div class=\"elementor-spacer\">\n\t\t\t<div class=\"elementor-spacer-inner\"><\/div>\n\t\t<\/div>\n\t\t\t\t\t\t<\/div>\n\t\t\t\t<\/div>\n\t\t\t\t\t<\/div>\n\t\t\t\t<\/div>\n\t\t<div class=\"elementor-element elementor-element-e55a246 e-flex e-con-boxed e-con e-parent\" data-id=\"e55a246\" data-element_type=\"container\">\n\t\t\t\t\t<div class=\"e-con-inner\">\n\t\t\t\t<div class=\"elementor-element elementor-element-506f1b0 elementor-widget elementor-widget-heading\" data-id=\"506f1b0\" data-element_type=\"widget\" data-widget_type=\"heading.default\">\n\t\t\t\t<div class=\"elementor-widget-container\">\n\t\t\t\t\t<h3 class=\"elementor-heading-title elementor-size-default\">Nyomdai g\u00e9pkezel\u0151 \u00e9s csomagol\u00f3<\/h3>\t\t\t\t<\/div>\n\t\t\t\t<\/div>\n\t\t\t\t\t<\/div>\n\t\t\t\t<\/div>\n\t\t<div class=\"elementor-element elementor-element-d391880 e-flex e-con-boxed e-con e-parent\" data-id=\"d391880\" data-element_type=\"container\">\n\t\t\t\t\t<div class=\"e-con-inner\">\n\t\t<div class=\"elementor-element elementor-element-abde495 e-con-full e-flex e-con e-child\" data-id=\"abde495\" data-element_type=\"container\">\n\t\t\t\t<div class=\"elementor-element elementor-element-3d37e08 elementor-widget elementor-widget-heading\" data-id=\"3d37e08\" data-element_type=\"widget\" data-widget_type=\"heading.default\">\n\t\t\t\t<div class=\"elementor-widget-container\">\n\t\t\t\t\t<h4 class=\"elementor-heading-title elementor-size-default\">G\u00e9pkezel\u0151<\/h4>\t\t\t\t<\/div>\n\t\t\t\t<\/div>\n\t\t\t\t<div class=\"elementor-element elementor-element-bc18045 elementor-widget elementor-widget-text-editor\" data-id=\"bc18045\" data-element_type=\"widget\" data-widget_type=\"text-editor.default\">\n\t\t\t\t<div class=\"elementor-widget-container\">\n\t\t\t\t\t\t\t\t\t<p>F\u0151 feladata a g\u00e9pek kezel\u00e9se \u00e9s be\u00e1ll\u00edt\u00e1sa, nyomatok ellen\u0151rz\u00e9se, a gy\u00e1rt\u00e1s el\u0151k\u00e9sz\u00edt\u0151 \u00e9s csomagol\u00f3 koordin\u00e1l\u00e1sa.\u00a0<\/p>\t\t\t\t\t\t\t\t<\/div>\n\t\t\t\t<\/div>\n\t\t\t\t<div class=\"elementor-element elementor-element-9d27c63 elementor-widget elementor-widget-heading\" data-id=\"9d27c63\" data-element_type=\"widget\" data-widget_type=\"heading.default\">\n\t\t\t\t<div class=\"elementor-widget-container\">\n\t\t\t\t\t<h4 class=\"elementor-heading-title elementor-size-default\">Gy\u00e1rt\u00e1s el\u0151k\u00e9sz\u00edt\u0151 \u00e9s csomagol\u00f3<\/h4>\t\t\t\t<\/div>\n\t\t\t\t<\/div>\n\t\t\t\t<div class=\"elementor-element elementor-element-d35d9be elementor-widget elementor-widget-text-editor\" data-id=\"d35d9be\" data-element_type=\"widget\" data-widget_type=\"text-editor.default\">\n\t\t\t\t<div class=\"elementor-widget-container\">\n\t\t\t\t\t\t\t\t\t<p>Feladatai k\u00f6z\u00e9 tartozik a gy\u00e1rt\u00e1s el\u0151k\u00e9sz\u00edt\u00e9se, a tekercsek mozgat\u00e1sa \u00e9s csomagol\u00e1sa.<\/p>\t\t\t\t\t\t\t\t<\/div>\n\t\t\t\t<\/div>\n\t\t\t\t<div class=\"elementor-element elementor-element-c526078 elementor-align-center elementor-widget elementor-widget-button\" data-id=\"c526078\" data-element_type=\"widget\" data-widget_type=\"button.default\">\n\t\t\t\t<div class=\"elementor-widget-container\">\n\t\t\t\t\t\t\t\t\t<div class=\"elementor-button-wrapper\">\n\t\t\t\t\t<a class=\"elementor-button elementor-button-link elementor-size-sm\" href=\"https:\/\/materialplastik.hu\/wordpress\/wp-content\/uploads\/2025\/01\/nyomdai_gepkezelo.pdf\" target=\"_blank\">\n\t\t\t\t\t\t<span class=\"elementor-button-content-wrapper\">\n\t\t\t\t\t\t\t\t\t<span class=\"elementor-button-text\">Tov\u00e1bbiak<\/span>\n\t\t\t\t\t<\/span>\n\t\t\t\t\t<\/a>\n\t\t\t\t<\/div>\n\t\t\t\t\t\t\t\t<\/div>\n\t\t\t\t<\/div>\n\t\t\t\t<\/div>\n\t\t<div class=\"elementor-element elementor-element-8a42578 e-con-full e-flex e-con e-child\" data-id=\"8a42578\" data-element_type=\"container\">\n\t\t\t\t<div class=\"elementor-element elementor-element-4d99fe2 elementor-widget elementor-widget-image\" data-id=\"4d99fe2\" data-element_type=\"widget\" data-widget_type=\"image.default\">\n\t\t\t\t<div class=\"elementor-widget-container\">\n\t\t\t\t\t\t\t\t\t\t\t\t\t\t\t<img decoding=\"async\" width=\"750\" height=\"382\" src=\"https:\/\/materialplastik.hu\/wordpress\/wp-content\/uploads\/2024\/07\/IMG-0042-1.png\" class=\"attachment-large size-large wp-image-263\" alt=\"\" srcset=\"https:\/\/materialplastik.hu\/wordpress\/wp-content\/uploads\/2024\/07\/IMG-0042-1.png 918w, https:\/\/materialplastik.hu\/wordpress\/wp-content\/uploads\/2024\/07\/IMG-0042-1-300x153.png 300w, https:\/\/materialplastik.hu\/wordpress\/wp-content\/uploads\/2024\/07\/IMG-0042-1-768x391.png 768w\" sizes=\"(max-width: 750px) 100vw, 750px\" \/>\t\t\t\t\t\t\t\t\t\t\t\t\t\t\t<\/div>\n\t\t\t\t<\/div>\n\t\t\t\t<\/div>\n\t\t\t\t\t<\/div>\n\t\t\t\t<\/div>\n\t\t<div class=\"elementor-element elementor-element-738dde7 e-flex e-con-boxed e-con e-parent\" data-id=\"738dde7\" data-element_type=\"container\">\n\t\t\t\t\t<div class=\"e-con-inner\">\n\t\t\t\t<div class=\"elementor-element elementor-element-0d73554 elementor-widget elementor-widget-spacer\" data-id=\"0d73554\" data-element_type=\"widget\" data-widget_type=\"spacer.default\">\n\t\t\t\t<div class=\"elementor-widget-container\">\n\t\t\t\t\t\t\t<div class=\"elementor-spacer\">\n\t\t\t<div class=\"elementor-spacer-inner\"><\/div>\n\t\t<\/div>\n\t\t\t\t\t\t<\/div>\n\t\t\t\t<\/div>\n\t\t\t\t<div class=\"elementor-element elementor-element-5d93763 elementor-widget elementor-widget-heading\" data-id=\"5d93763\" data-element_type=\"widget\" data-widget_type=\"heading.default\">\n\t\t\t\t<div class=\"elementor-widget-container\">\n\t\t\t\t\t<h3 class=\"elementor-heading-title elementor-size-default\">Konfekcion\u00e1l\u00f3 g\u00e9pbe\u00e1ll\u00edt\u00f3<\/h3>\t\t\t\t<\/div>\n\t\t\t\t<\/div>\n\t\t\t\t<div class=\"elementor-element elementor-element-12bb3be elementor-widget elementor-widget-heading\" data-id=\"12bb3be\" data-element_type=\"widget\" data-widget_type=\"heading.default\">\n\t\t\t\t<div class=\"elementor-widget-container\">\n\t\t\t\t\t<h5 class=\"elementor-heading-title elementor-size-default\">Poz\u00edci\u00f3k bet\u00f6ltve<\/h5>\t\t\t\t<\/div>\n\t\t\t\t<\/div>\n\t\t\t\t\t<\/div>\n\t\t\t\t<\/div>\n\t\t<div class=\"elementor-element elementor-element-ae5d098 e-flex e-con-boxed e-con e-parent\" data-id=\"ae5d098\" data-element_type=\"container\">\n\t\t\t\t\t<div class=\"e-con-inner\">\n\t\t<div class=\"elementor-element elementor-element-d038697 e-con-full e-flex e-con e-child\" data-id=\"d038697\" data-element_type=\"container\">\n\t\t\t\t<div class=\"elementor-element elementor-element-0395aaf elementor-widget elementor-widget-heading\" data-id=\"0395aaf\" data-element_type=\"widget\" data-widget_type=\"heading.default\">\n\t\t\t\t<div class=\"elementor-widget-container\">\n\t\t\t\t\t<h4 class=\"elementor-heading-title elementor-size-default\">G\u00e9pbe\u00e1ll\u00edt\u00f3<\/h4>\t\t\t\t<\/div>\n\t\t\t\t<\/div>\n\t\t\t\t<div class=\"elementor-element elementor-element-4122550 elementor-widget elementor-widget-text-editor\" data-id=\"4122550\" data-element_type=\"widget\" data-widget_type=\"text-editor.default\">\n\t\t\t\t<div class=\"elementor-widget-container\">\n\t\t\t\t\t\t\t\t\t<p>F\u0151 feladata a g\u00e9pek kezel\u00e9se \u00e9s be\u00e1ll\u00edt\u00e1sa, a t\u00f6bbi csomagol\u00f3 munkat\u00e1s seg\u00edt\u00e9se.<\/p>\t\t\t\t\t\t\t\t<\/div>\n\t\t\t\t<\/div>\n\t\t\t\t<\/div>\n\t\t<div class=\"elementor-element elementor-element-58f92cf e-con-full e-flex e-con e-child\" data-id=\"58f92cf\" data-element_type=\"container\">\n\t\t\t\t<div class=\"elementor-element elementor-element-918b87f elementor-widget elementor-widget-image\" data-id=\"918b87f\" data-element_type=\"widget\" data-widget_type=\"image.default\">\n\t\t\t\t<div class=\"elementor-widget-container\">\n\t\t\t\t\t\t\t\t\t\t\t\t\t\t\t<img decoding=\"async\" width=\"750\" height=\"345\" src=\"https:\/\/materialplastik.hu\/wordpress\/wp-content\/uploads\/2025\/01\/IMG-0043.png\" class=\"attachment-large size-large wp-image-1849\" alt=\"\" srcset=\"https:\/\/materialplastik.hu\/wordpress\/wp-content\/uploads\/2025\/01\/IMG-0043.png 934w, https:\/\/materialplastik.hu\/wordpress\/wp-content\/uploads\/2025\/01\/IMG-0043-300x138.png 300w, https:\/\/materialplastik.hu\/wordpress\/wp-content\/uploads\/2025\/01\/IMG-0043-768x354.png 768w\" sizes=\"(max-width: 750px) 100vw, 750px\" \/>\t\t\t\t\t\t\t\t\t\t\t\t\t\t\t<\/div>\n\t\t\t\t<\/div>\n\t\t\t\t<\/div>\n\t\t\t\t\t<\/div>\n\t\t\t\t<\/div>\n\t\t<div class=\"elementor-element elementor-element-15e898c e-flex e-con-boxed e-con e-parent\" data-id=\"15e898c\" data-element_type=\"container\">\n\t\t\t\t\t<div class=\"e-con-inner\">\n\t\t\t\t<div class=\"elementor-element elementor-element-f9c31c8 elementor-widget elementor-widget-spacer\" data-id=\"f9c31c8\" data-element_type=\"widget\" data-widget_type=\"spacer.default\">\n\t\t\t\t<div class=\"elementor-widget-container\">\n\t\t\t\t\t\t\t<div class=\"elementor-spacer\">\n\t\t\t<div class=\"elementor-spacer-inner\"><\/div>\n\t\t<\/div>\n\t\t\t\t\t\t<\/div>\n\t\t\t\t<\/div>\n\t\t\t\t<div class=\"elementor-element elementor-element-9128dea elementor-widget elementor-widget-heading\" data-id=\"9128dea\" data-element_type=\"widget\" data-widget_type=\"heading.default\">\n\t\t\t\t<div class=\"elementor-widget-container\">\n\t\t\t\t\t<h3 class=\"elementor-heading-title elementor-size-default\">Regranul\u00e1l\u00f3 g\u00e9pkezel\u0151<\/h3>\t\t\t\t<\/div>\n\t\t\t\t<\/div>\n\t\t\t\t\t<\/div>\n\t\t\t\t<\/div>\n\t\t<div class=\"elementor-element elementor-element-00521a0 e-flex e-con-boxed e-con e-parent\" data-id=\"00521a0\" data-element_type=\"container\">\n\t\t\t\t\t<div class=\"e-con-inner\">\n\t\t<div class=\"elementor-element elementor-element-c4807cf e-con-full e-flex e-con e-child\" data-id=\"c4807cf\" data-element_type=\"container\">\n\t\t\t\t<div class=\"elementor-element elementor-element-ed62145 elementor-widget elementor-widget-heading\" data-id=\"ed62145\" data-element_type=\"widget\" data-widget_type=\"heading.default\">\n\t\t\t\t<div class=\"elementor-widget-container\">\n\t\t\t\t\t<h4 class=\"elementor-heading-title elementor-size-default\">G\u00e9pkezel\u0151<\/h4>\t\t\t\t<\/div>\n\t\t\t\t<\/div>\n\t\t\t\t<div class=\"elementor-element elementor-element-749c0ab elementor-widget elementor-widget-text-editor\" data-id=\"749c0ab\" data-element_type=\"widget\" data-widget_type=\"text-editor.default\">\n\t\t\t\t<div class=\"elementor-widget-container\">\n\t\t\t\t\t\t\t\t\t<p>F\u0151 feladata a g\u00e9p kezel\u00e9se \u00e9s a k\u00e9sz\u00e1ru mozgat\u00e1sa.<\/p>\t\t\t\t\t\t\t\t<\/div>\n\t\t\t\t<\/div>\n\t\t\t\t<div class=\"elementor-element elementor-element-d58805b elementor-align-center elementor-widget elementor-widget-button\" data-id=\"d58805b\" data-element_type=\"widget\" data-widget_type=\"button.default\">\n\t\t\t\t<div class=\"elementor-widget-container\">\n\t\t\t\t\t\t\t\t\t<div class=\"elementor-button-wrapper\">\n\t\t\t\t\t<a class=\"elementor-button elementor-button-link elementor-size-sm\" href=\"https:\/\/materialplastik.hu\/wordpress\/wp-content\/uploads\/2025\/01\/regranulalo_gepkezelo.pdf\" target=\"_blank\">\n\t\t\t\t\t\t<span class=\"elementor-button-content-wrapper\">\n\t\t\t\t\t\t\t\t\t<span class=\"elementor-button-text\">Tov\u00e1bbiak<\/span>\n\t\t\t\t\t<\/span>\n\t\t\t\t\t<\/a>\n\t\t\t\t<\/div>\n\t\t\t\t\t\t\t\t<\/div>\n\t\t\t\t<\/div>\n\t\t\t\t<\/div>\n\t\t<div class=\"elementor-element elementor-element-56d1f79 e-con-full e-flex e-con e-child\" data-id=\"56d1f79\" data-element_type=\"container\">\n\t\t\t\t<div class=\"elementor-element elementor-element-0ff4445 elementor-widget elementor-widget-image\" data-id=\"0ff4445\" data-element_type=\"widget\" data-widget_type=\"image.default\">\n\t\t\t\t<div class=\"elementor-widget-container\">\n\t\t\t\t\t\t\t\t\t\t\t\t\t\t\t<img loading=\"lazy\" decoding=\"async\" width=\"750\" height=\"563\" src=\"https:\/\/materialplastik.hu\/wordpress\/wp-content\/uploads\/2025\/01\/473699666_8957112487700942_5331756343543197406_n-1024x768.jpg\" class=\"attachment-large size-large wp-image-1850\" alt=\"\" srcset=\"https:\/\/materialplastik.hu\/wordpress\/wp-content\/uploads\/2025\/01\/473699666_8957112487700942_5331756343543197406_n-1024x768.jpg 1024w, https:\/\/materialplastik.hu\/wordpress\/wp-content\/uploads\/2025\/01\/473699666_8957112487700942_5331756343543197406_n-300x225.jpg 300w, https:\/\/materialplastik.hu\/wordpress\/wp-content\/uploads\/2025\/01\/473699666_8957112487700942_5331756343543197406_n-768x576.jpg 768w, https:\/\/materialplastik.hu\/wordpress\/wp-content\/uploads\/2025\/01\/473699666_8957112487700942_5331756343543197406_n-1536x1152.jpg 1536w, https:\/\/materialplastik.hu\/wordpress\/wp-content\/uploads\/2025\/01\/473699666_8957112487700942_5331756343543197406_n.jpg 2048w\" sizes=\"(max-width: 750px) 100vw, 750px\" \/>\t\t\t\t\t\t\t\t\t\t\t\t\t\t\t<\/div>\n\t\t\t\t<\/div>\n\t\t\t\t<\/div>\n\t\t\t\t\t<\/div>\n\t\t\t\t<\/div>\n\t\t\t\t<\/div>\n\t\t","protected":false},"excerpt":{"rendered":"<p>Karrier lehet\u0151s\u00e9geink F\u00f3lia extr\u00fad\u00e1l\u00f3 g\u00e9pkezel\u0151 \u00e9s csomagol\u00f3 G\u00e9pkezel\u0151 F\u0151 feladata a g\u00e9pek kezel\u00e9se \u00e9s be\u00e1ll\u00edt\u00e1sa,\u00a0 a gy\u00e1rt\u00e1s el\u0151k\u00e9sz\u00edt\u0151 \u00e9s csomagol\u00f3 koordin\u00e1l\u00e1sa.\u00a0 Csomagol\u00f3 Feladatai k\u00f6z\u00e9 tartozik a gy\u00e1rt\u00e1s el\u0151k\u00e9sz\u00edt\u00e9se, a tekercsek mozgat\u00e1sa \u00e9s csomagol\u00e1sa. Tov\u00e1bbiak Nyomdai g\u00e9pkezel\u0151 \u00e9s csomagol\u00f3 G\u00e9pkezel\u0151 F\u0151 feladata a g\u00e9pek kezel\u00e9se \u00e9s be\u00e1ll\u00edt\u00e1sa, nyomatok ellen\u0151rz\u00e9se, a gy\u00e1rt\u00e1s [&hellip;]<\/p>\n","protected":false},"author":1,"featured_media":0,"parent":0,"menu_order":0,"comment_status":"closed","ping_status":"closed","template":"page-templates\/template-pagebuilder-full-width.php","meta":{"footnotes":""},"class_list":["post-1848","page","type-page","status-publish","hentry"],"_links":{"self":[{"href":"https:\/\/materialplastik.hu\/wordpress\/wp-json\/wp\/v2\/pages\/1848","targetHints":{"allow":["GET"]}}],"collection":[{"href":"https:\/\/materialplastik.hu\/wordpress\/wp-json\/wp\/v2\/pages"}],"about":[{"href":"https:\/\/materialplastik.hu\/wordpress\/wp-json\/wp\/v2\/types\/page"}],"author":[{"embeddable":true,"href":"https:\/\/materialplastik.hu\/wordpress\/wp-json\/wp\/v2\/users\/1"}],"replies":[{"embeddable":true,"href":"https:\/\/materialplastik.hu\/wordpress\/wp-json\/wp\/v2\/comments?post=1848"}],"version-history":[{"count":18,"href":"https:\/\/materialplastik.hu\/wordpress\/wp-json\/wp\/v2\/pages\/1848\/revisions"}],"predecessor-version":[{"id":1925,"href":"https:\/\/materialplastik.hu\/wordpress\/wp-json\/wp\/v2\/pages\/1848\/revisions\/1925"}],"wp:attachment":[{"href":"https:\/\/materialplastik.hu\/wordpress\/wp-json\/wp\/v2\/media?parent=1848"}],"curies":[{"name":"wp","href":"https:\/\/api.w.org\/{rel}","templated":true}]}}