{"id":1655,"date":"2024-10-24T11:01:22","date_gmt":"2024-10-24T11:01:22","guid":{"rendered":"https:\/\/materialplastik.hu\/wordpress\/?page_id=1655"},"modified":"2024-10-24T11:24:38","modified_gmt":"2024-10-24T11:24:38","slug":"tenders","status":"publish","type":"page","link":"https:\/\/materialplastik.hu\/wordpress\/en\/tenders\/","title":{"rendered":"Tenders"},"content":{"rendered":"\t\t<div data-elementor-type=\"wp-page\" data-elementor-id=\"1655\" class=\"elementor elementor-1655\">\n\t\t\t\t<div class=\"elementor-element elementor-element-bfa0a6f e-flex e-con-boxed e-con e-parent\" data-id=\"bfa0a6f\" data-element_type=\"container\">\n\t\t\t\t\t<div class=\"e-con-inner\">\n\t\t\t\t<div class=\"elementor-element elementor-element-c79f28a elementor-widget elementor-widget-image\" data-id=\"c79f28a\" data-element_type=\"widget\" data-widget_type=\"image.default\">\n\t\t\t\t<div class=\"elementor-widget-container\">\n\t\t\t\t\t\t\t\t\t\t\t\t\t\t\t<img fetchpriority=\"high\" decoding=\"async\" width=\"750\" height=\"382\" src=\"https:\/\/materialplastik.hu\/wordpress\/wp-content\/uploads\/2024\/07\/IMG-0042.png\" class=\"attachment-large size-large wp-image-57\" alt=\"\" srcset=\"https:\/\/materialplastik.hu\/wordpress\/wp-content\/uploads\/2024\/07\/IMG-0042.png 918w, https:\/\/materialplastik.hu\/wordpress\/wp-content\/uploads\/2024\/07\/IMG-0042-300x153.png 300w, https:\/\/materialplastik.hu\/wordpress\/wp-content\/uploads\/2024\/07\/IMG-0042-768x391.png 768w\" sizes=\"(max-width: 750px) 100vw, 750px\" \/>\t\t\t\t\t\t\t\t\t\t\t\t\t\t\t<\/div>\n\t\t\t\t<\/div>\n\t\t\t\t\t<\/div>\n\t\t\t\t<\/div>\n\t\t<div class=\"elementor-element elementor-element-c520b8f e-flex e-con-boxed e-con e-parent\" data-id=\"c520b8f\" data-element_type=\"container\">\n\t\t\t\t\t<div class=\"e-con-inner\">\n\t\t<div class=\"elementor-element elementor-element-c0f1cb0 e-con-full e-flex e-con e-child\" data-id=\"c0f1cb0\" data-element_type=\"container\">\n\t\t\t\t<div class=\"elementor-element elementor-element-38aa91c elementor-widget elementor-widget-image\" data-id=\"38aa91c\" data-element_type=\"widget\" data-widget_type=\"image.default\">\n\t\t\t\t<div class=\"elementor-widget-container\">\n\t\t\t\t\t\t\t\t\t\t\t\t\t\t\t<img decoding=\"async\" width=\"750\" height=\"571\" src=\"https:\/\/materialplastik.hu\/wordpress\/wp-content\/uploads\/2024\/07\/tender_1_original.jpg\" class=\"attachment-large size-large wp-image-112\" alt=\"\" srcset=\"https:\/\/materialplastik.hu\/wordpress\/wp-content\/uploads\/2024\/07\/tender_1_original.jpg 1024w, https:\/\/materialplastik.hu\/wordpress\/wp-content\/uploads\/2024\/07\/tender_1_original-300x229.jpg 300w, https:\/\/materialplastik.hu\/wordpress\/wp-content\/uploads\/2024\/07\/tender_1_original-768x585.jpg 768w\" sizes=\"(max-width: 750px) 100vw, 750px\" \/>\t\t\t\t\t\t\t\t\t\t\t\t\t\t\t<\/div>\n\t\t\t\t<\/div>\n\t\t\t\t<\/div>\n\t\t<div class=\"elementor-element elementor-element-a95aa35 e-con-full e-flex e-con e-child\" data-id=\"a95aa35\" data-element_type=\"container\">\n\t\t\t\t<div class=\"elementor-element elementor-element-b01906a elementor-widget elementor-widget-heading\" data-id=\"b01906a\" data-element_type=\"widget\" data-widget_type=\"heading.default\">\n\t\t\t\t<div class=\"elementor-widget-container\">\n\t\t\t\t\t<h3 class=\"elementor-heading-title elementor-size-default\">Expansion of the production capacity of Material-Plastik Kft. commissioning of a new Miraflex AM8 printing machine<\/h3>\t\t\t\t<\/div>\n\t\t\t\t<\/div>\n\t\t\t\t<div class=\"elementor-element elementor-element-cb0f1ce elementor-widget elementor-widget-text-editor\" data-id=\"cb0f1ce\" data-element_type=\"widget\" data-widget_type=\"text-editor.default\">\n\t\t\t\t<div class=\"elementor-widget-container\">\n\t\t\t\t\t\t\t\t\t<p>Miraflex AM8 is the world&#8217;s most technologically advanced printing press. Our prominent customers, such as Vajda-Pap\u00edr Kft., Coca-Cola HBC, Szentkir\u00e1lyi-K\u00e9kk\u00fati \u00c1sv\u00e1nyv\u00edz Kft., demand constant, highest quality in their packaging materials as well. The investment is essential in order to maintain one of Material-Plastik Kft.&#8217;s most significant market advantages (besides the highest quality), flexible, customer-oriented production. With the Miraflex AM8 printing machine, we were able to increase our production capacity with approximately 210 million meters of premium quality printed packaging material. In this way, we can meet the highest customer expectations in terms of quality and flexibility.<\/p><p><\/p>\t\t\t\t\t\t\t\t<\/div>\n\t\t\t\t<\/div>\n\t\t\t\t<div class=\"elementor-element elementor-element-1af5f1e elementor-widget elementor-widget-heading\" data-id=\"1af5f1e\" data-element_type=\"widget\" data-widget_type=\"heading.default\">\n\t\t\t\t<div class=\"elementor-widget-container\">\n\t\t\t\t\t<h5 class=\"elementor-heading-title elementor-size-default\">Projekt azonos\u00edt\u00f3: GINOP-1.2.1-15-2015-00717<\/h5>\t\t\t\t<\/div>\n\t\t\t\t<\/div>\n\t\t\t\t<div class=\"elementor-element elementor-element-39318bf elementor-widget elementor-widget-heading\" data-id=\"39318bf\" data-element_type=\"widget\" data-widget_type=\"heading.default\">\n\t\t\t\t<div class=\"elementor-widget-container\">\n\t\t\t\t\t<h5 class=\"elementor-heading-title elementor-size-default\">T\u00e1mogat\u00e1s \u00f6sszege: 232,85 milli\u00f3 forint<\/h5>\t\t\t\t<\/div>\n\t\t\t\t<\/div>\n\t\t\t\t<div class=\"elementor-element elementor-element-7c9aac8 elementor-widget elementor-widget-heading\" data-id=\"7c9aac8\" data-element_type=\"widget\" data-widget_type=\"heading.default\">\n\t\t\t\t<div class=\"elementor-widget-container\">\n\t\t\t\t\t<h5 class=\"elementor-heading-title elementor-size-default\">T\u00e1mogat\u00e1s m\u00e9rt\u00e9ke: 50% <\/h5>\t\t\t\t<\/div>\n\t\t\t\t<\/div>\n\t\t\t\t<div class=\"elementor-element elementor-element-2f22a82 elementor-widget elementor-widget-heading\" data-id=\"2f22a82\" data-element_type=\"widget\" data-widget_type=\"heading.default\">\n\t\t\t\t<div class=\"elementor-widget-container\">\n\t\t\t\t\t<h5 class=\"elementor-heading-title elementor-size-default\">Projekt befejez\u00e9se: 2015.11.24<\/h5>\t\t\t\t<\/div>\n\t\t\t\t<\/div>\n\t\t\t\t<\/div>\n\t\t\t\t\t<\/div>\n\t\t\t\t<\/div>\n\t\t<div class=\"elementor-element elementor-element-ebeda4e e-flex e-con-boxed e-con e-parent\" data-id=\"ebeda4e\" data-element_type=\"container\">\n\t\t\t\t\t<div class=\"e-con-inner\">\n\t\t\t\t<div class=\"elementor-element elementor-element-05d4161 elementor-widget-divider--view-line elementor-widget elementor-widget-divider\" data-id=\"05d4161\" data-element_type=\"widget\" data-widget_type=\"divider.default\">\n\t\t\t\t<div class=\"elementor-widget-container\">\n\t\t\t\t\t\t\t<div class=\"elementor-divider\">\n\t\t\t<span class=\"elementor-divider-separator\">\n\t\t\t\t\t\t<\/span>\n\t\t<\/div>\n\t\t\t\t\t\t<\/div>\n\t\t\t\t<\/div>\n\t\t\t\t\t<\/div>\n\t\t\t\t<\/div>\n\t\t<div class=\"elementor-element elementor-element-6133e05 e-flex e-con-boxed e-con e-parent\" data-id=\"6133e05\" data-element_type=\"container\">\n\t\t\t\t\t<div class=\"e-con-inner\">\n\t\t<div class=\"elementor-element elementor-element-2590a4f e-con-full e-flex e-con e-child\" data-id=\"2590a4f\" data-element_type=\"container\">\n\t\t\t\t<div class=\"elementor-element elementor-element-fe5ad40 elementor-widget elementor-widget-image\" data-id=\"fe5ad40\" data-element_type=\"widget\" data-widget_type=\"image.default\">\n\t\t\t\t<div class=\"elementor-widget-container\">\n\t\t\t\t\t\t\t\t\t\t\t\t\t\t\t<img decoding=\"async\" width=\"750\" height=\"524\" src=\"https:\/\/materialplastik.hu\/wordpress\/wp-content\/uploads\/2024\/07\/tender_2_original.jpg\" class=\"attachment-large size-large wp-image-121\" alt=\"\" srcset=\"https:\/\/materialplastik.hu\/wordpress\/wp-content\/uploads\/2024\/07\/tender_2_original.jpg 1024w, https:\/\/materialplastik.hu\/wordpress\/wp-content\/uploads\/2024\/07\/tender_2_original-300x210.jpg 300w, https:\/\/materialplastik.hu\/wordpress\/wp-content\/uploads\/2024\/07\/tender_2_original-768x537.jpg 768w\" sizes=\"(max-width: 750px) 100vw, 750px\" \/>\t\t\t\t\t\t\t\t\t\t\t\t\t\t\t<\/div>\n\t\t\t\t<\/div>\n\t\t\t\t<\/div>\n\t\t<div class=\"elementor-element elementor-element-a46bf7c e-con-full e-flex e-con e-child\" data-id=\"a46bf7c\" data-element_type=\"container\">\n\t\t\t\t<div class=\"elementor-element elementor-element-431dd22 elementor-widget elementor-widget-heading\" data-id=\"431dd22\" data-element_type=\"widget\" data-widget_type=\"heading.default\">\n\t\t\t\t<div class=\"elementor-widget-container\">\n\t\t\t\t\t<h3 class=\"elementor-heading-title elementor-size-default\">Super Combi 3000 Laminating machine and Domino A400 promotional printing system<\/h3>\t\t\t\t<\/div>\n\t\t\t\t<\/div>\n\t\t\t\t<div class=\"elementor-element elementor-element-ebafe7c elementor-widget elementor-widget-text-editor\" data-id=\"ebafe7c\" data-element_type=\"widget\" data-widget_type=\"text-editor.default\">\n\t\t\t\t<div class=\"elementor-widget-container\">\n\t\t\t\t\t\t\t\t\t<p>Technological development of Material Plastik Kft. with the commissioning of a new Super Combi 3000 laminating machine and Domino A400 DP promotional printing system.<\/p><p><\/p>\t\t\t\t\t\t\t\t<\/div>\n\t\t\t\t<\/div>\n\t\t\t\t<div class=\"elementor-element elementor-element-671cd3e elementor-widget elementor-widget-heading\" data-id=\"671cd3e\" data-element_type=\"widget\" data-widget_type=\"heading.default\">\n\t\t\t\t<div class=\"elementor-widget-container\">\n\t\t\t\t\t<h5 class=\"elementor-heading-title elementor-size-default\">Projekt azonos\u00edt\u00f3: GINOP-1.2.1-14-2014-00899<\/h5>\t\t\t\t<\/div>\n\t\t\t\t<\/div>\n\t\t\t\t<div class=\"elementor-element elementor-element-2325e69 elementor-widget elementor-widget-heading\" data-id=\"2325e69\" data-element_type=\"widget\" data-widget_type=\"heading.default\">\n\t\t\t\t<div class=\"elementor-widget-container\">\n\t\t\t\t\t<h5 class=\"elementor-heading-title elementor-size-default\">T\u00e1mogat\u00e1s \u00f6sszege: 87,68 milli\u00f3 forint<\/h5>\t\t\t\t<\/div>\n\t\t\t\t<\/div>\n\t\t\t\t<div class=\"elementor-element elementor-element-deaa0bb elementor-widget elementor-widget-heading\" data-id=\"deaa0bb\" data-element_type=\"widget\" data-widget_type=\"heading.default\">\n\t\t\t\t<div class=\"elementor-widget-container\">\n\t\t\t\t\t<h5 class=\"elementor-heading-title elementor-size-default\">T\u00e1mogat\u00e1s m\u00e9rt\u00e9ke:  50 %  <\/h5>\t\t\t\t<\/div>\n\t\t\t\t<\/div>\n\t\t\t\t<div class=\"elementor-element elementor-element-9d6ed8a elementor-widget elementor-widget-heading\" data-id=\"9d6ed8a\" data-element_type=\"widget\" data-widget_type=\"heading.default\">\n\t\t\t\t<div class=\"elementor-widget-container\">\n\t\t\t\t\t<h5 class=\"elementor-heading-title elementor-size-default\">Projekt befejez\u00e9s: 2015.10.28<\/h5>\t\t\t\t<\/div>\n\t\t\t\t<\/div>\n\t\t\t\t<\/div>\n\t\t\t\t\t<\/div>\n\t\t\t\t<\/div>\n\t\t<div class=\"elementor-element elementor-element-c73536c e-flex e-con-boxed e-con e-parent\" data-id=\"c73536c\" data-element_type=\"container\">\n\t\t\t\t\t<div class=\"e-con-inner\">\n\t\t\t\t<div class=\"elementor-element elementor-element-0ffa97d elementor-widget-divider--view-line elementor-widget elementor-widget-divider\" data-id=\"0ffa97d\" data-element_type=\"widget\" data-widget_type=\"divider.default\">\n\t\t\t\t<div class=\"elementor-widget-container\">\n\t\t\t\t\t\t\t<div class=\"elementor-divider\">\n\t\t\t<span class=\"elementor-divider-separator\">\n\t\t\t\t\t\t<\/span>\n\t\t<\/div>\n\t\t\t\t\t\t<\/div>\n\t\t\t\t<\/div>\n\t\t\t\t\t<\/div>\n\t\t\t\t<\/div>\n\t\t<div class=\"elementor-element elementor-element-4e6a0ec e-flex e-con-boxed e-con e-parent\" data-id=\"4e6a0ec\" data-element_type=\"container\">\n\t\t\t\t\t<div class=\"e-con-inner\">\n\t\t<div class=\"elementor-element elementor-element-5595962 e-con-full e-flex e-con e-child\" data-id=\"5595962\" data-element_type=\"container\">\n\t\t\t\t<div class=\"elementor-element elementor-element-583a22c elementor-widget elementor-widget-image\" data-id=\"583a22c\" data-element_type=\"widget\" data-widget_type=\"image.default\">\n\t\t\t\t<div class=\"elementor-widget-container\">\n\t\t\t\t\t\t\t\t\t\t\t\t\t\t\t<img loading=\"lazy\" decoding=\"async\" width=\"750\" height=\"531\" src=\"https:\/\/materialplastik.hu\/wordpress\/wp-content\/uploads\/2024\/07\/tender_3_original.jpg\" class=\"attachment-large size-large wp-image-131\" alt=\"\" srcset=\"https:\/\/materialplastik.hu\/wordpress\/wp-content\/uploads\/2024\/07\/tender_3_original.jpg 1024w, https:\/\/materialplastik.hu\/wordpress\/wp-content\/uploads\/2024\/07\/tender_3_original-300x212.jpg 300w, https:\/\/materialplastik.hu\/wordpress\/wp-content\/uploads\/2024\/07\/tender_3_original-768x544.jpg 768w\" sizes=\"(max-width: 750px) 100vw, 750px\" \/>\t\t\t\t\t\t\t\t\t\t\t\t\t\t\t<\/div>\n\t\t\t\t<\/div>\n\t\t\t\t<\/div>\n\t\t<div class=\"elementor-element elementor-element-ada1276 e-con-full e-flex e-con e-child\" data-id=\"ada1276\" data-element_type=\"container\">\n\t\t\t\t<div class=\"elementor-element elementor-element-dcc6d19 elementor-widget elementor-widget-heading\" data-id=\"dcc6d19\" data-element_type=\"widget\" data-widget_type=\"heading.default\">\n\t\t\t\t<div class=\"elementor-widget-container\">\n\t\t\t\t\t<h2 class=\"elementor-heading-title elementor-size-default\">Miraflex AL10 printing press<\/h2>\t\t\t\t<\/div>\n\t\t\t\t<\/div>\n\t\t\t\t<div class=\"elementor-element elementor-element-5026625 elementor-widget elementor-widget-text-editor\" data-id=\"5026625\" data-element_type=\"widget\" data-widget_type=\"text-editor.default\">\n\t\t\t\t<div class=\"elementor-widget-container\">\n\t\t\t\t\t\t\t\t\t<p>Technological development of the complex company Material Plastik Kft., with the commissioning of a new Miraflex AL 10 central cylinder printing press.<\/p><p><\/p>\t\t\t\t\t\t\t\t<\/div>\n\t\t\t\t<\/div>\n\t\t\t\t<div class=\"elementor-element elementor-element-1360b1b elementor-widget elementor-widget-heading\" data-id=\"1360b1b\" data-element_type=\"widget\" data-widget_type=\"heading.default\">\n\t\t\t\t<div class=\"elementor-widget-container\">\n\t\t\t\t\t<h5 class=\"elementor-heading-title elementor-size-default\">A t\u00e1gogat\u00e1s \u00f6sszege: 148.516.915 forint<\/h5>\t\t\t\t<\/div>\n\t\t\t\t<\/div>\n\t\t\t\t<\/div>\n\t\t\t\t\t<\/div>\n\t\t\t\t<\/div>\n\t\t<div class=\"elementor-element elementor-element-3bc9128 e-flex e-con-boxed e-con e-parent\" data-id=\"3bc9128\" data-element_type=\"container\">\n\t\t\t\t\t<div class=\"e-con-inner\">\n\t\t\t\t<div class=\"elementor-element elementor-element-ef38194 elementor-widget-divider--view-line elementor-widget elementor-widget-divider\" data-id=\"ef38194\" data-element_type=\"widget\" data-widget_type=\"divider.default\">\n\t\t\t\t<div class=\"elementor-widget-container\">\n\t\t\t\t\t\t\t<div class=\"elementor-divider\">\n\t\t\t<span class=\"elementor-divider-separator\">\n\t\t\t\t\t\t<\/span>\n\t\t<\/div>\n\t\t\t\t\t\t<\/div>\n\t\t\t\t<\/div>\n\t\t\t\t\t<\/div>\n\t\t\t\t<\/div>\n\t\t<div class=\"elementor-element elementor-element-633e03f e-flex e-con-boxed e-con e-parent\" data-id=\"633e03f\" data-element_type=\"container\">\n\t\t\t\t\t<div class=\"e-con-inner\">\n\t\t<div class=\"elementor-element elementor-element-317a0d7 e-con-full e-flex e-con e-child\" data-id=\"317a0d7\" data-element_type=\"container\">\n\t\t\t\t<div class=\"elementor-element elementor-element-a774e2a elementor-widget elementor-widget-image\" data-id=\"a774e2a\" data-element_type=\"widget\" data-widget_type=\"image.default\">\n\t\t\t\t<div class=\"elementor-widget-container\">\n\t\t\t\t\t\t\t\t\t\t\t\t\t\t\t<img loading=\"lazy\" decoding=\"async\" width=\"750\" height=\"406\" src=\"https:\/\/materialplastik.hu\/wordpress\/wp-content\/uploads\/2024\/07\/tender_4_original.jpg\" class=\"attachment-large size-large wp-image-133\" alt=\"\" srcset=\"https:\/\/materialplastik.hu\/wordpress\/wp-content\/uploads\/2024\/07\/tender_4_original.jpg 768w, https:\/\/materialplastik.hu\/wordpress\/wp-content\/uploads\/2024\/07\/tender_4_original-300x163.jpg 300w\" sizes=\"(max-width: 750px) 100vw, 750px\" \/>\t\t\t\t\t\t\t\t\t\t\t\t\t\t\t<\/div>\n\t\t\t\t<\/div>\n\t\t\t\t<\/div>\n\t\t<div class=\"elementor-element elementor-element-4068ac2 e-con-full e-flex e-con e-child\" data-id=\"4068ac2\" data-element_type=\"container\">\n\t\t\t\t<div class=\"elementor-element elementor-element-81a1aa5 elementor-widget elementor-widget-heading\" data-id=\"81a1aa5\" data-element_type=\"widget\" data-widget_type=\"heading.default\">\n\t\t\t\t<div class=\"elementor-widget-container\">\n\t\t\t\t\t<h2 class=\"elementor-heading-title elementor-size-default\">\nPlant expansion 2011 - 2012\n<\/h2>\t\t\t\t<\/div>\n\t\t\t\t<\/div>\n\t\t\t\t<div class=\"elementor-element elementor-element-7725309 elementor-widget elementor-widget-text-editor\" data-id=\"7725309\" data-element_type=\"widget\" data-widget_type=\"text-editor.default\">\n\t\t\t\t<div class=\"elementor-widget-container\">\n\t\t\t\t\t\t\t\t\t<p>Expansion of the plastic packaging equipment manufacturing plant of Mat\u00edal Plastik Kft.<\/p>\t\t\t\t\t\t\t\t<\/div>\n\t\t\t\t<\/div>\n\t\t\t\t<div class=\"elementor-element elementor-element-07960d6 elementor-widget elementor-widget-heading\" data-id=\"07960d6\" data-element_type=\"widget\" data-widget_type=\"heading.default\">\n\t\t\t\t<div class=\"elementor-widget-container\">\n\t\t\t\t\t<h5 class=\"elementor-heading-title elementor-size-default\">A t\u00e1mogat\u00e1s \u00f6sszege: 65.058.381 forint<\/h5>\t\t\t\t<\/div>\n\t\t\t\t<\/div>\n\t\t\t\t<\/div>\n\t\t\t\t\t<\/div>\n\t\t\t\t<\/div>\n\t\t<div class=\"elementor-element elementor-element-8427ee6 e-flex e-con-boxed e-con e-parent\" data-id=\"8427ee6\" data-element_type=\"container\">\n\t\t\t\t\t<div class=\"e-con-inner\">\n\t\t\t\t<div class=\"elementor-element elementor-element-d8c938f elementor-widget-divider--view-line elementor-widget elementor-widget-divider\" data-id=\"d8c938f\" data-element_type=\"widget\" data-widget_type=\"divider.default\">\n\t\t\t\t<div class=\"elementor-widget-container\">\n\t\t\t\t\t\t\t<div class=\"elementor-divider\">\n\t\t\t<span class=\"elementor-divider-separator\">\n\t\t\t\t\t\t<\/span>\n\t\t<\/div>\n\t\t\t\t\t\t<\/div>\n\t\t\t\t<\/div>\n\t\t\t\t\t<\/div>\n\t\t\t\t<\/div>\n\t\t<div class=\"elementor-element elementor-element-cdac726 e-flex e-con-boxed e-con e-parent\" data-id=\"cdac726\" data-element_type=\"container\">\n\t\t\t\t\t<div class=\"e-con-inner\">\n\t\t<div class=\"elementor-element elementor-element-41a5b8a e-con-full e-flex e-con e-child\" data-id=\"41a5b8a\" data-element_type=\"container\">\n\t\t\t\t<div class=\"elementor-element elementor-element-3a3a0ae elementor-widget elementor-widget-image\" data-id=\"3a3a0ae\" data-element_type=\"widget\" data-widget_type=\"image.default\">\n\t\t\t\t<div class=\"elementor-widget-container\">\n\t\t\t\t\t\t\t\t\t\t\t\t\t\t\t<img loading=\"lazy\" decoding=\"async\" width=\"750\" height=\"378\" src=\"https:\/\/materialplastik.hu\/wordpress\/wp-content\/uploads\/2024\/07\/tender_5_original.jpg\" class=\"attachment-large size-large wp-image-134\" alt=\"\" srcset=\"https:\/\/materialplastik.hu\/wordpress\/wp-content\/uploads\/2024\/07\/tender_5_original.jpg 768w, https:\/\/materialplastik.hu\/wordpress\/wp-content\/uploads\/2024\/07\/tender_5_original-300x151.jpg 300w\" sizes=\"(max-width: 750px) 100vw, 750px\" \/>\t\t\t\t\t\t\t\t\t\t\t\t\t\t\t<\/div>\n\t\t\t\t<\/div>\n\t\t\t\t<\/div>\n\t\t<div class=\"elementor-element elementor-element-0f2c750 e-con-full e-flex e-con e-child\" data-id=\"0f2c750\" data-element_type=\"container\">\n\t\t\t\t<div class=\"elementor-element elementor-element-c2715f9 elementor-widget elementor-widget-heading\" data-id=\"c2715f9\" data-element_type=\"widget\" data-widget_type=\"heading.default\">\n\t\t\t\t<div class=\"elementor-widget-container\">\n\t\t\t\t\t<h2 class=\"elementor-heading-title elementor-size-default\">\nVarex coex three-layer extruder<\/h2>\t\t\t\t<\/div>\n\t\t\t\t<\/div>\n\t\t\t\t<div class=\"elementor-element elementor-element-6fe2e89 elementor-widget elementor-widget-text-editor\" data-id=\"6fe2e89\" data-element_type=\"widget\" data-widget_type=\"text-editor.default\">\n\t\t\t\t<div class=\"elementor-widget-container\">\n\t\t\t\t\t\t\t\t\t<p><span>Materi\u00e1l Plastik KFt. technol\u00f3giai h\u00e1tter\u00e9nek fejleszt\u00e9se \u00faj Varex coex h\u00e1romr\u00e9teg\u0171 f\u00f3liaf\u00fav\u00f3 berendez\u00e9s \u00fczembehelyz\u00e9s\u00e9vel.<\/span><\/p>\t\t\t\t\t\t\t\t<\/div>\n\t\t\t\t<\/div>\n\t\t\t\t<div class=\"elementor-element elementor-element-50f6c27 elementor-widget elementor-widget-heading\" data-id=\"50f6c27\" data-element_type=\"widget\" data-widget_type=\"heading.default\">\n\t\t\t\t<div class=\"elementor-widget-container\">\n\t\t\t\t\t<h5 class=\"elementor-heading-title elementor-size-default\">A t\u00e1mogat\u00e1s \u00f6sszege: 100.000.000 forint<\/h5>\t\t\t\t<\/div>\n\t\t\t\t<\/div>\n\t\t\t\t<\/div>\n\t\t\t\t\t<\/div>\n\t\t\t\t<\/div>\n\t\t<div class=\"elementor-element elementor-element-931a304 e-flex e-con-boxed e-con e-parent\" data-id=\"931a304\" data-element_type=\"container\">\n\t\t\t\t\t<div class=\"e-con-inner\">\n\t\t\t\t<div class=\"elementor-element elementor-element-08992eb elementor-widget elementor-widget-spacer\" data-id=\"08992eb\" data-element_type=\"widget\" data-widget_type=\"spacer.default\">\n\t\t\t\t<div class=\"elementor-widget-container\">\n\t\t\t\t\t\t\t<div class=\"elementor-spacer\">\n\t\t\t<div class=\"elementor-spacer-inner\"><\/div>\n\t\t<\/div>\n\t\t\t\t\t\t<\/div>\n\t\t\t\t<\/div>\n\t\t\t\t\t<\/div>\n\t\t\t\t<\/div>\n\t\t\t\t<\/div>\n\t\t","protected":false},"excerpt":{"rendered":"<p>Expansion of the production capacity of Material-Plastik Kft. commissioning of a new Miraflex AM8 printing machine Miraflex AM8 is the world&#8217;s most technologically advanced printing press. Our prominent customers, such as Vajda-Pap\u00edr Kft., Coca-Cola HBC, Szentkir\u00e1lyi-K\u00e9kk\u00fati \u00c1sv\u00e1nyv\u00edz Kft., demand constant, highest quality in their packaging materials as well. The investment [&hellip;]<\/p>\n","protected":false},"author":1,"featured_media":0,"parent":0,"menu_order":0,"comment_status":"closed","ping_status":"closed","template":"page-templates\/template-pagebuilder-full-width.php","meta":{"footnotes":""},"class_list":["post-1655","page","type-page","status-publish","hentry"],"_links":{"self":[{"href":"https:\/\/materialplastik.hu\/wordpress\/wp-json\/wp\/v2\/pages\/1655","targetHints":{"allow":["GET"]}}],"collection":[{"href":"https:\/\/materialplastik.hu\/wordpress\/wp-json\/wp\/v2\/pages"}],"about":[{"href":"https:\/\/materialplastik.hu\/wordpress\/wp-json\/wp\/v2\/types\/page"}],"author":[{"embeddable":true,"href":"https:\/\/materialplastik.hu\/wordpress\/wp-json\/wp\/v2\/users\/1"}],"replies":[{"embeddable":true,"href":"https:\/\/materialplastik.hu\/wordpress\/wp-json\/wp\/v2\/comments?post=1655"}],"version-history":[{"count":4,"href":"https:\/\/materialplastik.hu\/wordpress\/wp-json\/wp\/v2\/pages\/1655\/revisions"}],"predecessor-version":[{"id":1660,"href":"https:\/\/materialplastik.hu\/wordpress\/wp-json\/wp\/v2\/pages\/1655\/revisions\/1660"}],"wp:attachment":[{"href":"https:\/\/materialplastik.hu\/wordpress\/wp-json\/wp\/v2\/media?parent=1655"}],"curies":[{"name":"wp","href":"https:\/\/api.w.org\/{rel}","templated":true}]}}