{"id":1508,"date":"2024-10-22T12:04:39","date_gmt":"2024-10-22T12:04:39","guid":{"rendered":"https:\/\/materialplastik.hu\/wordpress\/?page_id=1508"},"modified":"2024-10-24T13:10:20","modified_gmt":"2024-10-24T13:10:20","slug":"taschen","status":"publish","type":"page","link":"https:\/\/materialplastik.hu\/wordpress\/de\/taschen\/","title":{"rendered":"Taschen"},"content":{"rendered":"\t\t<div data-elementor-type=\"wp-page\" data-elementor-id=\"1508\" class=\"elementor elementor-1508\">\n\t\t\t\t<div class=\"elementor-element elementor-element-6a44f14 e-flex e-con-boxed e-con e-parent\" data-id=\"6a44f14\" data-element_type=\"container\">\n\t\t\t\t\t<div class=\"e-con-inner\">\n\t\t\t\t<div class=\"elementor-element elementor-element-ef078d8 elementor-widget elementor-widget-spacer\" data-id=\"ef078d8\" data-element_type=\"widget\" data-widget_type=\"spacer.default\">\n\t\t\t\t<div class=\"elementor-widget-container\">\n\t\t\t\t\t\t\t<div class=\"elementor-spacer\">\n\t\t\t<div class=\"elementor-spacer-inner\"><\/div>\n\t\t<\/div>\n\t\t\t\t\t\t<\/div>\n\t\t\t\t<\/div>\n\t\t\t\t\t<\/div>\n\t\t\t\t<\/div>\n\t\t<div class=\"elementor-element elementor-element-39448f7 e-flex e-con-boxed e-con e-parent\" data-id=\"39448f7\" data-element_type=\"container\">\n\t\t\t\t\t<div class=\"e-con-inner\">\n\t\t<div class=\"elementor-element elementor-element-13ae998 e-con-full e-flex e-con e-child\" data-id=\"13ae998\" data-element_type=\"container\">\n\t\t\t\t<div class=\"elementor-element elementor-element-04368ac elementor-mobile-align-justify elementor-widget elementor-widget-button\" data-id=\"04368ac\" data-element_type=\"widget\" data-widget_type=\"button.default\">\n\t\t\t\t<div class=\"elementor-widget-container\">\n\t\t\t\t\t\t\t\t\t<div class=\"elementor-button-wrapper\">\n\t\t\t\t\t<a class=\"elementor-button elementor-button-link elementor-size-sm\" href=\"https:\/\/materialplastik.hu\/wordpress\/index.php\/de\/produkte\/\">\n\t\t\t\t\t\t<span class=\"elementor-button-content-wrapper\">\n\t\t\t\t\t\t\t\t\t<span class=\"elementor-button-text\">R\u00fcckkehr<\/span>\n\t\t\t\t\t<\/span>\n\t\t\t\t\t<\/a>\n\t\t\t\t<\/div>\n\t\t\t\t\t\t\t\t<\/div>\n\t\t\t\t<\/div>\n\t\t\t\t<\/div>\n\t\t<div class=\"elementor-element elementor-element-8ad9314 e-con-full elementor-hidden-mobile e-flex e-con e-child\" data-id=\"8ad9314\" data-element_type=\"container\">\n\t\t\t\t<div class=\"elementor-element elementor-element-060b68c elementor-widget elementor-widget-heading\" data-id=\"060b68c\" data-element_type=\"widget\" data-widget_type=\"heading.default\">\n\t\t\t\t<div class=\"elementor-widget-container\">\n\t\t\t\t\t<h3 class=\"elementor-heading-title elementor-size-default\">Tragetaschen, Taschen, M\u00fclls\u00e4cke<\/h3>\t\t\t\t<\/div>\n\t\t\t\t<\/div>\n\t\t\t\t<\/div>\n\t\t\t\t\t<\/div>\n\t\t\t\t<\/div>\n\t\t<div class=\"elementor-element elementor-element-b13c145 e-flex e-con-boxed e-con e-parent\" data-id=\"b13c145\" data-element_type=\"container\">\n\t\t\t\t\t<div class=\"e-con-inner\">\n\t\t\t\t<div class=\"elementor-element elementor-element-db4e916 elementor-widget elementor-widget-heading\" data-id=\"db4e916\" data-element_type=\"widget\" data-widget_type=\"heading.default\">\n\t\t\t\t<div class=\"elementor-widget-container\">\n\t\t\t\t\t<h5 class=\"elementor-heading-title elementor-size-default\">Eine gro\u00dfe Auswahl an Verpackungsl\u00f6sungen f\u00fcr den t\u00e4glichen Gebrauch.<\/h5>\t\t\t\t<\/div>\n\t\t\t\t<\/div>\n\t\t\t\t\t<\/div>\n\t\t\t\t<\/div>\n\t\t<div class=\"elementor-element elementor-element-bdba8b0 e-flex e-con-boxed e-con e-parent\" data-id=\"bdba8b0\" data-element_type=\"container\">\n\t\t\t\t\t<div class=\"e-con-inner\">\n\t\t<div class=\"elementor-element elementor-element-c566479 e-con-full e-flex e-con e-child\" data-id=\"c566479\" data-element_type=\"container\">\n\t\t\t\t<div class=\"elementor-element elementor-element-0f6647c e-transform elementor-widget elementor-widget-image\" data-id=\"0f6647c\" data-element_type=\"widget\" data-settings=\"{&quot;_transform_scale_effect_hover&quot;:{&quot;unit&quot;:&quot;px&quot;,&quot;size&quot;:1.1,&quot;sizes&quot;:[]},&quot;_transform_scale_effect_hover_tablet&quot;:{&quot;unit&quot;:&quot;px&quot;,&quot;size&quot;:&quot;&quot;,&quot;sizes&quot;:[]},&quot;_transform_scale_effect_hover_mobile&quot;:{&quot;unit&quot;:&quot;px&quot;,&quot;size&quot;:&quot;&quot;,&quot;sizes&quot;:[]}}\" data-widget_type=\"image.default\">\n\t\t\t\t<div class=\"elementor-widget-container\">\n\t\t\t\t\t\t\t\t\t\t\t\t\t\t\t\t<a href=\"https:\/\/materialplastik.hu\/wordpress\/index.php\/de\/hemd-umhaengetasche\/\">\n\t\t\t\t\t\t\t<img decoding=\"async\" src=\"https:\/\/materialplastik.hu\/wordpress\/wp-content\/uploads\/elementor\/thumbs\/Carrier_bag_v1-qsjt62zb9ei6sryrx61q7kbvrkfjq1wu43xwctdiuw.png\" title=\"Carrier_bag_v1\" alt=\"carrier bag\" loading=\"lazy\" \/>\t\t\t\t\t\t\t\t<\/a>\n\t\t\t\t\t\t\t\t\t\t\t\t\t\t\t<\/div>\n\t\t\t\t<\/div>\n\t\t\t\t<div class=\"elementor-element elementor-element-6d47b78 elementor-widget elementor-widget-heading\" data-id=\"6d47b78\" data-element_type=\"widget\" data-widget_type=\"heading.default\">\n\t\t\t\t<div class=\"elementor-widget-container\">\n\t\t\t\t\t<h4 class=\"elementor-heading-title elementor-size-default\">Einkaufst\u00fcten<\/h4>\t\t\t\t<\/div>\n\t\t\t\t<\/div>\n\t\t\t\t<\/div>\n\t\t<div class=\"elementor-element elementor-element-da81654 e-con-full e-flex e-con e-child\" data-id=\"da81654\" data-element_type=\"container\">\n\t\t\t\t<div class=\"elementor-element elementor-element-1f58aa6 e-transform elementor-widget elementor-widget-image\" data-id=\"1f58aa6\" data-element_type=\"widget\" data-settings=\"{&quot;_transform_scale_effect_hover&quot;:{&quot;unit&quot;:&quot;px&quot;,&quot;size&quot;:1.1,&quot;sizes&quot;:[]},&quot;_transform_scale_effect_hover_tablet&quot;:{&quot;unit&quot;:&quot;px&quot;,&quot;size&quot;:&quot;&quot;,&quot;sizes&quot;:[]},&quot;_transform_scale_effect_hover_mobile&quot;:{&quot;unit&quot;:&quot;px&quot;,&quot;size&quot;:&quot;&quot;,&quot;sizes&quot;:[]}}\" data-widget_type=\"image.default\">\n\t\t\t\t<div class=\"elementor-widget-container\">\n\t\t\t\t\t\t\t\t\t\t\t\t\t\t\t\t<a href=\"https:\/\/materialplastik.hu\/wordpress\/index.php\/de\/tasche-mit-schleifenohren\/\">\n\t\t\t\t\t\t\t<img decoding=\"async\" src=\"https:\/\/materialplastik.hu\/wordpress\/wp-content\/uploads\/elementor\/thumbs\/Carrier_bag_v5-qsjt7zlj4b44cb73shphrl0j4p1cbyh8pjkce0js8o.png\" title=\"Carrier_bag_v5\" alt=\"carrier bag\" loading=\"lazy\" \/>\t\t\t\t\t\t\t\t<\/a>\n\t\t\t\t\t\t\t\t\t\t\t\t\t\t\t<\/div>\n\t\t\t\t<\/div>\n\t\t\t\t<div class=\"elementor-element elementor-element-70bf6af elementor-widget elementor-widget-heading\" data-id=\"70bf6af\" data-element_type=\"widget\" data-widget_type=\"heading.default\">\n\t\t\t\t<div class=\"elementor-widget-container\">\n\t\t\t\t\t<h4 class=\"elementor-heading-title elementor-size-default\">Tasche mit Schleifenohren<\/h4>\t\t\t\t<\/div>\n\t\t\t\t<\/div>\n\t\t\t\t<\/div>\n\t\t<div class=\"elementor-element elementor-element-1895ce0 e-con-full e-flex e-con e-child\" data-id=\"1895ce0\" data-element_type=\"container\">\n\t\t\t\t<div class=\"elementor-element elementor-element-f97a57c e-transform elementor-widget elementor-widget-image\" data-id=\"f97a57c\" data-element_type=\"widget\" data-settings=\"{&quot;_transform_scale_effect_hover&quot;:{&quot;unit&quot;:&quot;px&quot;,&quot;size&quot;:1.1,&quot;sizes&quot;:[]},&quot;_transform_scale_effect_hover_tablet&quot;:{&quot;unit&quot;:&quot;px&quot;,&quot;size&quot;:&quot;&quot;,&quot;sizes&quot;:[]},&quot;_transform_scale_effect_hover_mobile&quot;:{&quot;unit&quot;:&quot;px&quot;,&quot;size&quot;:&quot;&quot;,&quot;sizes&quot;:[]}}\" data-widget_type=\"image.default\">\n\t\t\t\t<div class=\"elementor-widget-container\">\n\t\t\t\t\t\t\t\t\t\t\t\t\t\t\t\t<a href=\"https:\/\/materialplastik.hu\/wordpress\/index.php\/de\/tasche-mit-schwammohren\/\">\n\t\t\t\t\t\t\t<img decoding=\"async\" src=\"https:\/\/materialplastik.hu\/wordpress\/wp-content\/uploads\/elementor\/thumbs\/Carrier_bag_v2-qsjt9098iuiax3puufjxytriaq0no5irul0a3t1fi0.png\" title=\"Carrier_bag_v2\" alt=\"carrier bag\" loading=\"lazy\" \/>\t\t\t\t\t\t\t\t<\/a>\n\t\t\t\t\t\t\t\t\t\t\t\t\t\t\t<\/div>\n\t\t\t\t<\/div>\n\t\t\t\t<div class=\"elementor-element elementor-element-7c1a002 elementor-widget elementor-widget-heading\" data-id=\"7c1a002\" data-element_type=\"widget\" data-widget_type=\"heading.default\">\n\t\t\t\t<div class=\"elementor-widget-container\">\n\t\t\t\t\t<h4 class=\"elementor-heading-title elementor-size-default\">Tasche mit Schwammohren<\/h4>\t\t\t\t<\/div>\n\t\t\t\t<\/div>\n\t\t\t\t<\/div>\n\t\t<div class=\"elementor-element elementor-element-8e04949 e-con-full e-flex e-con e-child\" data-id=\"8e04949\" data-element_type=\"container\">\n\t\t\t\t<div class=\"elementor-element elementor-element-e7b55a4 e-transform elementor-widget elementor-widget-image\" data-id=\"e7b55a4\" data-element_type=\"widget\" data-settings=\"{&quot;_transform_scale_effect_hover&quot;:{&quot;unit&quot;:&quot;px&quot;,&quot;size&quot;:1.1,&quot;sizes&quot;:[]},&quot;_transform_scale_effect_hover_tablet&quot;:{&quot;unit&quot;:&quot;px&quot;,&quot;size&quot;:&quot;&quot;,&quot;sizes&quot;:[]},&quot;_transform_scale_effect_hover_mobile&quot;:{&quot;unit&quot;:&quot;px&quot;,&quot;size&quot;:&quot;&quot;,&quot;sizes&quot;:[]}}\" data-widget_type=\"image.default\">\n\t\t\t\t<div class=\"elementor-widget-container\">\n\t\t\t\t\t\t\t\t\t\t\t\t\t\t\t\t<a href=\"https:\/\/materialplastik.hu\/wordpress\/index.php\/de\/grifflochtasche-mit-umschlag\/\">\n\t\t\t\t\t\t\t<img decoding=\"async\" src=\"https:\/\/materialplastik.hu\/wordpress\/wp-content\/uploads\/elementor\/thumbs\/Carrier_bag_v2-qsjt9098iuiax3puufjxytriaq0no5irul0a3t1fi0.png\" title=\"Carrier_bag_v2\" alt=\"carrier bag\" loading=\"lazy\" \/>\t\t\t\t\t\t\t\t<\/a>\n\t\t\t\t\t\t\t\t\t\t\t\t\t\t\t<\/div>\n\t\t\t\t<\/div>\n\t\t\t\t<div class=\"elementor-element elementor-element-06bc4ce elementor-widget elementor-widget-heading\" data-id=\"06bc4ce\" data-element_type=\"widget\" data-widget_type=\"heading.default\">\n\t\t\t\t<div class=\"elementor-widget-container\">\n\t\t\t\t\t<h4 class=\"elementor-heading-title elementor-size-default\">Grifflochtasche mit Umschlag<\/h4>\t\t\t\t<\/div>\n\t\t\t\t<\/div>\n\t\t\t\t<\/div>\n\t\t\t\t\t<\/div>\n\t\t\t\t<\/div>\n\t\t<div class=\"elementor-element elementor-element-792a81d e-flex e-con-boxed e-con e-parent\" data-id=\"792a81d\" data-element_type=\"container\">\n\t\t\t\t\t<div class=\"e-con-inner\">\n\t\t<div class=\"elementor-element elementor-element-36c5838 e-con-full e-flex e-con e-child\" data-id=\"36c5838\" data-element_type=\"container\">\n\t\t\t\t<div class=\"elementor-element elementor-element-4d8c496 e-transform elementor-widget elementor-widget-image\" data-id=\"4d8c496\" data-element_type=\"widget\" data-settings=\"{&quot;_transform_scale_effect_hover&quot;:{&quot;unit&quot;:&quot;px&quot;,&quot;size&quot;:1.1,&quot;sizes&quot;:[]},&quot;_transform_scale_effect_hover_tablet&quot;:{&quot;unit&quot;:&quot;px&quot;,&quot;size&quot;:&quot;&quot;,&quot;sizes&quot;:[]},&quot;_transform_scale_effect_hover_mobile&quot;:{&quot;unit&quot;:&quot;px&quot;,&quot;size&quot;:&quot;&quot;,&quot;sizes&quot;:[]}}\" data-widget_type=\"image.default\">\n\t\t\t\t<div class=\"elementor-widget-container\">\n\t\t\t\t\t\t\t\t\t\t\t\t\t\t\t\t<a href=\"https:\/\/materialplastik.hu\/wordpress\/index.php\/de\/beutel\/\">\n\t\t\t\t\t\t\t<img decoding=\"async\" src=\"https:\/\/materialplastik.hu\/wordpress\/wp-content\/uploads\/elementor\/thumbs\/Carrier_bag_v4-qsjtio1irjqe8tooflvwle023aegs5vgiedxo6prjs.png\" title=\"Carrier_bag_v4\" alt=\"Carrier_bag_v4\" loading=\"lazy\" \/>\t\t\t\t\t\t\t\t<\/a>\n\t\t\t\t\t\t\t\t\t\t\t\t\t\t\t<\/div>\n\t\t\t\t<\/div>\n\t\t\t\t<div class=\"elementor-element elementor-element-eaf95ba elementor-widget elementor-widget-heading\" data-id=\"eaf95ba\" data-element_type=\"widget\" data-widget_type=\"heading.default\">\n\t\t\t\t<div class=\"elementor-widget-container\">\n\t\t\t\t\t<h4 class=\"elementor-heading-title elementor-size-default\">Beutel<\/h4>\t\t\t\t<\/div>\n\t\t\t\t<\/div>\n\t\t\t\t<\/div>\n\t\t<div class=\"elementor-element elementor-element-c359c11 e-con-full e-flex e-con e-child\" data-id=\"c359c11\" data-element_type=\"container\">\n\t\t\t\t<div class=\"elementor-element elementor-element-13625bf e-transform elementor-widget elementor-widget-image\" data-id=\"13625bf\" data-element_type=\"widget\" data-settings=\"{&quot;_transform_scale_effect_hover&quot;:{&quot;unit&quot;:&quot;px&quot;,&quot;size&quot;:1.1,&quot;sizes&quot;:[]},&quot;_transform_scale_effect_hover_tablet&quot;:{&quot;unit&quot;:&quot;px&quot;,&quot;size&quot;:&quot;&quot;,&quot;sizes&quot;:[]},&quot;_transform_scale_effect_hover_mobile&quot;:{&quot;unit&quot;:&quot;px&quot;,&quot;size&quot;:&quot;&quot;,&quot;sizes&quot;:[]}}\" data-widget_type=\"image.default\">\n\t\t\t\t<div class=\"elementor-widget-container\">\n\t\t\t\t\t\t\t\t\t\t\t\t\t\t\t\t<a href=\"https:\/\/materialplastik.hu\/wordpress\/index.php\/de\/kuriertasche\/\">\n\t\t\t\t\t\t\t<img decoding=\"async\" src=\"https:\/\/materialplastik.hu\/wordpress\/wp-content\/uploads\/elementor\/thumbs\/white_bag-qsjtmnutt779l5vs3u1tovpkz8pmhuqe26783isj3s.png\" title=\"white_bag\" alt=\"white_bag\" loading=\"lazy\" \/>\t\t\t\t\t\t\t\t<\/a>\n\t\t\t\t\t\t\t\t\t\t\t\t\t\t\t<\/div>\n\t\t\t\t<\/div>\n\t\t\t\t<div class=\"elementor-element elementor-element-c712145 elementor-widget elementor-widget-heading\" data-id=\"c712145\" data-element_type=\"widget\" data-widget_type=\"heading.default\">\n\t\t\t\t<div class=\"elementor-widget-container\">\n\t\t\t\t\t<h4 class=\"elementor-heading-title elementor-size-default\">Kuriertasche<\/h4>\t\t\t\t<\/div>\n\t\t\t\t<\/div>\n\t\t\t\t<\/div>\n\t\t<div class=\"elementor-element elementor-element-a13150a e-con-full e-flex e-con e-child\" data-id=\"a13150a\" data-element_type=\"container\">\n\t\t\t\t<div class=\"elementor-element elementor-element-f50e3fc e-transform elementor-widget elementor-widget-image\" data-id=\"f50e3fc\" data-element_type=\"widget\" data-settings=\"{&quot;_transform_scale_effect_hover&quot;:{&quot;unit&quot;:&quot;px&quot;,&quot;size&quot;:1.1,&quot;sizes&quot;:[]},&quot;_transform_scale_effect_hover_tablet&quot;:{&quot;unit&quot;:&quot;px&quot;,&quot;size&quot;:&quot;&quot;,&quot;sizes&quot;:[]},&quot;_transform_scale_effect_hover_mobile&quot;:{&quot;unit&quot;:&quot;px&quot;,&quot;size&quot;:&quot;&quot;,&quot;sizes&quot;:[]}}\" data-widget_type=\"image.default\">\n\t\t\t\t<div class=\"elementor-widget-container\">\n\t\t\t\t\t\t\t\t\t\t\t\t\t\t\t\t<a href=\"https:\/\/materialplastik.hu\/wordpress\/index.php\/de\/muellsaecke\">\n\t\t\t\t\t\t\t<img decoding=\"async\" src=\"https:\/\/materialplastik.hu\/wordpress\/wp-content\/uploads\/elementor\/thumbs\/bag_rolls_v2-qsjtpbqd6auihe0ijzhrr7ilkjl2azb0fcqr1qudh4.png\" title=\"bag_rolls_v2\" alt=\"bag_rolls_v2\" loading=\"lazy\" \/>\t\t\t\t\t\t\t\t<\/a>\n\t\t\t\t\t\t\t\t\t\t\t\t\t\t\t<\/div>\n\t\t\t\t<\/div>\n\t\t\t\t<div class=\"elementor-element elementor-element-f432a11 elementor-widget elementor-widget-heading\" data-id=\"f432a11\" data-element_type=\"widget\" data-widget_type=\"heading.default\">\n\t\t\t\t<div class=\"elementor-widget-container\">\n\t\t\t\t\t<h4 class=\"elementor-heading-title elementor-size-default\">\nM\u00fclls\u00e4cke\n<\/h4>\t\t\t\t<\/div>\n\t\t\t\t<\/div>\n\t\t\t\t<\/div>\n\t\t<div class=\"elementor-element elementor-element-9b67620 e-con-full elementor-hidden-mobile e-flex e-con e-child\" data-id=\"9b67620\" data-element_type=\"container\">\n\t\t\t\t<div class=\"elementor-element elementor-element-0e9486c elementor-widget elementor-widget-image\" data-id=\"0e9486c\" data-element_type=\"widget\" data-widget_type=\"image.default\">\n\t\t\t\t<div class=\"elementor-widget-container\">\n\t\t\t\t\t\t\t\t\t\t\t\t\t\t\t\t<a href=\"https:\/\/materialplastik.hu\/wordpress\/index.php\/de\/produktproben\/\">\n\t\t\t\t\t\t\t<img decoding=\"async\" src=\"https:\/\/materialplastik.hu\/wordpress\/wp-content\/uploads\/elementor\/thumbs\/bags_4in1-qr506bdnq64s1rgr33t74tp7794ad6r0ffahvv5ao8.png\" title=\"bags_4in1\" alt=\"bags_4in1\" loading=\"lazy\" \/>\t\t\t\t\t\t\t\t<\/a>\n\t\t\t\t\t\t\t\t\t\t\t\t\t\t\t<\/div>\n\t\t\t\t<\/div>\n\t\t\t\t<div class=\"elementor-element elementor-element-98ea13e elementor-widget elementor-widget-heading\" data-id=\"98ea13e\" data-element_type=\"widget\" data-widget_type=\"heading.default\">\n\t\t\t\t<div class=\"elementor-widget-container\">\n\t\t\t\t\t<h4 class=\"elementor-heading-title elementor-size-default\">Produktproben<\/h4>\t\t\t\t<\/div>\n\t\t\t\t<\/div>\n\t\t\t\t<\/div>\n\t\t\t\t\t<\/div>\n\t\t\t\t<\/div>\n\t\t<div class=\"elementor-element elementor-element-f57ff73 e-flex e-con-boxed e-con e-parent\" data-id=\"f57ff73\" data-element_type=\"container\">\n\t\t\t\t\t<div class=\"e-con-inner\">\n\t\t\t\t<div class=\"elementor-element elementor-element-43ac30b elementor-widget elementor-widget-spacer\" data-id=\"43ac30b\" data-element_type=\"widget\" data-widget_type=\"spacer.default\">\n\t\t\t\t<div class=\"elementor-widget-container\">\n\t\t\t\t\t\t\t<div class=\"elementor-spacer\">\n\t\t\t<div class=\"elementor-spacer-inner\"><\/div>\n\t\t<\/div>\n\t\t\t\t\t\t<\/div>\n\t\t\t\t<\/div>\n\t\t\t\t\t<\/div>\n\t\t\t\t<\/div>\n\t\t\t\t<\/div>\n\t\t","protected":false},"excerpt":{"rendered":"<p>R\u00fcckkehr Tragetaschen, Taschen, M\u00fclls\u00e4cke Eine gro\u00dfe Auswahl an Verpackungsl\u00f6sungen f\u00fcr den t\u00e4glichen Gebrauch. Einkaufst\u00fcten Tasche mit Schleifenohren Tasche mit Schwammohren Grifflochtasche mit Umschlag Beutel Kuriertasche M\u00fclls\u00e4cke Produktproben<\/p>\n","protected":false},"author":1,"featured_media":0,"parent":0,"menu_order":0,"comment_status":"closed","ping_status":"closed","template":"page-templates\/template-pagebuilder-full-width.php","meta":{"footnotes":""},"class_list":["post-1508","page","type-page","status-publish","hentry"],"_links":{"self":[{"href":"https:\/\/materialplastik.hu\/wordpress\/wp-json\/wp\/v2\/pages\/1508","targetHints":{"allow":["GET"]}}],"collection":[{"href":"https:\/\/materialplastik.hu\/wordpress\/wp-json\/wp\/v2\/pages"}],"about":[{"href":"https:\/\/materialplastik.hu\/wordpress\/wp-json\/wp\/v2\/types\/page"}],"author":[{"embeddable":true,"href":"https:\/\/materialplastik.hu\/wordpress\/wp-json\/wp\/v2\/users\/1"}],"replies":[{"embeddable":true,"href":"https:\/\/materialplastik.hu\/wordpress\/wp-json\/wp\/v2\/comments?post=1508"}],"version-history":[{"count":46,"href":"https:\/\/materialplastik.hu\/wordpress\/wp-json\/wp\/v2\/pages\/1508\/revisions"}],"predecessor-version":[{"id":1685,"href":"https:\/\/materialplastik.hu\/wordpress\/wp-json\/wp\/v2\/pages\/1508\/revisions\/1685"}],"wp:attachment":[{"href":"https:\/\/materialplastik.hu\/wordpress\/wp-json\/wp\/v2\/media?parent=1508"}],"curies":[{"name":"wp","href":"https:\/\/api.w.org\/{rel}","templated":true}]}}