{"id":1008,"date":"2024-10-15T06:16:22","date_gmt":"2024-10-15T06:16:22","guid":{"rendered":"https:\/\/materialplastik.hu\/wordpress\/?page_id=1008"},"modified":"2024-10-29T08:20:38","modified_gmt":"2024-10-29T08:20:38","slug":"hauptseite","status":"publish","type":"page","link":"https:\/\/materialplastik.hu\/wordpress\/de\/hauptseite\/","title":{"rendered":"Hauptseite"},"content":{"rendered":"\t\t<div data-elementor-type=\"wp-page\" data-elementor-id=\"1008\" class=\"elementor elementor-1008\">\n\t\t\t\t<div class=\"elementor-element elementor-element-95b5978 e-flex e-con-boxed e-con e-parent\" data-id=\"95b5978\" data-element_type=\"container\">\n\t\t\t\t\t<div class=\"e-con-inner\">\n\t\t\t\t<div class=\"elementor-element elementor-element-eac89ab elementor-arrows-position-inside elementor-pagination-position-outside elementor-widget elementor-widget-image-carousel\" data-id=\"eac89ab\" data-element_type=\"widget\" data-settings=\"{&quot;slides_to_show&quot;:&quot;1&quot;,&quot;navigation&quot;:&quot;both&quot;,&quot;autoplay&quot;:&quot;yes&quot;,&quot;pause_on_hover&quot;:&quot;yes&quot;,&quot;pause_on_interaction&quot;:&quot;yes&quot;,&quot;autoplay_speed&quot;:5000,&quot;infinite&quot;:&quot;yes&quot;,&quot;effect&quot;:&quot;slide&quot;,&quot;speed&quot;:500}\" data-widget_type=\"image-carousel.default\">\n\t\t\t\t<div class=\"elementor-widget-container\">\n\t\t\t\t\t\t\t<div class=\"elementor-image-carousel-wrapper swiper\" role=\"region\" aria-roledescription=\"carousel\" aria-label=\"K\u00e9p k\u00f6rhinta\" dir=\"ltr\">\n\t\t\t<div class=\"elementor-image-carousel swiper-wrapper\" aria-live=\"off\">\n\t\t\t\t\t\t\t\t<div class=\"swiper-slide\" role=\"group\" aria-roledescription=\"slide\" aria-label=\"1 \/ 1\"><figure class=\"swiper-slide-inner\"><img decoding=\"async\" class=\"swiper-slide-image\" src=\"https:\/\/materialplastik.hu\/wordpress\/wp-content\/uploads\/2024\/07\/20190308_0015-1024x455.jpg\" alt=\"20190308_0015\" \/><\/figure><\/div>\t\t\t<\/div>\n\t\t\t\t\t<\/div>\n\t\t\t\t\t\t<\/div>\n\t\t\t\t<\/div>\n\t\t\t\t\t<\/div>\n\t\t\t\t<\/div>\n\t\t<div class=\"elementor-element elementor-element-d8b0c64 e-flex e-con-boxed elementor-invisible e-con e-parent\" data-id=\"d8b0c64\" data-element_type=\"container\" data-settings=\"{&quot;animation&quot;:&quot;fadeInLeft&quot;}\">\n\t\t\t\t\t<div class=\"e-con-inner\">\n\t\t<div class=\"elementor-element elementor-element-cc0e024 e-con-full e-flex e-con e-child\" data-id=\"cc0e024\" data-element_type=\"container\">\n\t\t\t\t<div class=\"elementor-element elementor-element-8632e1e elementor-widget elementor-widget-image\" data-id=\"8632e1e\" data-element_type=\"widget\" data-widget_type=\"image.default\">\n\t\t\t\t<div class=\"elementor-widget-container\">\n\t\t\t\t\t\t\t\t\t\t\t\t\t\t\t<img decoding=\"async\" src=\"https:\/\/materialplastik.hu\/wordpress\/wp-content\/uploads\/elementor\/thumbs\/Team-at-PRS-International-Group-of-Companies-qqyetfvuwh19368yebdgn4yn01u4r17w4pgdfdql48.jpg\" title=\"Team at PRS International Group of Companies\" alt=\"Team at PRS International Group of Companies\" loading=\"lazy\" \/>\t\t\t\t\t\t\t\t\t\t\t\t\t\t\t<\/div>\n\t\t\t\t<\/div>\n\t\t\t\t<\/div>\n\t\t<div class=\"elementor-element elementor-element-f4a67bc e-con-full e-flex e-con e-child\" data-id=\"f4a67bc\" data-element_type=\"container\">\n\t\t\t\t<div class=\"elementor-element elementor-element-96e9a87 elementor-widget elementor-widget-heading\" data-id=\"96e9a87\" data-element_type=\"widget\" data-widget_type=\"heading.default\">\n\t\t\t\t<div class=\"elementor-widget-container\">\n\t\t\t\t\t<h2 class=\"elementor-heading-title elementor-size-default\">Ein Unternehmen, ein Ziel, ein Team...<\/h2>\t\t\t\t<\/div>\n\t\t\t\t<\/div>\n\t\t\t\t<div class=\"elementor-element elementor-element-c37ac11 elementor-widget elementor-widget-text-editor\" data-id=\"c37ac11\" data-element_type=\"widget\" data-widget_type=\"text-editor.default\">\n\t\t\t\t<div class=\"elementor-widget-container\">\n\t\t\t\t\t\t\t\t\t<p>&#8230;unser Leitspruch verdeutlicht die Bedeutung des Zusammenspiels und der Verantwortung nicht nur gegen\u00fcber unseren Kunden, sondern auch miteinander. Alle tragen zum Erfolg bei und profitieren von dem Ergebnis. Unsere Mitarbeiterinnen und Mitarbeiter sind stolz darauf f\u00fcr unser Unternehmen zu arbeiten und empfehlen uns gerne an Freunde und Bekannte weiter, die einen Arbeitsplatz suchen. Ein \u00fcberzeugenderes und besseres Zeugnis k\u00f6nnen wir uns nicht w\u00fcnschen.<\/p>\t\t\t\t\t\t\t\t<\/div>\n\t\t\t\t<\/div>\n\t\t\t\t<\/div>\n\t\t\t\t\t<\/div>\n\t\t\t\t<\/div>\n\t\t<div class=\"elementor-element elementor-element-ce0a51e e-flex e-con-boxed elementor-invisible e-con e-parent\" data-id=\"ce0a51e\" data-element_type=\"container\" data-settings=\"{&quot;animation&quot;:&quot;fadeInLeft&quot;}\">\n\t\t\t\t\t<div class=\"e-con-inner\">\n\t\t\t\t<div class=\"elementor-element elementor-element-cb82328 elementor-widget elementor-widget-spacer\" data-id=\"cb82328\" data-element_type=\"widget\" data-widget_type=\"spacer.default\">\n\t\t\t\t<div class=\"elementor-widget-container\">\n\t\t\t\t\t\t\t<div class=\"elementor-spacer\">\n\t\t\t<div class=\"elementor-spacer-inner\"><\/div>\n\t\t<\/div>\n\t\t\t\t\t\t<\/div>\n\t\t\t\t<\/div>\n\t\t\t\t<div class=\"elementor-element elementor-element-4c848a7 elementor-widget elementor-widget-heading\" data-id=\"4c848a7\" data-element_type=\"widget\" data-widget_type=\"heading.default\">\n\t\t\t\t<div class=\"elementor-widget-container\">\n\t\t\t\t\t<h1 class=\"elementor-heading-title elementor-size-default\">Unsere Zertifikate<\/h1>\t\t\t\t<\/div>\n\t\t\t\t<\/div>\n\t\t\t\t<div class=\"elementor-element elementor-element-aa231fc elementor-widget elementor-widget-image-gallery\" data-id=\"aa231fc\" data-element_type=\"widget\" data-widget_type=\"image-gallery.default\">\n\t\t\t\t<div class=\"elementor-widget-container\">\n\t\t\t\t\t\t\t<div class=\"elementor-image-gallery\">\n\t\t\t\n\t\t<style type=\"text\/css\">\n\t\t\t#gallery-1 {\n\t\t\t\tmargin: auto;\n\t\t\t}\n\t\t\t#gallery-1 .gallery-item {\n\t\t\t\tfloat: left;\n\t\t\t\tmargin-top: 10px;\n\t\t\t\ttext-align: center;\n\t\t\t\twidth: 25%;\n\t\t\t}\n\t\t\t#gallery-1 img {\n\t\t\t\tborder: 2px solid #cfcfcf;\n\t\t\t}\n\t\t\t#gallery-1 .gallery-caption {\n\t\t\t\tmargin-left: 0;\n\t\t\t}\n\t\t\t\/* see gallery_shortcode() in wp-includes\/media.php *\/\n\t\t<\/style>\n\t\t<div id='gallery-1' class='gallery galleryid-1008 gallery-columns-4 gallery-size-medium'><dl class='gallery-item'>\n\t\t\t<dt class='gallery-icon landscape'>\n\t\t\t\t<a data-elementor-open-lightbox=\"yes\" data-elementor-lightbox-slideshow=\"aa231fc\" data-elementor-lightbox-title=\"MSZI_9001_HUN\" data-e-action-hash=\"#elementor-action%3Aaction%3Dlightbox%26settings%3DeyJpZCI6OTQsInVybCI6Imh0dHBzOlwvXC9tYXRlcmlhbHBsYXN0aWsuaHVcL3dvcmRwcmVzc1wvd3AtY29udGVudFwvdXBsb2Fkc1wvMjAyNFwvMDdcL01TWklfOTAwMV9IVU4uanBnIiwic2xpZGVzaG93IjoiYWEyMzFmYyJ9\" href='https:\/\/materialplastik.hu\/wordpress\/wp-content\/uploads\/2024\/07\/MSZI_9001_HUN.jpg'><img decoding=\"async\" width=\"300\" height=\"159\" src=\"https:\/\/materialplastik.hu\/wordpress\/wp-content\/uploads\/2024\/07\/MSZI_9001_HUN-300x159.jpg\" class=\"attachment-medium size-medium\" alt=\"\" srcset=\"https:\/\/materialplastik.hu\/wordpress\/wp-content\/uploads\/2024\/07\/MSZI_9001_HUN-300x159.jpg 300w, https:\/\/materialplastik.hu\/wordpress\/wp-content\/uploads\/2024\/07\/MSZI_9001_HUN.jpg 626w\" sizes=\"(max-width: 300px) 100vw, 300px\" \/><\/a>\n\t\t\t<\/dt><\/dl><dl class='gallery-item'>\n\t\t\t<dt class='gallery-icon landscape'>\n\t\t\t\t<a data-elementor-open-lightbox=\"yes\" data-elementor-lightbox-slideshow=\"aa231fc\" data-elementor-lightbox-title=\"MSZI_HUN2\" data-e-action-hash=\"#elementor-action%3Aaction%3Dlightbox%26settings%3DeyJpZCI6OTYsInVybCI6Imh0dHBzOlwvXC9tYXRlcmlhbHBsYXN0aWsuaHVcL3dvcmRwcmVzc1wvd3AtY29udGVudFwvdXBsb2Fkc1wvMjAyNFwvMDdcL01TWklfSFVOMi5qcGciLCJzbGlkZXNob3ciOiJhYTIzMWZjIn0%3D\" href='https:\/\/materialplastik.hu\/wordpress\/wp-content\/uploads\/2024\/07\/MSZI_HUN2.jpg'><img decoding=\"async\" width=\"300\" height=\"159\" src=\"https:\/\/materialplastik.hu\/wordpress\/wp-content\/uploads\/2024\/07\/MSZI_HUN2-300x159.jpg\" class=\"attachment-medium size-medium\" alt=\"\" srcset=\"https:\/\/materialplastik.hu\/wordpress\/wp-content\/uploads\/2024\/07\/MSZI_HUN2-300x159.jpg 300w, https:\/\/materialplastik.hu\/wordpress\/wp-content\/uploads\/2024\/07\/MSZI_HUN2.jpg 572w\" sizes=\"(max-width: 300px) 100vw, 300px\" \/><\/a>\n\t\t\t<\/dt><\/dl><dl class='gallery-item'>\n\t\t\t<dt class='gallery-icon landscape'>\n\t\t\t\t<a data-elementor-open-lightbox=\"yes\" data-elementor-lightbox-slideshow=\"aa231fc\" data-elementor-lightbox-title=\"ISO 45001_HU\" data-e-action-hash=\"#elementor-action%3Aaction%3Dlightbox%26settings%3DeyJpZCI6OTcsInVybCI6Imh0dHBzOlwvXC9tYXRlcmlhbHBsYXN0aWsuaHVcL3dvcmRwcmVzc1wvd3AtY29udGVudFwvdXBsb2Fkc1wvMjAyNFwvMDdcL0lTTy00NTAwMV9IVS5qcGciLCJzbGlkZXNob3ciOiJhYTIzMWZjIn0%3D\" href='https:\/\/materialplastik.hu\/wordpress\/wp-content\/uploads\/2024\/07\/ISO-45001_HU.jpg'><img decoding=\"async\" width=\"300\" height=\"158\" src=\"https:\/\/materialplastik.hu\/wordpress\/wp-content\/uploads\/2024\/07\/ISO-45001_HU-300x158.jpg\" class=\"attachment-medium size-medium\" alt=\"\" srcset=\"https:\/\/materialplastik.hu\/wordpress\/wp-content\/uploads\/2024\/07\/ISO-45001_HU-300x158.jpg 300w, https:\/\/materialplastik.hu\/wordpress\/wp-content\/uploads\/2024\/07\/ISO-45001_HU.jpg 625w\" sizes=\"(max-width: 300px) 100vw, 300px\" \/><\/a>\n\t\t\t<\/dt><\/dl><dl class='gallery-item'>\n\t\t\t<dt class='gallery-icon landscape'>\n\t\t\t\t<a data-elementor-open-lightbox=\"yes\" data-elementor-lightbox-slideshow=\"aa231fc\" data-elementor-lightbox-title=\"MSZI_22000_HUN\" data-e-action-hash=\"#elementor-action%3Aaction%3Dlightbox%26settings%3DeyJpZCI6OTUsInVybCI6Imh0dHBzOlwvXC9tYXRlcmlhbHBsYXN0aWsuaHVcL3dvcmRwcmVzc1wvd3AtY29udGVudFwvdXBsb2Fkc1wvMjAyNFwvMDdcL01TWklfMjIwMDBfSFVOLmpwZyIsInNsaWRlc2hvdyI6ImFhMjMxZmMifQ%3D%3D\" href='https:\/\/materialplastik.hu\/wordpress\/wp-content\/uploads\/2024\/07\/MSZI_22000_HUN.jpg'><img loading=\"lazy\" decoding=\"async\" width=\"300\" height=\"159\" src=\"https:\/\/materialplastik.hu\/wordpress\/wp-content\/uploads\/2024\/07\/MSZI_22000_HUN-300x159.jpg\" class=\"attachment-medium size-medium\" alt=\"\" srcset=\"https:\/\/materialplastik.hu\/wordpress\/wp-content\/uploads\/2024\/07\/MSZI_22000_HUN-300x159.jpg 300w, https:\/\/materialplastik.hu\/wordpress\/wp-content\/uploads\/2024\/07\/MSZI_22000_HUN.jpg 312w\" sizes=\"(max-width: 300px) 100vw, 300px\" \/><\/a>\n\t\t\t<\/dt><\/dl><br style=\"clear: both\" \/>\n\t\t<\/div>\n\t\t<\/div>\n\t\t\t\t\t\t<\/div>\n\t\t\t\t<\/div>\n\t\t\t\t<div class=\"elementor-element elementor-element-53b54b7 elementor-widget elementor-widget-text-editor\" data-id=\"53b54b7\" data-element_type=\"widget\" data-widget_type=\"text-editor.default\">\n\t\t\t\t<div class=\"elementor-widget-container\">\n\t\t\t\t\t\t\t\t\t<p>Durch die Einf\u00fchrung des Standards MSZ EN ISO 14001:2015 und dessen anschlie\u00dfende Anpassung an ein integriertes Managementsystem gem\u00e4\u00df den Standards MSZ EN ISO 9001:2015, MSZ EN ISO 45001:2018 und MSZ EN ISO 22000:2018 hat sich unser Unternehmen zum Ziel gesetzt, die Anforderungen unserer Kunden auf h\u00f6chstem Niveau zu erf\u00fcllen und kontinuierlich zu verbessern.<\/p>\t\t\t\t\t\t\t\t<\/div>\n\t\t\t\t<\/div>\n\t\t\t\t<div class=\"elementor-element elementor-element-7b8657f elementor-widget elementor-widget-spacer\" data-id=\"7b8657f\" data-element_type=\"widget\" data-widget_type=\"spacer.default\">\n\t\t\t\t<div class=\"elementor-widget-container\">\n\t\t\t\t\t\t\t<div class=\"elementor-spacer\">\n\t\t\t<div class=\"elementor-spacer-inner\"><\/div>\n\t\t<\/div>\n\t\t\t\t\t\t<\/div>\n\t\t\t\t<\/div>\n\t\t\t\t\t<\/div>\n\t\t\t\t<\/div>\n\t\t<div class=\"elementor-element elementor-element-d5a1d31 e-flex e-con-boxed elementor-invisible e-con e-parent\" data-id=\"d5a1d31\" data-element_type=\"container\" data-settings=\"{&quot;animation&quot;:&quot;fadeInLeft&quot;}\">\n\t\t\t\t\t<div class=\"e-con-inner\">\n\t\t<div class=\"elementor-element elementor-element-f95edc8 e-con-full e-flex e-con e-child\" data-id=\"f95edc8\" data-element_type=\"container\">\n\t\t\t\t<div class=\"elementor-element elementor-element-4e29de7 elementor-widget elementor-widget-heading\" data-id=\"4e29de7\" data-element_type=\"widget\" data-widget_type=\"heading.default\">\n\t\t\t\t<div class=\"elementor-widget-container\">\n\t\t\t\t\t<h1 class=\"elementor-heading-title elementor-size-default\">\u201eIm Einklang mit der Umwelt\u201c<\/h1>\t\t\t\t<\/div>\n\t\t\t\t<\/div>\n\t\t\t\t<div class=\"elementor-element elementor-element-9a6bdbf elementor-widget elementor-widget-text-editor\" data-id=\"9a6bdbf\" data-element_type=\"widget\" data-widget_type=\"text-editor.default\">\n\t\t\t\t<div class=\"elementor-widget-container\">\n\t\t\t\t\t\t\t\t\t<table><tbody><tr><td width=\"191\"><p>Die Firma Material-Plastik GmbH legt in ihren Produktionsprozessen gro\u00dfen Wert auf den Einsatz umweltfreundlicher Technologien. Es werden keine sch\u00e4dlichen oder gef\u00e4hrlichen Abf\u00e4lle oder Nebenprodukte in die Umwelt freigesetzt. Der gr\u00f6\u00dfte Teil der anfallenden Abf\u00e4lle wird wiederverwertet und dem Produktionsprozess wieder zugef\u00fchrt. Dank unserer modernen Produktionstechnologien sind wir seit 2005 auch berechtigt das Umweltg\u00fctesiegel zu f\u00fchren.<\/p><\/td><\/tr><\/tbody><\/table>\t\t\t\t\t\t\t\t<\/div>\n\t\t\t\t<\/div>\n\t\t\t\t<\/div>\n\t\t<div class=\"elementor-element elementor-element-e41df79 e-con-full e-flex e-con e-child\" data-id=\"e41df79\" data-element_type=\"container\">\n\t\t\t\t<div class=\"elementor-element elementor-element-9ce2ab0 elementor-widget elementor-widget-image\" data-id=\"9ce2ab0\" data-element_type=\"widget\" data-widget_type=\"image.default\">\n\t\t\t\t<div class=\"elementor-widget-container\">\n\t\t\t\t\t\t\t\t\t\t\t\t\t\t\t<img loading=\"lazy\" decoding=\"async\" width=\"750\" height=\"719\" src=\"https:\/\/materialplastik.hu\/wordpress\/wp-content\/uploads\/2024\/07\/web_nature_rec-1024x981.jpg\" class=\"attachment-large size-large wp-image-82\" alt=\"\" srcset=\"https:\/\/materialplastik.hu\/wordpress\/wp-content\/uploads\/2024\/07\/web_nature_rec-1024x981.jpg 1024w, https:\/\/materialplastik.hu\/wordpress\/wp-content\/uploads\/2024\/07\/web_nature_rec-300x288.jpg 300w, https:\/\/materialplastik.hu\/wordpress\/wp-content\/uploads\/2024\/07\/web_nature_rec-768x736.jpg 768w, https:\/\/materialplastik.hu\/wordpress\/wp-content\/uploads\/2024\/07\/web_nature_rec-1536x1472.jpg 1536w, https:\/\/materialplastik.hu\/wordpress\/wp-content\/uploads\/2024\/07\/web_nature_rec-2048x1963.jpg 2048w\" sizes=\"(max-width: 750px) 100vw, 750px\" \/>\t\t\t\t\t\t\t\t\t\t\t\t\t\t\t<\/div>\n\t\t\t\t<\/div>\n\t\t\t\t<\/div>\n\t\t\t\t\t<\/div>\n\t\t\t\t<\/div>\n\t\t<div class=\"elementor-element elementor-element-c362d15 e-flex e-con-boxed elementor-invisible e-con e-parent\" data-id=\"c362d15\" data-element_type=\"container\" data-settings=\"{&quot;animation&quot;:&quot;fadeInLeft&quot;}\">\n\t\t\t\t\t<div class=\"e-con-inner\">\n\t\t<div class=\"elementor-element elementor-element-abae676 e-con-full e-flex e-con e-child\" data-id=\"abae676\" data-element_type=\"container\">\n\t\t\t\t<div class=\"elementor-element elementor-element-00b0d7a elementor-widget elementor-widget-image\" data-id=\"00b0d7a\" data-element_type=\"widget\" data-widget_type=\"image.default\">\n\t\t\t\t<div class=\"elementor-widget-container\">\n\t\t\t\t\t\t\t\t\t\t\t\t\t\t\t<img loading=\"lazy\" decoding=\"async\" width=\"750\" height=\"500\" src=\"https:\/\/materialplastik.hu\/wordpress\/wp-content\/uploads\/2024\/07\/The-7-Lab-Tests-You-Should-Get-For-Optimal-Health.jpg\" class=\"attachment-large size-large wp-image-101\" alt=\"\" srcset=\"https:\/\/materialplastik.hu\/wordpress\/wp-content\/uploads\/2024\/07\/The-7-Lab-Tests-You-Should-Get-For-Optimal-Health.jpg 1024w, https:\/\/materialplastik.hu\/wordpress\/wp-content\/uploads\/2024\/07\/The-7-Lab-Tests-You-Should-Get-For-Optimal-Health-300x200.jpg 300w, https:\/\/materialplastik.hu\/wordpress\/wp-content\/uploads\/2024\/07\/The-7-Lab-Tests-You-Should-Get-For-Optimal-Health-768x512.jpg 768w, https:\/\/materialplastik.hu\/wordpress\/wp-content\/uploads\/2024\/07\/The-7-Lab-Tests-You-Should-Get-For-Optimal-Health-360x240.jpg 360w\" sizes=\"(max-width: 750px) 100vw, 750px\" \/>\t\t\t\t\t\t\t\t\t\t\t\t\t\t\t<\/div>\n\t\t\t\t<\/div>\n\t\t\t\t<\/div>\n\t\t<div class=\"elementor-element elementor-element-8507bc9 e-con-full e-flex e-con e-child\" data-id=\"8507bc9\" data-element_type=\"container\">\n\t\t\t\t<div class=\"elementor-element elementor-element-be7ec30 elementor-widget elementor-widget-heading\" data-id=\"be7ec30\" data-element_type=\"widget\" data-widget_type=\"heading.default\">\n\t\t\t\t<div class=\"elementor-widget-container\">\n\t\t\t\t\t<h1 class=\"elementor-heading-title elementor-size-default\">Produktpr\u00fcfungen, Zertifizierungen<\/h1>\t\t\t\t<\/div>\n\t\t\t\t<\/div>\n\t\t\t\t<div class=\"elementor-element elementor-element-5766e41 elementor-widget elementor-widget-text-editor\" data-id=\"5766e41\" data-element_type=\"widget\" data-widget_type=\"text-editor.default\">\n\t\t\t\t<div class=\"elementor-widget-container\">\n\t\t\t\t\t\t\t\t\t<p>Unser Unternehmen l\u00e4sst seine gesamte Produktpalette in regelm\u00e4\u00dfigen Abst\u00e4nden einer Pr\u00fcfung unterziehen. Die Labortests werden von der unabh\u00e4ngigen Gesellschaft \u201eEurofins Food &amp; Feed Testing\u201c durchgef\u00fchrt.<\/p>\t\t\t\t\t\t\t\t<\/div>\n\t\t\t\t<\/div>\n\t\t\t\t<\/div>\n\t\t\t\t\t<\/div>\n\t\t\t\t<\/div>\n\t\t<div class=\"elementor-element elementor-element-ade0da5 e-flex e-con-boxed e-con e-parent\" data-id=\"ade0da5\" data-element_type=\"container\">\n\t\t\t\t\t<div class=\"e-con-inner\">\n\t\t\t\t<div class=\"elementor-element elementor-element-e40c32e elementor-widget elementor-widget-spacer\" data-id=\"e40c32e\" data-element_type=\"widget\" data-widget_type=\"spacer.default\">\n\t\t\t\t<div class=\"elementor-widget-container\">\n\t\t\t\t\t\t\t<div class=\"elementor-spacer\">\n\t\t\t<div class=\"elementor-spacer-inner\"><\/div>\n\t\t<\/div>\n\t\t\t\t\t\t<\/div>\n\t\t\t\t<\/div>\n\t\t\t\t\t<\/div>\n\t\t\t\t<\/div>\n\t\t\t\t<\/div>\n\t\t","protected":false},"excerpt":{"rendered":"<p>Ein Unternehmen, ein Ziel, ein Team&#8230; &#8230;unser Leitspruch verdeutlicht die Bedeutung des Zusammenspiels und der Verantwortung nicht nur gegen\u00fcber unseren Kunden, sondern auch miteinander. Alle tragen zum Erfolg bei und profitieren von dem Ergebnis. Unsere Mitarbeiterinnen und Mitarbeiter sind stolz darauf f\u00fcr unser Unternehmen zu arbeiten und empfehlen uns gerne [&hellip;]<\/p>\n","protected":false},"author":1,"featured_media":0,"parent":0,"menu_order":0,"comment_status":"closed","ping_status":"closed","template":"page-templates\/template-pagebuilder-full-width.php","meta":{"footnotes":""},"class_list":["post-1008","page","type-page","status-publish","hentry"],"_links":{"self":[{"href":"https:\/\/materialplastik.hu\/wordpress\/wp-json\/wp\/v2\/pages\/1008","targetHints":{"allow":["GET"]}}],"collection":[{"href":"https:\/\/materialplastik.hu\/wordpress\/wp-json\/wp\/v2\/pages"}],"about":[{"href":"https:\/\/materialplastik.hu\/wordpress\/wp-json\/wp\/v2\/types\/page"}],"author":[{"embeddable":true,"href":"https:\/\/materialplastik.hu\/wordpress\/wp-json\/wp\/v2\/users\/1"}],"replies":[{"embeddable":true,"href":"https:\/\/materialplastik.hu\/wordpress\/wp-json\/wp\/v2\/comments?post=1008"}],"version-history":[{"count":16,"href":"https:\/\/materialplastik.hu\/wordpress\/wp-json\/wp\/v2\/pages\/1008\/revisions"}],"predecessor-version":[{"id":1726,"href":"https:\/\/materialplastik.hu\/wordpress\/wp-json\/wp\/v2\/pages\/1008\/revisions\/1726"}],"wp:attachment":[{"href":"https:\/\/materialplastik.hu\/wordpress\/wp-json\/wp\/v2\/media?parent=1008"}],"curies":[{"name":"wp","href":"https:\/\/api.w.org\/{rel}","templated":true}]}}